{"id":235300,"date":"2024-07-02T11:36:29","date_gmt":"2024-07-02T09:36:29","guid":{"rendered":"https:\/\/www.sago-bikes.com\/timeline\/"},"modified":"2025-08-15T14:46:43","modified_gmt":"2025-08-15T12:46:43","slug":"chronologie","status":"publish","type":"page","link":"https:\/\/www.sago-bikes.com\/fr\/chronologie\/","title":{"rendered":"Chronologie"},"content":{"rendered":"<p>[et_pb_section fb_built=\u00a0\u00bb1&Prime; _builder_version=\u00a0\u00bb4.25.2&Prime; _module_preset=\u00a0\u00bbdefault\u00a0\u00bb global_colors_info=\u00a0\u00bb{}\u00a0\u00bb][et_pb_row _builder_version=\u00a0\u00bb4.25.2&Prime; _module_preset=\u00a0\u00bbdefault\u00a0\u00bb global_colors_info=\u00a0\u00bb{}\u00a0\u00bb][et_pb_column type=\u00a0\u00bb4_4&Prime; _builder_version=\u00a0\u00bb4.25.2&Prime; _module_preset=\u00a0\u00bbdefault\u00a0\u00bb global_colors_info=\u00a0\u00bb{}\u00a0\u00bb][et_pb_text _builder_version=\u00a0\u00bb4.27.0&Prime; _module_preset=\u00a0\u00bbdefault\u00a0\u00bb header_text_align=\u00a0\u00bbcenter\u00a0\u00bb header_font_size=\u00a0\u00bb40px\u00a0\u00bb header_2_text_align=\u00a0\u00bbcenter\u00a0\u00bb custom_margin=\u00a0\u00bb||25px||false|false\u00a0\u00bb custom_padding=\u00a0\u00bb||50px||false|false\u00a0\u00bb header_font_size_tablet=\u00a0\u00bb40px\u00a0\u00bb header_font_size_phone=\u00a0\u00bb40px\u00a0\u00bb header_font_size_last_edited=\u00a0\u00bbon|phone\u00a0\u00bb global_colors_info=\u00a0\u00bb{}\u00a0\u00bb]<\/p>\n<h1>NOTRE HISTOIRE<\/h1>\n<p>[\/et_pb_text][dipl_timeline select_timeline_layout=\u00a0\u00bbdipl_date_tree\u00a0\u00bb global_timeline_icon_color=\u00a0\u00bb#aabeb3&Prime; timeline_bar_shape_border_fill_color=\u00a0\u00bb#70b741&Prime; _builder_version=\u00a0\u00bb4.27.3&Prime; _module_preset=\u00a0\u00bbdefault\u00a0\u00bb hover_enabled=\u00a0\u00bb0&Prime; global_colors_info=\u00a0\u00bb{}\u00a0\u00bb sticky_enabled=\u00a0\u00bb0&Prime;][dipl_timeline_item timeline_title=\u00a0\u00bbD\u00c9BUT\u00a0\u00bb display_time=\u00a0\u00bbon\u00a0\u00bb timeline_custom_time=\u00a0\u00bb2015&Prime; _builder_version=\u00a0\u00bb4.27.0&Prime; _module_preset=\u00a0\u00bbdefault\u00a0\u00bb global_colors_info=\u00a0\u00bb{}\u00a0\u00bb]<\/p>\n<p>L&rsquo;histoire de SAGO Bikes GmbH commence en avril 2015, lorsque Christophe Grosjean, un passionn\u00e9 de v\u00e9lo de route, reprend le magasin de v\u00e9los Hafenradler \u00e0 Kehl, y compris l&rsquo;inventaire de marques renomm\u00e9es telles que CUBE, Scott, Victoria, Excelsior, Lapierre et VSF-Fahrradmanufaktur.<\/p>\n<p>[\/dipl_timeline_item][dipl_timeline_item timeline_title=\u00a0\u00bbCR\u00c9ATION DE SAGO BIKES\u00a0\u00bb display_time=\u00a0\u00bbon\u00a0\u00bb timeline_custom_time=\u00a0\u00bb2016&Prime; _builder_version=\u00a0\u00bb4.27.0&Prime; _module_preset=\u00a0\u00bbdefault\u00a0\u00bb global_colors_info=\u00a0\u00bb{}\u00a0\u00bb]<\/p>\n<p>En 2016, l&rsquo;entreprise est renomm\u00e9e SAGO Bikes Sport, le nom \u00e9tant form\u00e9 \u00e0 partir des pr\u00e9noms des filles de Grosjean, Sarah et Margot.<\/p>\n<p>[\/dipl_timeline_item][dipl_timeline_item timeline_title=\u00a0\u00bbNOUVELLE ORIENTATION\u00a0\u00bb display_time=\u00a0\u00bbon\u00a0\u00bb timeline_custom_time=\u00a0\u00bb2017&Prime; _builder_version=\u00a0\u00bb4.27.0&Prime; _module_preset=\u00a0\u00bbdefault\u00a0\u00bb global_colors_info=\u00a0\u00bb{}\u00a0\u00bb]En 2017, SAGO Bikes oriente son assortiment vers les v\u00e9los \u00e0 assistance \u00e9lectriques pour r\u00e9pondre \u00e0 la demande croissante et au march\u00e9 en expansion.[\/dipl_timeline_item][dipl_timeline_item timeline_title=\u00a0\u00bbEXPERT E-BIKE BOSCH\u00a0\u00bb display_time=\u00a0\u00bbon\u00a0\u00bb timeline_custom_time=\u00a0\u00bb2018&Prime; _builder_version=\u00a0\u00bb4.27.0&Prime; _module_preset=\u00a0\u00bbdefault\u00a0\u00bb global_colors_info=\u00a0\u00bb{}\u00a0\u00bb]En 2018, l&rsquo;entreprise re\u00e7oit la certification Bosch e-Bike Expert, soulignant son expertise et sa sp\u00e9cialisation dans la technologie Bosch, et son engagement envers des produits de haute qualit\u00e9 et un service exceptionnel dans le secteur des v\u00e9los \u00e0 assistance \u00e9lectriques.[\/dipl_timeline_item][dipl_timeline_item timeline_title=\u00a0\u00bb\u00c9LARGISSEMENT DE L&rsquo;ASSORTIMENT\u00a0\u00bb display_time=\u00a0\u00bbon\u00a0\u00bb timeline_custom_time=\u00a0\u00bb2019&Prime; _builder_version=\u00a0\u00bb4.27.0&Prime; _module_preset=\u00a0\u00bbdefault\u00a0\u00bb global_colors_info=\u00a0\u00bb{}\u00a0\u00bb]En 2019, SAGO Bikes GmbH \u00e9tend son assortiment avec les marques KTM, Conway et Trek, offrant ainsi \u00e0 ses clients une plus grande s\u00e9lection de v\u00e9los de haute qualit\u00e9.[\/dipl_timeline_item][dipl_timeline_item timeline_title=\u00a0\u00bbD\u00c9M\u00c9NAGEMENT\u00a0\u00bb display_time=\u00a0\u00bbon\u00a0\u00bb timeline_custom_time=\u00a0\u00bb2020&Prime; _builder_version=\u00a0\u00bb4.27.0&Prime; _module_preset=\u00a0\u00bbdefault\u00a0\u00bb global_colors_info=\u00a0\u00bb{}\u00a0\u00bb]En mars 2020, l&rsquo;entreprise d\u00e9m\u00e9nage dans de nouveaux locaux pour r\u00e9pondre \u00e0 l&rsquo;int\u00e9r\u00eat croissant pour les v\u00e9los \u00e0 assistance \u00e9lectriques.[\/dipl_timeline_item][dipl_timeline_item timeline_title=\u00a0\u00bbCube Center\u00a0\u00bb display_time=\u00a0\u00bbon\u00a0\u00bb timeline_custom_time=\u00a0\u00bb2021&Prime; _builder_version=\u00a0\u00bb4.27.0&Prime; _module_preset=\u00a0\u00bbdefault\u00a0\u00bb global_colors_info=\u00a0\u00bb{}\u00a0\u00bb]En 2021, SAGO Bikes GmbH devient Cube Center, \u00e9largissant ainsi son offre avec des v\u00e9los et accessoires de la marque Cube. Cette d\u00e9cision strat\u00e9gique renforce la position de l&rsquo;entreprise sur le march\u00e9 et souligne son accent sur l&rsquo;excellence et l&rsquo;innovation.[\/dipl_timeline_item][dipl_timeline_item timeline_title=\u00a0\u00bbBIKES CAMP AU MONT VENTOUX\u00a0\u00bb display_time=\u00a0\u00bbon\u00a0\u00bb timeline_custom_time=\u00a0\u00bb2022&Prime; _builder_version=\u00a0\u00bb4.27.0&Prime; _module_preset=\u00a0\u00bbdefault\u00a0\u00bb global_colors_info=\u00a0\u00bb{}\u00a0\u00bb]En 2022, SAGO Bikes organise son premier Bike Camp au Mont Ventoux, offrant aux clients une exp\u00e9rience de v\u00e9lo inoubliable dans l&rsquo;une des r\u00e9gions montagneuses les plus c\u00e9l\u00e8bres de France. Cet \u00e9v\u00e9nement renforce la position de l&rsquo;entreprise en tant que leader sur le march\u00e9 du v\u00e9lo et souligne son engagement envers le cyclisme.[\/dipl_timeline_item][dipl_timeline_item timeline_title=\u00a0\u00bbTOURS (FOR\u00caT NOIRE ET ALSACE)\u00a0\u00bb display_time=\u00a0\u00bbon\u00a0\u00bb timeline_custom_time=\u00a0\u00bb2023&Prime; _builder_version=\u00a0\u00bb4.27.0&Prime; _module_preset=\u00a0\u00bbdefault\u00a0\u00bb global_colors_info=\u00a0\u00bb{}\u00a0\u00bb]En 2023, SAGO Bikes GmbH propose des tours guid\u00e9s \u00e0 travers la For\u00eat Noire et l\u2019Alsace, permettant aux clients de d\u00e9couvrir les avantages et le plaisir du v\u00e9lo avec des v\u00e9los \u00e0 assistance electrique. Ces tours offrent aux participants la possibilit\u00e9 de vivre la performance et la polyvalence des v\u00e9los \u00e0 assistance \u00e9lectriques tout en am\u00e9liorant leurs comp\u00e9tences avec ces v\u00e9los.[\/dipl_timeline_item][dipl_timeline_item timeline_title=\u00a0\u00bbNouveau site, K\u00f6nigsberger Str. 9a\u00a0\u00bb display_time=\u00a0\u00bbon\u00a0\u00bb timeline_custom_time=\u00a0\u00bb2024&Prime; _builder_version=\u00a0\u00bb4.27.3&Prime; _module_preset=\u00a0\u00bbdefault\u00a0\u00bb hover_enabled=\u00a0\u00bb0&Prime; global_colors_info=\u00a0\u00bb{}\u00a0\u00bb sticky_enabled=\u00a0\u00bb0&Prime;]Fin 2024, SAGO Bikes GmbH emm\u00e9nage dans ses nouveaux locaux situ\u00e9s au 9a, K\u00f6nigsberger Str. Ce site moderne offre plus d\u2019espace pour l\u2019exposition, l\u2019atelier et le service, afin de proposer \u00e0 nos clients une exp\u00e9rience d\u2019achat encore meilleure et un accompagnement optimal autour du v\u00e9lo \u00e0 assistance \u00e9lectrique. Avec cette \u00e9tape, l\u2019entreprise se dote de moyens pour de futures innovations et une croissance continue.[\/dipl_timeline_item][\/dipl_timeline][\/et_pb_column][\/et_pb_row][\/et_pb_section]<\/p>\n","protected":false},"excerpt":{"rendered":"<p>NOTRE HISTOIRE<div class=\"et_pb_module dipl_timeline dipl_timeline_0\">\n\t\t\t\t\n\t\t\t\t\n\t\t\t\t\n\t\t\t\t\n\t\t\t\t\n\t\t\t\t\n\t\t\t\t<div class=\"et_pb_module_inner\">\n\t\t\t\t\t<div class=\"dipl_timeline_alternate\"><div class=\"dipl_timeline_wrapper\">\n                            \n                        <\/div><div class=\"dipl_timeline_alternate_stem dipl_date_tree_stem\"><div class=\"dipl_stem_wrapper\"><div class=\"dipl_stem\"><\/div><\/div><\/div><\/div>\n\t\t\t\t<\/div>\n\t\t\t<\/div><div class=\"et_pb_module dipl_timeline_item dipl_timeline_item_0\">\n\t\t\t\t<div class=\"dipl_date_tree dipl_timeline_item_wrapper\">       \n                                <div class=\"dipl_stem_center\"><div class=\"dipl_time_wrapper\"><div class=\"dipl_item_time\">2015<\/div><\/div><\/div>\n                                <div class=\"dipl_item_content\">\n                                \t<div class=\"dipl_item_content_inner\">\n\t                                    \n\t                                    <h3 class=\"dipl_item_title\">D\u00c9BUT<\/h3>\n\t                                    \n\t                                    <span class=\"dipl_triangle\"><\/span>\n\t                                <\/div>\n                                <\/div>\n                                <div class=\"dipl_date_container\"><\/div>\n                            <\/div>\n\t\t\t<\/div>L&rsquo;histoire de SAGO Bikes GmbH commence en avril 2015, lorsque Christophe Grosjean, un passionn\u00e9 de v\u00e9lo de route, reprend le magasin de v\u00e9los Hafenradler \u00e0 Kehl, y compris l&rsquo;inventaire de marques renomm\u00e9es telles que CUBE, Scott, Victoria, Excelsior, Lapierre et [&hellip;]<\/p>\n","protected":false},"author":1,"featured_media":0,"parent":0,"menu_order":0,"comment_status":"closed","ping_status":"closed","template":"","meta":{"_et_pb_use_builder":"on","_et_pb_old_content":"","_et_gb_content_width":"","footnotes":""},"class_list":["post-235300","page","type-page","status-publish","hentry"],"_links":{"self":[{"href":"https:\/\/www.sago-bikes.com\/fr\/wp-json\/wp\/v2\/pages\/235300","targetHints":{"allow":["GET"]}}],"collection":[{"href":"https:\/\/www.sago-bikes.com\/fr\/wp-json\/wp\/v2\/pages"}],"about":[{"href":"https:\/\/www.sago-bikes.com\/fr\/wp-json\/wp\/v2\/types\/page"}],"author":[{"embeddable":true,"href":"https:\/\/www.sago-bikes.com\/fr\/wp-json\/wp\/v2\/users\/1"}],"replies":[{"embeddable":true,"href":"https:\/\/www.sago-bikes.com\/fr\/wp-json\/wp\/v2\/comments?post=235300"}],"version-history":[{"count":10,"href":"https:\/\/www.sago-bikes.com\/fr\/wp-json\/wp\/v2\/pages\/235300\/revisions"}],"predecessor-version":[{"id":238904,"href":"https:\/\/www.sago-bikes.com\/fr\/wp-json\/wp\/v2\/pages\/235300\/revisions\/238904"}],"wp:attachment":[{"href":"https:\/\/www.sago-bikes.com\/fr\/wp-json\/wp\/v2\/media?parent=235300"}],"curies":[{"name":"wp","href":"https:\/\/api.w.org\/{rel}","templated":true}]}}