{"id":235307,"date":"2024-06-27T10:49:24","date_gmt":"2024-06-27T08:49:24","guid":{"rendered":"https:\/\/www.sago-bikes.com\/about-us\/"},"modified":"2025-08-15T14:44:53","modified_gmt":"2025-08-15T12:44:53","slug":"a-propos-de-nous","status":"publish","type":"page","link":"https:\/\/www.sago-bikes.com\/fr\/a-propos-de-nous\/","title":{"rendered":"\u00c0 propos de nous"},"content":{"rendered":"<p>[et_pb_section fb_built=\u00a0\u00bb1&Prime; _builder_version=\u00a0\u00bb4.25.2&Prime; _module_preset=\u00a0\u00bbdefault\u00a0\u00bb use_background_color_gradient=\u00a0\u00bbon\u00a0\u00bb background_color_gradient_direction=\u00a0\u00bb90deg\u00a0\u00bb background_color_gradient_stops=\u00a0\u00bbrgba(0,0,0,0.25) 0%|rgba(0,0,0,0.25) 100%\u00a0\u00bb background_color_gradient_overlays_image=\u00a0\u00bbon\u00a0\u00bb background_color_gradient_start=\u00a0\u00bbrgba(0,0,0,0.25)\u00a0\u00bb background_color_gradient_end=\u00a0\u00bbrgba(0,0,0,0.25)\u00a0\u00bb background_image=\u00a0\u00bbhttps:\/\/www.sago-bikes.com\/wp-content\/uploads\/2024\/07\/helena-lopes-e3OUQGT9bWU-unsplash-scaled.jpg\u00a0\u00bb box_shadow_style=\u00a0\u00bbpreset6&Prime; box_shadow_blur=\u00a0\u00bb24px\u00a0\u00bb box_shadow_color=\u00a0\u00bbrgba(0,0,0,0.2)\u00a0\u00bb global_colors_info=\u00a0\u00bb{}\u00a0\u00bb][et_pb_row _builder_version=\u00a0\u00bb4.16&Prime; _module_preset=\u00a0\u00bbdefault\u00a0\u00bb max_width=\u00a0\u00bb100%\u00a0\u00bb custom_padding=\u00a0\u00bb150px|0px|150px|0px|true|true\u00a0\u00bb global_colors_info=\u00a0\u00bb{}\u00a0\u00bb][et_pb_column type=\u00a0\u00bb4_4&Prime; _builder_version=\u00a0\u00bb4.16&Prime; _module_preset=\u00a0\u00bbdefault\u00a0\u00bb global_colors_info=\u00a0\u00bb{}\u00a0\u00bb][et_pb_text _builder_version=\u00a0\u00bb4.27.0&Prime; _module_preset=\u00a0\u00bbdefault\u00a0\u00bb header_text_color=\u00a0\u00bb#FFFFFF\u00a0\u00bb header_font_size=\u00a0\u00bb60px\u00a0\u00bb header_text_align_tablet=\u00a0\u00bbcenter\u00a0\u00bb header_text_align_phone=\u00a0\u00bbcenter\u00a0\u00bb header_text_align_last_edited=\u00a0\u00bbon|desktop\u00a0\u00bb header_font_size_tablet=\u00a0\u00bb\u00a0\u00bb header_font_size_phone=\u00a0\u00bb38px\u00a0\u00bb header_font_size_last_edited=\u00a0\u00bbon|phone\u00a0\u00bb header_text_shadow_style=\u00a0\u00bbpreset2&Prime; header_text_shadow_horizontal_length=\u00a0\u00bb0.02em\u00a0\u00bb header_text_shadow_vertical_length=\u00a0\u00bb0.02em\u00a0\u00bb header_text_shadow_blur_strength=\u00a0\u00bb0.05em\u00a0\u00bb header_text_shadow_color=\u00a0\u00bbrgba(0,0,0,0.2)\u00a0\u00bb global_colors_info=\u00a0\u00bb{}\u00a0\u00bb]<\/p>\n<h1>\u00c0 propos de nous<\/h1>\n<p>[\/et_pb_text][\/et_pb_column][\/et_pb_row][\/et_pb_section][et_pb_section fb_built=\u00a0\u00bb1&Prime; _builder_version=\u00a0\u00bb4.16&Prime; _module_preset=\u00a0\u00bbdefault\u00a0\u00bb global_colors_info=\u00a0\u00bb{}\u00a0\u00bb][et_pb_row _builder_version=\u00a0\u00bb4.16&Prime; _module_preset=\u00a0\u00bbdefault\u00a0\u00bb custom_padding=\u00a0\u00bb||75px||false|false\u00a0\u00bb global_colors_info=\u00a0\u00bb{}\u00a0\u00bb][et_pb_column type=\u00a0\u00bb4_4&Prime; _builder_version=\u00a0\u00bb4.16&Prime; _module_preset=\u00a0\u00bbdefault\u00a0\u00bb global_colors_info=\u00a0\u00bb{}\u00a0\u00bb][et_pb_text _builder_version=\u00a0\u00bb4.27.0&Prime; _module_preset=\u00a0\u00bbdefault\u00a0\u00bb header_2_text_align=\u00a0\u00bbcenter\u00a0\u00bb custom_margin=\u00a0\u00bb||25px||false|false\u00a0\u00bb global_colors_info=\u00a0\u00bb{}\u00a0\u00bb]<\/p>\n<h2>NOTRE HISTOIRE<\/h2>\n<p>[\/et_pb_text][et_pb_divider _builder_version=\u00a0\u00bb4.16&Prime; _module_preset=\u00a0\u00bbdefault\u00a0\u00bb width=\u00a0\u00bb100px\u00a0\u00bb module_alignment=\u00a0\u00bbcenter\u00a0\u00bb custom_margin=\u00a0\u00bb||0px||false|false\u00a0\u00bb global_colors_info=\u00a0\u00bb{}\u00a0\u00bb][\/et_pb_divider][et_pb_text _builder_version=\u00a0\u00bb4.27.3&Prime; _module_preset=\u00a0\u00bbdefault\u00a0\u00bb text_font_size=\u00a0\u00bb16px\u00a0\u00bb text_line_height=\u00a0\u00bb1.4em\u00a0\u00bb text_orientation=\u00a0\u00bbcenter\u00a0\u00bb width=\u00a0\u00bb55%\u00a0\u00bb width_tablet=\u00a0\u00bb100%\u00a0\u00bb width_phone=\u00a0\u00bb\u00a0\u00bb width_last_edited=\u00a0\u00bbon|desktop\u00a0\u00bb module_alignment=\u00a0\u00bbcenter\u00a0\u00bb hover_enabled=\u00a0\u00bb0&Prime; global_colors_info=\u00a0\u00bb{}\u00a0\u00bb sticky_enabled=\u00a0\u00bb0&Prime;]<\/p>\n<p>L\u2019histoire de SAGO Bikes GmbH commence en avril 2015 avec l\u2019achat du magasin de v\u00e9los Hafenradler \u00e0 Kehl par le propri\u00e9taire actuel, Christophe Grosjean, un passionn\u00e9 de v\u00e9lo de route. En 2016, l&rsquo;entreprise a \u00e9t\u00e9 rebaptis\u00e9e SAGO Bikes Sport, le nom \u00e9tant form\u00e9 \u00e0 partir des pr\u00e9noms de ses filles, Sarah et Margot.<\/p>\n<p>En 2017, l\u2019entreprise a orient\u00e9 son assortiment vers les v\u00e9los \u00e0 assistance \u00e9lectrique, car le march\u00e9 et l\u2019int\u00e9r\u00eat des clients pour ces produits \u00e9taient en croissance. Un an plus tard, SAGO Bikes a \u00e9t\u00e9 certifi\u00e9e comme Bosch e-Bike Expert, soulignant l\u2019engagement de l&rsquo;entreprise envers une technologie de haute qualit\u00e9 et un service de premier ordre pour les v\u00e9los \u00e0 assistance \u00e9lectriques.<\/p>\n<p>En 2019, SAGO Bikes a \u00e9largi son assortiment en ajoutant les marques KTM, Conway et Trek. En mars 2020, l&rsquo;entreprise a d\u00e9m\u00e9nag\u00e9 dans de nouveaux locaux pour r\u00e9pondre \u00e0 l\u2019int\u00e9r\u00eat croissant pour les v\u00e9los \u00e0 assistance \u00e9lectriques. En 2021, SAGO Bikes est devenu un Cube Center, enrichissant ainsi son offre avec des v\u00e9los et des accessoires de la marque Cube.<\/p>\n<p>En 2022, SAGO Bikes GmbH a organis\u00e9 son premier Bike Camp au Mont Ventoux, offrant aux clients une exp\u00e9rience inoubliable dans l&rsquo;une des r\u00e9gions montagneuses les plus connues de France. L&rsquo;ann\u00e9e suivante, en 2023, l&rsquo;entreprise a propos\u00e9 des tours guid\u00e9s \u00e0 travers la For\u00eat Noire et l\u2019Alsace, permettant aux clients de d\u00e9couvrir les avantages et le plaisir du v\u00e9lo avec des v\u00e9los \u00e0 assistance \u00e9lectriques.<\/p>\n<p>2024 \u2013 Nouveau site, K\u00f6nigsberger Str. 9a<br \/>\nFin 2024, SAGO Bikes s\u2019installe dans des locaux modernes et spacieux au 9a, K\u00f6nigsberger Str. \u00e0 Kehl, offrant plus d\u2019espace pour l\u2019exposition, l\u2019atelier et le service.<br \/>\n[\/et_pb_text][\/et_pb_column][\/et_pb_row][\/et_pb_section][et_pb_section fb_built=\u00a0\u00bb1&Prime; fullwidth=\u00a0\u00bbon\u00a0\u00bb _builder_version=\u00a0\u00bb4.25.2&Prime; _module_preset=\u00a0\u00bbdefault\u00a0\u00bb global_colors_info=\u00a0\u00bb{}\u00a0\u00bb][et_pb_fullwidth_image src=\u00a0\u00bbhttps:\/\/www.sago-bikes.com\/wp-content\/uploads\/2024\/07\/naassom-azevedo-Q_Sei-TqSlc-unsplash2-1.jpg\u00a0\u00bb alt=\u00a0\u00bbSago Bikes &#8211; \u00c0 propos de nous\u00a0\u00bb title_text=\u00a0\u00bbnaassom-azevedo-Q_Sei-TqSlc-unsplash2&Prime; _builder_version=\u00a0\u00bb4.27.0&Prime; _module_preset=\u00a0\u00bbdefault\u00a0\u00bb global_colors_info=\u00a0\u00bb{}\u00a0\u00bb][\/et_pb_fullwidth_image][\/et_pb_section][et_pb_section fb_built=\u00a0\u00bb1&Prime; _builder_version=\u00a0\u00bb4.16&Prime; _module_preset=\u00a0\u00bbdefault\u00a0\u00bb global_colors_info=\u00a0\u00bb{}\u00a0\u00bb][et_pb_row column_structure=\u00a0\u00bb1_2,1_2&Prime; _builder_version=\u00a0\u00bb4.16&Prime; _module_preset=\u00a0\u00bbdefault\u00a0\u00bb custom_padding=\u00a0\u00bb||50px||false|false\u00a0\u00bb global_colors_info=\u00a0\u00bb{}\u00a0\u00bb][et_pb_column type=\u00a0\u00bb1_2&Prime; _builder_version=\u00a0\u00bb4.16&Prime; _module_preset=\u00a0\u00bbdefault\u00a0\u00bb global_colors_info=\u00a0\u00bb{}\u00a0\u00bb][et_pb_text _builder_version=\u00a0\u00bb4.27.0&Prime; _module_preset=\u00a0\u00bbdefault\u00a0\u00bb header_2_text_align=\u00a0\u00bbleft\u00a0\u00bb custom_margin=\u00a0\u00bb||25px||false|false\u00a0\u00bb global_colors_info=\u00a0\u00bb{}\u00a0\u00bb]<\/p>\n<h2>PARTENAIRE CUBE BIKES <\/h2>\n<p>[\/et_pb_text][et_pb_divider _builder_version=\u00a0\u00bb4.16&Prime; _module_preset=\u00a0\u00bbdefault\u00a0\u00bb width=\u00a0\u00bb100px\u00a0\u00bb module_alignment=\u00a0\u00bbleft\u00a0\u00bb custom_margin=\u00a0\u00bb||0px||false|false\u00a0\u00bb global_colors_info=\u00a0\u00bb{}\u00a0\u00bb][\/et_pb_divider][et_pb_text _builder_version=\u00a0\u00bb4.27.0&Prime; _module_preset=\u00a0\u00bbdefault\u00a0\u00bb custom_margin=\u00a0\u00bb15px||||false|false\u00a0\u00bb global_colors_info=\u00a0\u00bb{}\u00a0\u00bb]<\/p>\n<p>Chez SAGO Bikes Gmbh, nous sommes un partenaire officiel de Cube. Notre d\u00e9cision d&rsquo;inclure Cube dans notre assortiment repose sur la conviction que les v\u00e9los Cube offrent des standards de qualit\u00e9 \u00e9lev\u00e9s et des technologies innovantes qui permettent \u00e0 nos clients de vivre une exp\u00e9rience de conduite in\u00e9gal\u00e9e. En tant que partenaire Cube, nous pouvons offrir \u00e0 nos clients une large gamme de v\u00e9los et d&rsquo;accessoires de cette marque renomm\u00e9e, connue pour sa durabilit\u00e9, sa fiabilit\u00e9 et ses performances exceptionnelles.<\/p>\n<p>Pour vous en tant qu&rsquo;acheteur, cela signifie:<\/p>\n<ol>\n<li><strong>Choix vari\u00e9:<\/strong> Nous vous proposons une s\u00e9lection compl\u00e8te de v\u00e9los Cube, allant des VTT aux v\u00e9los de route en passant par lesv\u00e9los \u00e0 assistance \u00e9lectriques, couvrant tous vos besoins et pr\u00e9f\u00e9rences.<\/li>\n<li><strong>Mod\u00e8les exclusifs:<\/strong> En tant que partenaire Cube, nous avons acc\u00e8s \u00e0 des mod\u00e8les exclusifs et aux derni\u00e8res innovations que vous ne trouverez pas ailleurs.<\/li>\n<li><strong>Conseils comp\u00e9tents:<\/strong> Notre personnel form\u00e9 poss\u00e8de une connaissance approfondie des produits Cube et peut vous aider \u00e0 choisir le v\u00e9lo parfait avec expertise.<\/li>\n<li><strong>Service de premier ordre:<\/strong> Profitez de notre service et support sp\u00e9cial, directement coordonn\u00e9 avec Cube, pour garantir que votre v\u00e9lo reste toujours en parfait \u00e9tat.<\/li>\n<li><strong>Acc\u00e8s aux accessoires:<\/strong> Nous proposons une large gamme d\u2019accessoires et de pi\u00e8ces de rechange originaux Cube, parfaitement adapt\u00e9s \u00e0 votre v\u00e9lo, pour rendre vos trajets encore plus agr\u00e9ables et s\u00fbrs.<\/li>\n<\/ol>\n<p>Notre objectif est de vous offrir non seulement un produit de haute qualit\u00e9, mais aussi une exp\u00e9rience d&rsquo;achat compl\u00e8te et satisfaisante gr\u00e2ce \u00e0 notre partenariat avec Cube.<\/p>\n<p>[\/et_pb_text][\/et_pb_column][et_pb_column type=\u00a0\u00bb1_2&Prime; _builder_version=\u00a0\u00bb4.16&Prime; _module_preset=\u00a0\u00bbdefault\u00a0\u00bb global_colors_info=\u00a0\u00bb{}\u00a0\u00bb][et_pb_text _builder_version=\u00a0\u00bb4.27.0&Prime; _module_preset=\u00a0\u00bbdefault\u00a0\u00bb header_2_text_align=\u00a0\u00bbleft\u00a0\u00bb custom_margin=\u00a0\u00bb||25px||false|false\u00a0\u00bb global_colors_info=\u00a0\u00bb{}\u00a0\u00bb]<\/p>\n<h2>NOTRE MISSION<\/h2>\n<p>[\/et_pb_text][et_pb_divider _builder_version=\u00a0\u00bb4.16&Prime; _module_preset=\u00a0\u00bbdefault\u00a0\u00bb width=\u00a0\u00bb100px\u00a0\u00bb module_alignment=\u00a0\u00bbleft\u00a0\u00bb custom_margin=\u00a0\u00bb||0px||false|false\u00a0\u00bb global_colors_info=\u00a0\u00bb{}\u00a0\u00bb][\/et_pb_divider][et_pb_text _builder_version=\u00a0\u00bb4.27.0&Prime; _module_preset=\u00a0\u00bbdefault\u00a0\u00bb custom_margin=\u00a0\u00bb15px||||false|false\u00a0\u00bb global_colors_info=\u00a0\u00bb{}\u00a0\u00bb]<\/p>\n<p>Chez SAGO Bikes, notre mission est de promouvoir la passion du cyclisme et d&rsquo;offrir \u00e0 nos clients la meilleure exp\u00e9rience de conduite possible. Nous visons \u00e0 devenir le premier choix pour les passionn\u00e9s de v\u00e9lo gr\u00e2ce \u00e0 un assortiment soigneusement s\u00e9lectionn\u00e9 de v\u00e9los et v\u00e9los \u00e0 assistance \u00e9lectriques de haute qualit\u00e9, ainsi qu&rsquo;\u00e0 un service excellent et des conseils experts. Nos objectifs comprennent:<\/p>\n<ol>\n<li><strong>Qualit\u00e9 et diversit\u00e9:<\/strong> Nous proposons une large gamme de v\u00e9los et de v\u00e9los \u00e0 assistance \u00e9lectriques de haute qualit\u00e9, r\u00e9pondant aux besoins et pr\u00e9f\u00e9rences vari\u00e9s de nos clients.<\/li>\n<li><strong>Satisfaction client:<\/strong> Nous attachons une grande importance \u00e0 un conseil personnel et comp\u00e9tent pour garantir que chaque client trouve le v\u00e9lo parfait et soit pleinement satisfait.<\/li>\n<li><strong>Innovation et expertise:<\/strong> Gr\u00e2ce \u00e0 une formation continue et \u00e0 des certifications, comme celle de Bosch e-Bike Expert, nous restons toujours \u00e0 la pointe de la technologie et offrons \u00e0 nos clients des produits innovants et fiables.<\/li>\n<li><strong>Communaut\u00e9 et exp\u00e9riences:<\/strong> Avec des \u00e9v\u00e9nements tels que notre Bike Camp et des tours guid\u00e9s, nous cr\u00e9ons des exp\u00e9riences inoubliables et favorisons la communaut\u00e9 parmi les passionn\u00e9s de v\u00e9lo.<\/li>\n<li><strong>Durabilit\u00e9 et responsabilit\u00e9:<\/strong> Nous soutenons la mobilit\u00e9 \u00e9cologique et nous engageons \u00e0 adopter des pratiques durables pour contribuer positivement \u00e0 la soci\u00e9t\u00e9 et \u00e0 l&rsquo;environnement.<\/li>\n<\/ol>\n<p>Chez SAGO Bikes, nous sommes convaincus que le cyclisme n&rsquo;est pas seulement un sport ou une activit\u00e9 de loisirs, mais un mode de vie apportant joie, sant\u00e9 et libert\u00e9. Notre mission est de partager cette passion et de devenir un leader dans l&rsquo;industrie du v\u00e9lo.<\/p>\n<p>[\/et_pb_text][\/et_pb_column][\/et_pb_row][\/et_pb_section][et_pb_section fb_built=\u00a0\u00bb1&Prime; _builder_version=\u00a0\u00bb4.25.2&Prime; _module_preset=\u00a0\u00bbdefault\u00a0\u00bb background_image=\u00a0\u00bbhttps:\/\/www.sago-bikes.com\/wp-content\/uploads\/2024\/07\/Portugal.Cube_2023_01_07604_low-1.jpg\u00a0\u00bb custom_padding=\u00a0\u00bb0px||5px||false|false\u00a0\u00bb global_colors_info=\u00a0\u00bb{}\u00a0\u00bb][et_pb_row column_structure=\u00a0\u00bb1_2,1_2&Prime; use_custom_gutter=\u00a0\u00bbon\u00a0\u00bb gutter_width=\u00a0\u00bb1&Prime; make_equal=\u00a0\u00bbon\u00a0\u00bb _builder_version=\u00a0\u00bb4.16&Prime; _module_preset=\u00a0\u00bbdefault\u00a0\u00bb width=\u00a0\u00bb100%\u00a0\u00bb max_width=\u00a0\u00bb100%\u00a0\u00bb custom_padding=\u00a0\u00bb0px||0px||true|false\u00a0\u00bb global_colors_info=\u00a0\u00bb{}\u00a0\u00bb][et_pb_column type=\u00a0\u00bb1_2&Prime; _builder_version=\u00a0\u00bb4.16&Prime; _module_preset=\u00a0\u00bbdefault\u00a0\u00bb background_image=\u00a0\u00bbhttp:\/\/twopixels-test-server.nl\/divicommerce\/wp-content\/uploads\/2021\/03\/header-2.jpg\u00a0\u00bb custom_padding=\u00a0\u00bb40vh||40vh||true|false\u00a0\u00bb background_last_edited=\u00a0\u00bbon|desktop\u00a0\u00bb border_color_all=\u00a0\u00bb#FFFFFF\u00a0\u00bb border_width_right=\u00a0\u00bb5px\u00a0\u00bb border_width_right_tablet=\u00a0\u00bb0px\u00a0\u00bb border_width_right_phone=\u00a0\u00bb\u00a0\u00bb border_width_right_last_edited=\u00a0\u00bbon|tablet\u00a0\u00bb border_width_bottom_tablet=\u00a0\u00bb5px\u00a0\u00bb border_width_bottom_phone=\u00a0\u00bb\u00a0\u00bb border_width_bottom_last_edited=\u00a0\u00bbon|tablet\u00a0\u00bb global_colors_info=\u00a0\u00bb{}\u00a0\u00bb][et_pb_divider show_divider=\u00a0\u00bboff\u00a0\u00bb _builder_version=\u00a0\u00bb4.16&Prime; _module_preset=\u00a0\u00bbdefault\u00a0\u00bb global_colors_info=\u00a0\u00bb{}\u00a0\u00bb][\/et_pb_divider][\/et_pb_column][et_pb_column type=\u00a0\u00bb1_2&Prime; _builder_version=\u00a0\u00bb4.16&Prime; _module_preset=\u00a0\u00bbdefault\u00a0\u00bb background_image=\u00a0\u00bbhttp:\/\/twopixels-test-server.nl\/divicommerce\/wp-content\/uploads\/2021\/03\/header-14-1.jpg\u00a0\u00bb custom_padding=\u00a0\u00bb40vh||40vh||true|false\u00a0\u00bb border_color_all=\u00a0\u00bb#FFFFFF\u00a0\u00bb global_colors_info=\u00a0\u00bb{}\u00a0\u00bb][et_pb_divider show_divider=\u00a0\u00bboff\u00a0\u00bb _builder_version=\u00a0\u00bb4.16&Prime; _module_preset=\u00a0\u00bbdefault\u00a0\u00bb global_colors_info=\u00a0\u00bb{}\u00a0\u00bb][\/et_pb_divider][\/et_pb_column][\/et_pb_row][\/et_pb_section]<\/p>\n","protected":false},"excerpt":{"rendered":"<p>\u00c0 propos de nousNOTRE HISTOIREL\u2019histoire de SAGO Bikes GmbH commence en avril 2015 avec l\u2019achat du magasin de v\u00e9los Hafenradler \u00e0 Kehl par le propri\u00e9taire actuel, Christophe Grosjean, un passionn\u00e9 de v\u00e9lo de route. En 2016, l&rsquo;entreprise a \u00e9t\u00e9 rebaptis\u00e9e SAGO Bikes Sport, le nom \u00e9tant form\u00e9 \u00e0 partir des pr\u00e9noms de ses filles, Sarah [&hellip;]<\/p>\n","protected":false},"author":1,"featured_media":0,"parent":0,"menu_order":0,"comment_status":"closed","ping_status":"closed","template":"","meta":{"_et_pb_use_builder":"on","_et_pb_old_content":"","_et_gb_content_width":"","footnotes":""},"class_list":["post-235307","page","type-page","status-publish","hentry"],"_links":{"self":[{"href":"https:\/\/www.sago-bikes.com\/fr\/wp-json\/wp\/v2\/pages\/235307","targetHints":{"allow":["GET"]}}],"collection":[{"href":"https:\/\/www.sago-bikes.com\/fr\/wp-json\/wp\/v2\/pages"}],"about":[{"href":"https:\/\/www.sago-bikes.com\/fr\/wp-json\/wp\/v2\/types\/page"}],"author":[{"embeddable":true,"href":"https:\/\/www.sago-bikes.com\/fr\/wp-json\/wp\/v2\/users\/1"}],"replies":[{"embeddable":true,"href":"https:\/\/www.sago-bikes.com\/fr\/wp-json\/wp\/v2\/comments?post=235307"}],"version-history":[{"count":6,"href":"https:\/\/www.sago-bikes.com\/fr\/wp-json\/wp\/v2\/pages\/235307\/revisions"}],"predecessor-version":[{"id":238902,"href":"https:\/\/www.sago-bikes.com\/fr\/wp-json\/wp\/v2\/pages\/235307\/revisions\/238902"}],"wp:attachment":[{"href":"https:\/\/www.sago-bikes.com\/fr\/wp-json\/wp\/v2\/media?parent=235307"}],"curies":[{"name":"wp","href":"https:\/\/api.w.org\/{rel}","templated":true}]}}