{"id":238228,"date":"2024-11-08T11:23:43","date_gmt":"2024-11-08T10:23:43","guid":{"rendered":"https:\/\/www.sago-bikes.com\/product\/cube-reaction-hybrid-pro-800-dustyolivengold-4\/"},"modified":"2024-11-08T11:24:22","modified_gmt":"2024-11-08T10:24:22","slug":"cube-reaction-hybrid-pro-800-dustyolivengold-4","status":"publish","type":"product","link":"https:\/\/www.sago-bikes.com\/fr\/product\/cube-reaction-hybrid-pro-800-dustyolivengold-4\/","title":{"rendered":"Cube Reaction Hybrid Pro 800 dustyolive\u00b4n\u00b4gold"},"content":{"rendered":"<p>Le Reaction Hybrid Pro 800 combine la polyvalence d\u0092un v\u00e9lo de montagne \u00e0 la facilit\u00e9 d&rsquo;utilisation aliment\u00e9e par Bosch et au savoir-faire de conception de CUBE. Abordez n&rsquo;importe quel itin\u00e9raire, hors route ou sur route, avec facilit\u00e9 gr\u00e2ce \u00e0 une batterie de 800 Wh et \u00e0 une unit\u00e9 motrice Bosch CX douce et silencieuse. Et, avec sa transmission Shimano XT 12 vitesses des plus faciles \u00e0 utiliser, vous disposez de tout ce dont vous avez besoin pour aborder en tout confort n\u0092importe quelle c\u00f4te. Pour descendre l\u0092autre versant, nous l\u0092avons \u00e9quip\u00e9 de puissants freins \u00e0 disques hydrauliques Shimano et de pneus 2,6 pouces Schwalbe bien adh\u00e9rents. Il dispose \u00e9galement d\u0092une fourche \u00e0 ressorts pneumatiques avec un d\u00e9battement de 120 mm (100 mm pour les cadres de petite taille et pour tous les mod\u00e8les Easy Entry) et d\u0092une tige de selle t\u00e9lescopique pour plus de confort et de contr\u00f4le sur les sentiers les plus accident\u00e9s. Tout y est ,\u00a0le reste d\u00e9pend de vous.<\/p>\n","protected":false},"excerpt":{"rendered":"<p>REACTION HYBRID<\/p>\n","protected":false},"featured_media":236842,"comment_status":"open","ping_status":"closed","template":"","meta":{"_et_pb_use_builder":"","_et_pb_old_content":"","_et_gb_content_width":""},"product_cat":[69],"product_tag":[],"class_list":{"0":"post-238228","1":"product","2":"type-product","3":"status-publish","4":"has-post-thumbnail","6":"product_cat-velos-electriques","7":"pa_batterie-bosch-powertube-800-2","8":"pa_bremse-shimano-br-mt200-hydr-disc-brake-180-2","9":"pa_farbe-dustyolivengold-2","10":"pa_felgen-cube-ex30-32h-disc-tubeless-ready-2","11":"pa_gabel-sr-suntour-x1-32-lo-r-air-tapered-15x110mm-120mm-275-100mm-2","12":"pa_gewicht-251-kg-2","13":"pa_griffe-acid-react-pro-2","14":"pa_groessen-trapeze-size-split-27-5-s-29-m-l-xl-2","15":"pa_jahr-2025-2","16":"pa_kassette-shimano-deore-cs-m6100-10-51t-2","17":"pa_kettenfuehrung-reverse-flip-guide-e-chain-guide-direct-mount-i-plate-2","18":"pa_kurbelgarnitur-acid-mtb-hybrid-pro-38t-2","19":"pa_ladegeraet-bosch-2a-2","20":"pa_lenker-cube-rise-trail-bar-35-2","21":"pa_motor-bosch-drive-unit-performance-line-cx-85nm-bdu38-smart-system-2","22":"pa_nabehinten-cube-engineered-by-newmen-12mm-boost-centerlock-2","23":"pa_nabevorn-cube-engineered-by-newmen-15mm-boost-centerlock-2","24":"pa_pedale-acid-pp-mtb-2","25":"pa_rahmen-aluminum-superlite-gravity-casting-technology-agile-ride-geometry-boost-148-udh-full-integrated-battery-advanced-internal-cable-routing-kickstand-fender-carrier-mounting-points-integrate-2","26":"pa_rahmenbeschreibung-il-a-lair-familier-mais-ce-sont-les-details-de-conception-du-reaction-hybrid-qui-le-font-sortir-du-lot-avec-sa-batterie-powertube-de-800-wh-soigneusement-dissimulee-et-son-unite-motrice-bosch","27":"pa_reifen-schwalbe-smart-sam-active-2-6-2","28":"pa_remote-bosch-purion-200-w-integrated-display-2","29":"pa_sattel-acid-sequence-pro-160-2","30":"pa_sattelstuetze-cube-dropper-post-handlebar-lever-internal-cable-routing-31-6mm-2","31":"pa_schalthebel-shimano-deore-sl-m6100-r-rapidfire-plus-2","32":"pa_schaltwerk-shimano-xt-rd-m8100-sgs-shadowplus-12-speed-2","33":"pa_steuersatz-acros-azf-1034-icr-integrated-cable-routing-top-zero-stack-1-1-2-zs-56mm-bottom-zero-stack-1-1-2-zs-56mm-2","34":"pa_typ-mountainbike-2","35":"pa_unterkategorie-hardtail-fr","36":"pa_vorbau-cube-performance-stem-e-mtb-35-fpi-link-2","38":"first","39":"instock","40":"sale","41":"purchasable","42":"product-type-simple"},"_links":{"self":[{"href":"https:\/\/www.sago-bikes.com\/fr\/wp-json\/wp\/v2\/product\/238228","targetHints":{"allow":["GET"]}}],"collection":[{"href":"https:\/\/www.sago-bikes.com\/fr\/wp-json\/wp\/v2\/product"}],"about":[{"href":"https:\/\/www.sago-bikes.com\/fr\/wp-json\/wp\/v2\/types\/product"}],"replies":[{"embeddable":true,"href":"https:\/\/www.sago-bikes.com\/fr\/wp-json\/wp\/v2\/comments?post=238228"}],"wp:featuredmedia":[{"embeddable":true,"href":"https:\/\/www.sago-bikes.com\/fr\/wp-json\/wp\/v2\/media\/236842"}],"wp:attachment":[{"href":"https:\/\/www.sago-bikes.com\/fr\/wp-json\/wp\/v2\/media?parent=238228"}],"wp:term":[{"taxonomy":"product_cat","embeddable":true,"href":"https:\/\/www.sago-bikes.com\/fr\/wp-json\/wp\/v2\/product_cat?post=238228"},{"taxonomy":"product_tag","embeddable":true,"href":"https:\/\/www.sago-bikes.com\/fr\/wp-json\/wp\/v2\/product_tag?post=238228"}],"curies":[{"name":"wp","href":"https:\/\/api.w.org\/{rel}","templated":true}]}}