{"id":238285,"date":"2024-11-08T11:24:32","date_gmt":"2024-11-08T10:24:32","guid":{"rendered":"https:\/\/www.sago-bikes.com\/product\/cube-kathmandu-hybrid-exc-800-lizardnjuniper-4\/"},"modified":"2024-11-08T11:24:34","modified_gmt":"2024-11-08T10:24:34","slug":"cube-kathmandu-hybrid-exc-800-lizardnjuniper-4","status":"publish","type":"product","link":"https:\/\/www.sago-bikes.com\/fr\/product\/cube-kathmandu-hybrid-exc-800-lizardnjuniper-4\/","title":{"rendered":"Cube Kathmandu Hybrid EXC 800 lizard\u00b4n\u00b4juniper"},"content":{"rendered":"<p>Le Kathmandu Hybrid EXC 800 de CUBE est con\u00e7u pour aller partout. Nous avons commenc\u00e9 avec le moteur CX de Bosch et une batterie PowerTube de 800 Wh, pour vous offrir jusqu&rsquo;\u00e0 85 Nm d&rsquo;assistance au p\u00e9dalage sur le chemin du travail ou de l&rsquo;aventure. Nous avons ensuite opt\u00e9 pour la l\u00e9gendaire transmission XT 1&#215;12 vitesses de Shimano, pour sa vaste plage et ses performances fiables. En outre, les freins \u00e0 disque hydrauliques Shimano XT vous permettront de toujours ralentir et vous arr\u00eater en toute s\u00e9curit\u00e9. La touche finale : une fourche suspendue Fox 34 AWL Sport douce et confortable. Mais ce n&rsquo;est pas tout, car il y a bien s\u00fbr \u00e9galement une potence r\u00e9glable, une tige de selle suspendue ainsi que notre Integrated Carrier 3.0 solide, \u00e9l\u00e9gant et polyvalent, plus toute une gamme d&rsquo;accessoires.<\/p>\n","protected":false},"excerpt":{"rendered":"<p>KATHMANDU HYBRID<\/p>\n","protected":false},"featured_media":237535,"comment_status":"open","ping_status":"open","template":"","meta":{"_et_pb_use_builder":"","_et_pb_old_content":"","_et_gb_content_width":""},"product_cat":[69],"product_tag":[],"class_list":{"0":"post-238285","1":"product","2":"type-product","3":"status-publish","4":"has-post-thumbnail","6":"product_cat-velos-electriques","7":"pa_batterie-bosch-powertube-800-2","8":"pa_bremse-shimano-xt-br-m8120-hydr-disc-brake-180-180-2","9":"pa_display-bosch-kiox-500-2","10":"pa_farbe-lizardnjuniper-2","11":"pa_felgen-cube-ex25-32h-disc-tubeless-ready-2","12":"pa_gabel-fox-34-float-sport-awl-tapered-15x110mm-e-bike-optimized-100mm-2","13":"pa_gepaecktraeger-acid-integrated-carrier-3-0-cube-adapter-compatible-2","14":"pa_gewicht-291-kg-2","15":"pa_glocke-easy-bell-2","16":"pa_griffe-acid-travel-comfort-2","17":"pa_groessen-easy-entry-xs-46cm-s-50cm-m-54cm-l-58cm-xl-62cm-2","18":"pa_jahr-2025-2","19":"pa_kassette-shimano-deore-cs-m6100-10-51t-2","20":"pa_kette-kmc-e12-2","21":"pa_kurbelgarnitur-acid-mtb-hybrid-pro-2","22":"pa_ladegeraet-bosch-2a-2","23":"pa_lenker-cube-comfort-trail-bar-700mm-2","24":"pa_motor-bosch-drive-unit-performance-line-cx-85nm-bdu38-smart-system-2","25":"pa_nabehinten-cube-engineered-by-newmen-12mm-boost-centerlock-2","26":"pa_nabevorn-cube-engineered-by-newmen-15mm-boost-centerlock-2","27":"pa_pedale-acid-pp-mtb-2","28":"pa_rahmen-aluminium-superlite-gravity-casting-technology-efficient-comfort-geometry-boost148-fully-integrated-battery-integrated-carrier-3-0-advanced-internal-cable-routing-1-5-headtube-2","29":"pa_rahmenbeschreibung-le-cadre-easy-entry-du-kathmandu-hybrid-est-concu-pour-tenir-ses-promesses-rendant-le-cyclisme-aventureux-aussi-accessible-et-simple-que-possible-le-moteur-bosch-cx-soigneusement-integre-et-la-b","30":"pa_reifen-schwalbe-energizer-plus-performance-green-guard-55-622-2","31":"pa_remote-bosch-led-remote-2","32":"pa_ruecklicht-acid-mudguard-rear-light-pro-e-12v-dc-2","33":"pa_sattel-acid-sequence-pro-plus-2","34":"pa_sattelstuetze-cube-suspension-seatpost-hd-31-6mm-2","35":"pa_schalthebel-shimano-deore-sl-m6100-ir-direct-attach-2","36":"pa_schaltwerk-shimano-xt-rd-m8100-sgs-shadowplus-12-speed-2","37":"pa_scheinwerfer-acid-front-light-pro-e-150-x-connect-12v-dc-2","38":"pa_schutzblech-acid-65-integrated-carrier-3-0-2","39":"pa_staender-acid-fm-pure-kickstand-2","40":"pa_steuersatz-acros-azf-1035-icr-integrated-cable-routing-top-zero-stack-1-1-2-zs-56mm-bottom-zero-stack-1-1-2-zs-56mm-hic-2","41":"pa_typ-city-tour-2","42":"pa_unterkategorie-on-road-fr","43":"pa_vorbau-cube-comfort-stem-pro-31-8mm-adjustable-2","45":"first","46":"instock","47":"purchasable","48":"product-type-simple"},"_links":{"self":[{"href":"https:\/\/www.sago-bikes.com\/fr\/wp-json\/wp\/v2\/product\/238285","targetHints":{"allow":["GET"]}}],"collection":[{"href":"https:\/\/www.sago-bikes.com\/fr\/wp-json\/wp\/v2\/product"}],"about":[{"href":"https:\/\/www.sago-bikes.com\/fr\/wp-json\/wp\/v2\/types\/product"}],"replies":[{"embeddable":true,"href":"https:\/\/www.sago-bikes.com\/fr\/wp-json\/wp\/v2\/comments?post=238285"}],"wp:featuredmedia":[{"embeddable":true,"href":"https:\/\/www.sago-bikes.com\/fr\/wp-json\/wp\/v2\/media\/237535"}],"wp:attachment":[{"href":"https:\/\/www.sago-bikes.com\/fr\/wp-json\/wp\/v2\/media?parent=238285"}],"wp:term":[{"taxonomy":"product_cat","embeddable":true,"href":"https:\/\/www.sago-bikes.com\/fr\/wp-json\/wp\/v2\/product_cat?post=238285"},{"taxonomy":"product_tag","embeddable":true,"href":"https:\/\/www.sago-bikes.com\/fr\/wp-json\/wp\/v2\/product_tag?post=238285"}],"curies":[{"name":"wp","href":"https:\/\/api.w.org\/{rel}","templated":true}]}}