{"id":238295,"date":"2024-11-08T11:24:00","date_gmt":"2024-11-08T10:24:00","guid":{"rendered":"https:\/\/www.sago-bikes.com\/product\/cube-supreme-hybrid-comfort-slx-625-blacknmetal-2\/"},"modified":"2024-11-08T11:24:37","modified_gmt":"2024-11-08T10:24:37","slug":"cube-supreme-hybrid-comfort-slx-625-blacknmetal-2","status":"publish","type":"product","link":"https:\/\/www.sago-bikes.com\/fr\/product\/cube-supreme-hybrid-comfort-slx-625-blacknmetal-2\/","title":{"rendered":"Cube Supreme Hybrid Comfort SLX 625 black\u00b4n\u00b4metal"},"content":{"rendered":"<p>On ne peut plus simple. Le Supreme Hybrid Comfort SLX 625 utilise le moteur CX le plus puissant de Bosch pour une assistance au p\u00e9dalage allant jusqu&rsquo;\u00e0 85 Nm. Avec le moyeu Trekking \u00e0 large plage de vitesses en continu d&rsquo;Enviolo et une batterie PowerTube de 625 Wh, c&rsquo;est votre ticket pour faire du v\u00e9lo sans tracas partout o\u00f9 vous souhaitez aller. Une fourche suspendue pneumatique RockShox Paragon Gold et une tige de selle suspendue vous facilitent la t\u00e2che, de puissants freins \u00e0 disque hydrauliques Shimano \u00e0 quatre pistons assurent votre s\u00e9curit\u00e9, et l&rsquo;ensemble d&rsquo;accessoires fourni (comprenant un porte-bagages semi-int\u00e9gr\u00e9, une b\u00e9quille, des garde-boue et un kit d&rsquo;\u00e9clairage) en font un v\u00e9lo qui s&rsquo;int\u00e9grera parfaitement dans votre vie bien remplie.<\/p>\n","protected":false},"excerpt":{"rendered":"<p>SUPREME HYBRID COMFORT<\/p>\n","protected":false},"featured_media":237656,"comment_status":"open","ping_status":"closed","template":"","meta":{"_et_pb_use_builder":"","_et_pb_old_content":"","_et_gb_content_width":""},"product_cat":[69],"product_tag":[],"class_list":{"0":"post-238295","1":"product","2":"type-product","3":"status-publish","4":"has-post-thumbnail","6":"product_cat-velos-electriques","7":"pa_batterie-bosch-powertube-625-2","8":"pa_bremse-shimano-br-mt410-hydr-disc-brake-180-180-2","9":"pa_display-bosch-kiox-500-2","10":"pa_farbe-blacknmetal-2","11":"pa_felgen-cube-ex25-32h-disc-tubeless-ready-2","12":"pa_gabel-rockshox-paragon-gold-air-50mm-lockout-2","13":"pa_gepaecktraeger-acid-semi-integrated-carrier-acid-rilink-adapter-compatible-2","14":"pa_gewicht-294-kg-2","15":"pa_glocke-acid-alpha-2","16":"pa_griffe-acid-travel-comfort-gripshift-2","17":"pa_groessen-easy-entry-xs-46cm-s-50cm-m-54cm-l-58cm-2","18":"pa_jahr-2025-2","19":"pa_kette-kmc-z610-2","20":"pa_kurbelgarnitur-acid-trekking-hybrid-38t-2","21":"pa_ladegeraet-bosch-2a-2","22":"pa_lenker-cube-comfort-shape-bar-2","23":"pa_motor-bosch-drive-unit-performance-cx-generation-4-85nm-cruise-250watt-smart-system-2","24":"pa_nabehinten-enviolo-trekking-380-6-bolt-135mm-2","25":"pa_nabenritzel-kmc-hg-9-spline-19t-2","26":"pa_nabevorn-shimano-hb-qb400-qr-6-bolt-2","27":"pa_pedale-acid-pp-mtb-2","28":"pa_rahmen-aluminium-superlite-comfort-ride-geometry-tapered-headtube-premium-comfort-and-safety-semi-integrated-carrier-fully-integrated-battery-slider-dropout-2","29":"pa_rahmenbeschreibung-nous-avons-construit-le-cadre-du-supreme-hybrid-pour-quil-soit-simple-sur-elegant-et-pratique-la-conception-powertube-integre-la-batterie-bosch-625-wh-a-linterieur-du-cadre-pour-un-look-e","30":"pa_reifen-schwalbe-marathon-e-plus-50-622-2","31":"pa_remote-bosch-led-remote-2","32":"pa_ruecklicht-acid-mudguard-rear-light-pro-e-12v-dc-2","33":"pa_sattel-acid-shen-pro-2","34":"pa_sattelklemme-cube-screwlock-36mm-2","35":"pa_sattelstuetze-cube-suspension-seatpost-hd-30-9mm-2","36":"pa_schalthebel-enviolo-mc-twist-2","37":"pa_scheinwerfer-acid-front-light-pro-e-60-12v-dc-2","38":"pa_schutzblech-acid-56-bb-mount-2","39":"pa_staender-acid-fm-pure-kickstand-2","40":"pa_steuersatz-acros-azf-1039-1-1-8-straight-top-zero-stack-1-1-8-zs-44mm-bottom-zero-stack-1-1-2-zs-56mm-2","41":"pa_typ-city-tour-2","42":"pa_unterkategorie-on-road-fr","43":"pa_vorbau-cube-comfort-stem-pro-31-8mm-adjustable-2","45":"first","46":"instock","47":"sale","48":"purchasable","49":"product-type-simple"},"_links":{"self":[{"href":"https:\/\/www.sago-bikes.com\/fr\/wp-json\/wp\/v2\/product\/238295","targetHints":{"allow":["GET"]}}],"collection":[{"href":"https:\/\/www.sago-bikes.com\/fr\/wp-json\/wp\/v2\/product"}],"about":[{"href":"https:\/\/www.sago-bikes.com\/fr\/wp-json\/wp\/v2\/types\/product"}],"replies":[{"embeddable":true,"href":"https:\/\/www.sago-bikes.com\/fr\/wp-json\/wp\/v2\/comments?post=238295"}],"wp:featuredmedia":[{"embeddable":true,"href":"https:\/\/www.sago-bikes.com\/fr\/wp-json\/wp\/v2\/media\/237656"}],"wp:attachment":[{"href":"https:\/\/www.sago-bikes.com\/fr\/wp-json\/wp\/v2\/media?parent=238295"}],"wp:term":[{"taxonomy":"product_cat","embeddable":true,"href":"https:\/\/www.sago-bikes.com\/fr\/wp-json\/wp\/v2\/product_cat?post=238295"},{"taxonomy":"product_tag","embeddable":true,"href":"https:\/\/www.sago-bikes.com\/fr\/wp-json\/wp\/v2\/product_tag?post=238295"}],"curies":[{"name":"wp","href":"https:\/\/api.w.org\/{rel}","templated":true}]}}