{"id":238883,"date":"2025-07-25T13:46:13","date_gmt":"2025-07-25T11:46:13","guid":{"rendered":"https:\/\/www.sago-bikes.com\/?post_type=product&#038;p=238883"},"modified":"2025-07-25T13:46:13","modified_gmt":"2025-07-25T11:46:13","slug":"cube-ams-hybrid-one44-c68x-slt-400x-29-carbonngolddust","status":"publish","type":"product","link":"https:\/\/www.sago-bikes.com\/fr\/product\/cube-ams-hybrid-one44-c68x-slt-400x-29-carbonngolddust\/","title":{"rendered":"Cube AMS Hybrid ONE44 C:68X SLT 400X 29 carbon\u00b4n\u00b4golddust"},"content":{"rendered":"<p>Il n\u2019est pas facile de construire un v\u00e9lo tout suspendu ultra l\u00e9ger et aliment\u00e9 par un moteur Bosch. C\u2019est la raison pour laquelle le cadre de l\u2019AMS Hybrid ONE44 C:68X exploite notre carbone C:68X\u00ae le plus avanc\u00e9 pour une robustesse et une rigidit\u00e9 optimales et un poids le moins \u00e9lev\u00e9 possible. Sa batterie de 400 Wh est incorpor\u00e9e dans le tube inf\u00e9rieur, aussi pr\u00e8s que possible d\u2019un nouveau moteur Bosch SX tr\u00e8s l\u00e9ger afin d\u2019am\u00e9liorer le pilotage, et le cadre est compatible avec le syst\u00e8me PowerMore pour un surplus de 250 Wh via une batterie optionnelle. Le passage de c\u00e2bles int\u00e9gr\u00e9 compl\u00e8te parfaitement la silhouette \u00e9l\u00e9gante du cadre et il dispose d\u2019un guide de chaine Direct Mount tr\u00e8s l\u00e9ger. Gr\u00e2ce \u00e0 sa patte de d\u00e9railleur et son jeu de direction avec angle ajustable, vous pouvez peaufiner le pilotage afin qu\u2019il convienne parfaitement \u00e0 votre style. Vous disposez ainsi de tout ce dont vous avez besoin pour rouler aussi vite que possible sur les sentiers.<\/p>\n","protected":false},"excerpt":{"rendered":"<p>Il n\u2019est pas facile de construire un v\u00e9lo tout suspendu ultra l\u00e9ger et aliment\u00e9 par un moteur Bosch. C\u2019est la raison pour laquelle le cadre de l\u2019AMS Hybrid ONE44 C:68X exploite notre carbone C:68X\u00ae le plus avanc\u00e9 pour une robustesse et une rigidit\u00e9 optimales et un poids le moins \u00e9lev\u00e9 possible. Sa batterie de 400 [&hellip;]<\/p>\n","protected":false},"featured_media":238881,"comment_status":"closed","ping_status":"closed","template":"","meta":{"_et_pb_use_builder":"","_et_pb_old_content":"","_et_gb_content_width":""},"product_cat":[69],"product_tag":[],"class_list":{"0":"post-238883","1":"product","2":"type-product","3":"status-publish","4":"has-post-thumbnail","6":"product_cat-velos-electriques","7":"pa_batterie-bosch-compacttube-400-2","8":"pa_bremse-shimano-xtr-br-m9100-hydr-disc-brake-180-180-fr","9":"pa_daempfer-fox-float-factory-210x55mm-adjustable-lsc-w-2-pos-lever-kashima-coated-fr","10":"pa_daempferhardware-front-30x8mm-rear-du-bushing-127mm-2","11":"pa_farbe-carbonngold-2","12":"pa_gabel-fox-34-float-factory-fit-grip2-tapered-15x110mm-140mm-kashima-coated-fr","13":"pa_gewicht-162-fr","14":"pa_griffe-acid-disrupt-soft-compound-2","15":"pa_groessen-s-m-l-xl-2","16":"pa_kassette-shimano-xtr-cs-m9101-12-10-51t-fr","17":"pa_kette-shimano-cn-m9100-fr","18":"pa_kettenfuehrung-reverse-flip-guide-e-chain-guide-direct-mount-i-plate-2","19":"pa_kurbelgarnitur-ethirteen-espec-race-carbon-crank-32t-fr","20":"pa_ladegeraet-bosch-4a-2","21":"pa_laufradsatz-newmen-advanced-sl-a-30-28-28-spokes-15x110mm-12x148mm-tubeless-ready-fr","22":"pa_lenker-vorbaueinheit-cube-stereo-carbon-cockpit-system-fr","23":"pa_maximalgewicht-mit-fahrer-115-kg-2","24":"pa_motor-bosch-drive-unit-performance-sx-55nm-cruise-250-watt-smart-system-2","25":"pa_rahmen-c68x-monocoque-advanced-twin-mold-technology-effiecient-trail-control-fsp-4-link-agile-trail-geometry-boost-148-udh-fixed-integrated-battery-advanced-internal-cable-routing-fr","26":"pa_reifenhinten-maxxis-rekon-race-exo-tubeless-ready-2-4-wt-fr","27":"pa_reifenvorn-maxxis-rekon-maxxterra-exo-tubeless-ready-2-4-wt-fr","28":"pa_remote-bosch-system-control-incl-mini-remote-2","29":"pa_sattel-natural-fit-nuance-slt-carbon-fr","30":"pa_sattelklemme-cube-screwlock-34-9mm-2","31":"pa_sattelstuetze-fox-transfer-sl-factory-31-6mm-kashima-coated-fr","32":"pa_schalthebel-shimano-xtr-sl-m9100-i-direct-attach-fr","33":"pa_schaltwerk-shimano-xtr-rd-m9100-sgs-shadowplus-12-speed-fr","34":"pa_steuersatz-acros-azf-675-icr-integrated-cable-routing-top-zero-stack-1-1-2-zs-56mm-bottom-zero-stack-1-1-2-zs-56mm-fiber-inserts-for-angle-adjustment-2","35":"pa_typ-mountainbike-2","36":"pa_unterkategorie-fully-fr","38":"first","39":"instock","40":"sale","41":"shipping-taxable","42":"purchasable","43":"product-type-simple"},"_links":{"self":[{"href":"https:\/\/www.sago-bikes.com\/fr\/wp-json\/wp\/v2\/product\/238883","targetHints":{"allow":["GET"]}}],"collection":[{"href":"https:\/\/www.sago-bikes.com\/fr\/wp-json\/wp\/v2\/product"}],"about":[{"href":"https:\/\/www.sago-bikes.com\/fr\/wp-json\/wp\/v2\/types\/product"}],"replies":[{"embeddable":true,"href":"https:\/\/www.sago-bikes.com\/fr\/wp-json\/wp\/v2\/comments?post=238883"}],"wp:featuredmedia":[{"embeddable":true,"href":"https:\/\/www.sago-bikes.com\/fr\/wp-json\/wp\/v2\/media\/238881"}],"wp:attachment":[{"href":"https:\/\/www.sago-bikes.com\/fr\/wp-json\/wp\/v2\/media?parent=238883"}],"wp:term":[{"taxonomy":"product_cat","embeddable":true,"href":"https:\/\/www.sago-bikes.com\/fr\/wp-json\/wp\/v2\/product_cat?post=238883"},{"taxonomy":"product_tag","embeddable":true,"href":"https:\/\/www.sago-bikes.com\/fr\/wp-json\/wp\/v2\/product_tag?post=238883"}],"curies":[{"name":"wp","href":"https:\/\/api.w.org\/{rel}","templated":true}]}}