{"id":240368,"date":"2025-10-01T17:04:45","date_gmt":"2025-10-01T15:04:45","guid":{"rendered":"https:\/\/www.sago-bikes.com\/product\/cube-stereo-hybrid-one22-pro-600-nightnchrome-2\/"},"modified":"2025-10-01T17:05:30","modified_gmt":"2025-10-01T15:05:30","slug":"cube-stereo-hybrid-one22-pro-600-nightnchrome","status":"publish","type":"product","link":"https:\/\/www.sago-bikes.com\/fr\/product\/cube-stereo-hybrid-one22-pro-600-nightnchrome\/","title":{"rendered":"Cube Stereo Hybrid ONE22 Pro 600 night\u00b4n\u00b4chrome"},"content":{"rendered":"<p>Un bon v\u00e9lo tout suspendu fait deux choses : il vous donne plus de contr\u00f4le et vous permet d&rsquo;\u00eatre plus \u00e0 l&rsquo;aise m\u00eame sur les sentiers accident\u00e9s. La cin\u00e9matique \u00e9prouv\u00e9e du Stereo Hybrid ONE22 Pro 600, avec la fourche suspendue pneumatique Suntour et l&rsquo;amortisseur arri\u00e8re, est la cl\u00e9 qui vous permet de rouler en toute s\u00e9curit\u00e9. La transmission Shimano Cues \u00e0 1&#215;10 vitesses fonctionnent avec le syst\u00e8me d&rsquo;entra\u00eenement Bosch CX, la batterie 600Wh et le contr\u00f4leur Purion 600 pour vous propulser vers l&rsquo;avant. Les puissants freins \u00e0 disque hydrauliques Shimano et les pneus Schwalbe Smart Sam 2,6 pouces garantissent une parfaite ma\u00eetrise de la situation. Allez. Exploration.<\/p>\n","protected":false},"excerpt":{"rendered":"<p>STEREO HYBRID ONE22<\/p>\n","protected":false},"featured_media":238908,"comment_status":"open","ping_status":"open","template":"","meta":{"_et_pb_use_builder":"","_et_pb_old_content":"","_et_gb_content_width":""},"product_cat":[69],"product_tag":[],"class_list":{"0":"post-240368","1":"product","2":"type-product","3":"status-publish","4":"has-post-thumbnail","6":"product_cat-velos-electriques","7":"pa_batterie-bosch-powertube-600-2","8":"pa_bremse-shimano-br-mt420-hydr-disc-brake-203-203-2","9":"pa_daempfer-sr-suntour-edgex-r-185x52-5mm-rebound-adjust-trunnion-mount-2","10":"pa_daempfer-hardware-top-54mm-trunnion-mount-bottom-22-2x8mm-3","11":"pa_farbe-nightnchrome-2","12":"pa_gabel-sr-suntour-xcr34x-2cr-air-tapered-15x110mm-120mm-2","13":"pa_gewicht-258-kg-2","14":"pa_griffe-acid-hybrid-perform-2","15":"pa_groessen-size-split-27-5-s-29-m-l-xl-2","16":"pa_jahr-2026-fr","17":"pa_kassette-shimano-cues-cs-lg300-11-48t-2","18":"pa_kette-kmc-eglide-2","19":"pa_kettenfuehrung-reverse-flip-guide-e-chain-guide-direct-mount-i-plate-2","20":"pa_kurbelgarnitur-acid-mtb-hybrid-pro-38t-2","21":"pa_ladegeraet-bosch-2a-2","22":"pa_laufradsatz-acid-pro-30-32-32-spokes-15x110mm-12x148mm-tubeless-ready-2","23":"pa_lenker-cube-rise-trail-bar-35-2","24":"pa_motor-bosch-drive-unit-performance-line-cx-max-100nm-bdu38-2","25":"pa_pedale-acid-pp-mtb-2","26":"pa_rahmen-aluminum-superlite-gravity-casting-technology-efficient-comfort-control-fsp-4-link-agile-comfort-geometry-boost-148-udh-full-integrated-battery-advanced-internal-cable-routing-kickstand-2","27":"pa_rahmenbeschreibung-notre-explorateur-de-pistes-alimente-par-bosch-regorge-de-touches-soignees-avec-son-systeme-de-suspension-raffine-a-quatre-barres-sa-fourche-suspendue-de-120-mm-avec-fixation-pour-garde-boue","28":"pa_reifen-schwalbe-smart-sam-active-2-6-2","29":"pa_remote-bosch-purion-200-with-integrated-display-2","30":"pa_sattel-acid-venec-emtb-plus-145-2","31":"pa_sattelstuetze-cube-dropper-post-handlebar-lever-internal-cable-routing-31-6mm-2","32":"pa_schalthebel-shimano-cues-sl-u6000-rapidfire-plus-2","33":"pa_schaltwerk-shimano-cues-rd-u6000-gs-10-speed-2","34":"pa_steuersatz-acros-azf-1034-icr-integrated-cable-routing-top-zero-stack-1-1-2-zs-56mm-bottom-zero-stack-1-1-2-zs-56mm-x-connect-interface-2","35":"pa_typ-mountainbike-2","36":"pa_unterkategorie-fully-fr","37":"pa_vorbau-cube-performance-stem-e-mtb-35-fpi-link-2","39":"first","40":"instock","41":"purchasable","42":"product-type-simple"},"_links":{"self":[{"href":"https:\/\/www.sago-bikes.com\/fr\/wp-json\/wp\/v2\/product\/240368","targetHints":{"allow":["GET"]}}],"collection":[{"href":"https:\/\/www.sago-bikes.com\/fr\/wp-json\/wp\/v2\/product"}],"about":[{"href":"https:\/\/www.sago-bikes.com\/fr\/wp-json\/wp\/v2\/types\/product"}],"replies":[{"embeddable":true,"href":"https:\/\/www.sago-bikes.com\/fr\/wp-json\/wp\/v2\/comments?post=240368"}],"wp:featuredmedia":[{"embeddable":true,"href":"https:\/\/www.sago-bikes.com\/fr\/wp-json\/wp\/v2\/media\/238908"}],"wp:attachment":[{"href":"https:\/\/www.sago-bikes.com\/fr\/wp-json\/wp\/v2\/media?parent=240368"}],"wp:term":[{"taxonomy":"product_cat","embeddable":true,"href":"https:\/\/www.sago-bikes.com\/fr\/wp-json\/wp\/v2\/product_cat?post=240368"},{"taxonomy":"product_tag","embeddable":true,"href":"https:\/\/www.sago-bikes.com\/fr\/wp-json\/wp\/v2\/product_tag?post=240368"}],"curies":[{"name":"wp","href":"https:\/\/api.w.org\/{rel}","templated":true}]}}