{"id":240370,"date":"2025-10-01T17:04:45","date_gmt":"2025-10-01T15:04:45","guid":{"rendered":"https:\/\/www.sago-bikes.com\/product\/cube-stereo-hybrid-one22-pro-800-lucidlilacnlime-2\/"},"modified":"2025-10-01T17:05:31","modified_gmt":"2025-10-01T15:05:31","slug":"cube-stereo-hybrid-one22-pro-800-lucidlilacnlime","status":"publish","type":"product","link":"https:\/\/www.sago-bikes.com\/fr\/product\/cube-stereo-hybrid-one22-pro-800-lucidlilacnlime\/","title":{"rendered":"Cube Stereo Hybrid ONE22 Pro 800 lucidlilac\u00b4n\u00b4lime"},"content":{"rendered":"<p>Le Stereo Hybrid ONE22 Pro 800 vous donne le contr\u00f4le. Avec le puissant syst\u00e8me d&rsquo;entra\u00eenement Bosch CX, le contr\u00f4leur Purion 200 et la batterie 800Wh, vous disposez d&rsquo;une assistance au p\u00e9dalage suffisante pour les explorations les plus longues. La fourche suspendue pneumatique Suntour et l&rsquo;amortisseur arri\u00e8re s&rsquo;associent \u00e0 la cin\u00e9matique \u00e9prouv\u00e9e du CUBE pour offrir une adh\u00e9rence au sol des plus confortables. Les pneus Schwalbe de 2,6 pouces, tr\u00e8s adh\u00e9rents, et les freins \u00e0 disque hydrauliques Shimano vous aident \u00e0 contr\u00f4ler votre vitesse. La transmission Shimano Cues \u00e0 1&#215;10 vitesses facile \u00e0 utiliser vous maintiendra en mouvement. Le temps de l&rsquo;exploration est venu&#8230;<\/p>\n","protected":false},"excerpt":{"rendered":"<p>STEREO HYBRID ONE22<\/p>\n","protected":false},"featured_media":238932,"comment_status":"open","ping_status":"open","template":"","meta":{"_et_pb_use_builder":"","_et_pb_old_content":"","_et_gb_content_width":""},"product_cat":[69],"product_tag":[],"class_list":{"0":"post-240370","1":"product","2":"type-product","3":"status-publish","4":"has-post-thumbnail","6":"product_cat-velos-electriques","7":"pa_batterie-bosch-powertube-800-2","8":"pa_bremse-shimano-br-mt420-hydr-disc-brake-203-203-2","9":"pa_daempfer-sr-suntour-edgex-r-185x52-5mm-rebound-adjust-trunnion-mount-2","10":"pa_daempfer-hardware-top-54mm-trunnion-mount-bottom-22-2x8mm-3","11":"pa_farbe-lucidlilacnlime-2","12":"pa_gabel-sr-suntour-xcr34x-2cr-air-tapered-15x110mm-120mm-2","13":"pa_gewicht-268-kg-2","14":"pa_griffe-acid-hybrid-perform-2","15":"pa_groessen-size-split-27-5-s-29-m-l-xl-2","16":"pa_jahr-2026-fr","17":"pa_kassette-shimano-cues-cs-lg300-11-48t-2","18":"pa_kette-kmc-eglide-2","19":"pa_kettenfuehrung-reverse-flip-guide-e-chain-guide-direct-mount-i-plate-2","20":"pa_kurbelgarnitur-acid-mtb-hybrid-pro-38t-2","21":"pa_ladegeraet-bosch-2a-2","22":"pa_laufradsatz-acid-pro-30-32-32-spokes-15x110mm-12x148mm-tubeless-ready-2","23":"pa_lenker-cube-rise-trail-bar-35-2","24":"pa_motor-bosch-drive-unit-performance-line-cx-max-100nm-bdu38-2","25":"pa_pedale-acid-pp-mtb-2","26":"pa_rahmen-aluminum-superlite-gravity-casting-technology-efficient-comfort-control-fsp-4-link-agile-comfort-geometry-boost-148-udh-full-integrated-battery-advanced-internal-cable-routing-kickstand-2","27":"pa_reifen-schwalbe-smart-sam-active-2-6-2","28":"pa_remote-bosch-purion-200-with-integrated-display-2","29":"pa_sattel-acid-venec-emtb-plus-145-2","30":"pa_sattelstuetze-cube-dropper-post-handlebar-lever-internal-cable-routing-31-6mm-2","31":"pa_schalthebel-shimano-cues-sl-u6000-rapidfire-plus-2","32":"pa_schaltwerk-shimano-cues-rd-u6000-gs-10-speed-2","33":"pa_steuersatz-acros-azf-1034-icr-integrated-cable-routing-top-zero-stack-1-1-2-zs-56mm-bottom-zero-stack-1-1-2-zs-56mm-x-connect-interface-2","34":"pa_typ-mountainbike-2","35":"pa_unterkategorie-fully-fr","36":"pa_vorbau-cube-performance-stem-e-mtb-35-fpi-link-2","38":"first","39":"instock","40":"purchasable","41":"product-type-simple"},"_links":{"self":[{"href":"https:\/\/www.sago-bikes.com\/fr\/wp-json\/wp\/v2\/product\/240370","targetHints":{"allow":["GET"]}}],"collection":[{"href":"https:\/\/www.sago-bikes.com\/fr\/wp-json\/wp\/v2\/product"}],"about":[{"href":"https:\/\/www.sago-bikes.com\/fr\/wp-json\/wp\/v2\/types\/product"}],"replies":[{"embeddable":true,"href":"https:\/\/www.sago-bikes.com\/fr\/wp-json\/wp\/v2\/comments?post=240370"}],"wp:featuredmedia":[{"embeddable":true,"href":"https:\/\/www.sago-bikes.com\/fr\/wp-json\/wp\/v2\/media\/238932"}],"wp:attachment":[{"href":"https:\/\/www.sago-bikes.com\/fr\/wp-json\/wp\/v2\/media?parent=240370"}],"wp:term":[{"taxonomy":"product_cat","embeddable":true,"href":"https:\/\/www.sago-bikes.com\/fr\/wp-json\/wp\/v2\/product_cat?post=240370"},{"taxonomy":"product_tag","embeddable":true,"href":"https:\/\/www.sago-bikes.com\/fr\/wp-json\/wp\/v2\/product_tag?post=240370"}],"curies":[{"name":"wp","href":"https:\/\/api.w.org\/{rel}","templated":true}]}}