{"id":240375,"date":"2025-10-01T17:04:45","date_gmt":"2025-10-01T15:04:45","guid":{"rendered":"https:\/\/www.sago-bikes.com\/product\/cube-stereo-hybrid-one44-pro-800-lizardnblack-2\/"},"modified":"2025-10-01T17:05:34","modified_gmt":"2025-10-01T15:05:34","slug":"cube-stereo-hybrid-one44-pro-800-lizardnblack","status":"publish","type":"product","link":"https:\/\/www.sago-bikes.com\/fr\/product\/cube-stereo-hybrid-one44-pro-800-lizardnblack\/","title":{"rendered":"Cube Stereo Hybrid ONE44 Pro 800 lizard\u00b4n\u00b4black"},"content":{"rendered":"<p>Pr\u00eat pour les sentiers difficiles ? Car le Stereo Hybrid ONE44 Pro 800, lui, il l&rsquo;est. Avec le d\u00e9battement de 140 mm de sa fourche \u00e0 suspension pneumatique Suntour et son amortisseur arri\u00e8re, il a ce qu&rsquo;il faut pour garder ses pneus Schwalbe Nobby Nic 2,6 pouces en parfaite adh\u00e9rence avec le sol. Les l\u00e9gendaires vitesses XT 1&#215;12 de Shimano transmettent votre puissance au sentier, tandis que les puissants freins \u00e0 disque hydrauliques Shimano \u00e0 4 pistons avec rotors de 203 mm vous aident \u00e0 contr\u00f4ler votre vitesse. Cela tombe bien, car le moteur Bosch CX, avec une batterie de 800 Wh, est capable de fournir jusqu&rsquo;\u00e0 100 Nm d&rsquo;aide suppl\u00e9mentaire lorsque vous en avez le plus besoin. Avec Size Split, il est facile de trouver l&rsquo;ajustement parfait, et les points de montage SIC 2.0 simplifient la conversion entre les trajets de tourisme et ceux de d\u00e9placement domicile-travail. Il est pr\u00eat !<\/p>\n","protected":false},"excerpt":{"rendered":"<p>STEREO HYBRID ONE44<\/p>\n","protected":false},"featured_media":238994,"comment_status":"open","ping_status":"open","template":"","meta":{"_et_pb_use_builder":"","_et_pb_old_content":"","_et_gb_content_width":""},"product_cat":[69],"product_tag":[],"class_list":{"0":"post-240375","1":"product","2":"type-product","3":"status-publish","4":"has-post-thumbnail","6":"product_cat-velos-electriques","7":"pa_batterie-bosch-powertube-800-2","8":"pa_bremse-shimano-br-mt420-hydr-disc-brake-203-203-2","9":"pa_daempfer-sr-suntour-edgex-r-205x60mm-27-5-185x55mm-rebound-adjust-trunnion-mount-2","10":"pa_daempfer-hardware-top-54mm-trunnion-mount-bottom-22-2x8mm-3","11":"pa_farbe-lizardnblack-2","12":"pa_gabel-sr-suntour-xcr36-2cr-air-tapered-15x110mm-140mm-2","13":"pa_gewicht-266-kg-2","14":"pa_griffe-acid-hybrid-perform-2","15":"pa_groessen-size-split-27-5-s-29-m-l-xl-2","16":"pa_jahr-2026-fr","17":"pa_kassette-shimano-deore-cs-m6100-10-51t-2","18":"pa_kette-kmc-e12-2","19":"pa_kettenfuehrung-reverse-flip-guide-e-chain-guide-direct-mount-i-plate-2","20":"pa_kurbelgarnitur-acid-mtb-hybrid-pro-27-5-36t-29-34t-2","21":"pa_ladegeraet-bosch-2a-2","22":"pa_laufradsatz-acid-slx-30-32-32-spokes-15x110mm-12x148mm-tubeless-ready-2","23":"pa_lenker-cube-rise-trail-bar-35-2","24":"pa_motor-bosch-drive-unit-performance-line-cx-max-100nm-bdu38-2","25":"pa_pedale-acid-pp-mtb-2","26":"pa_rahmen-aluminum-superlite-gravity-casting-technology-efficient-comfort-control-fsp-4-link-agile-comfort-geometry-boost-148-udh-full-integrated-battery-advanced-internal-cable-routing-kickstand-2","27":"pa_rahmenbeschreibung-nous-avons-construit-le-stereo-hybrid-one44-pour-quil-soit-aussi-adaptable-que-performant-avec-sa-batterie-compacte-powertube-de-800-wh-et-son-puissant-moteur-bosch-cx-offrant-jusqua-100-nm-d","28":"pa_reifen-schwalbe-nobby-nic-performance-2-6-2","29":"pa_remote-bosch-purion-200-with-integrated-display-2","30":"pa_sattel-acid-venec-emtb-plus-145-2","31":"pa_sattelstuetze-cube-dropper-post-handlebar-lever-internal-cable-routing-31-6mm-2","32":"pa_schalthebel-shimano-deore-sl-m6100-ir-direct-attach-rapidfire-plus-2","33":"pa_schaltwerk-shimano-xt-rd-m8100-sgs-shadowplus-12-speed-2","34":"pa_steuersatz-acros-azf-1034-icr-integrated-cable-routing-top-zero-stack-1-1-2-zs-56mm-bottom-zero-stack-1-1-2-zs-56mm-x-connect-interface-2","35":"pa_typ-mountainbike-2","36":"pa_unterkategorie-fully-fr","37":"pa_vorbau-cube-performance-stem-e-mtb-35-fpi-link-2","39":"first","40":"instock","41":"purchasable","42":"product-type-simple"},"_links":{"self":[{"href":"https:\/\/www.sago-bikes.com\/fr\/wp-json\/wp\/v2\/product\/240375","targetHints":{"allow":["GET"]}}],"collection":[{"href":"https:\/\/www.sago-bikes.com\/fr\/wp-json\/wp\/v2\/product"}],"about":[{"href":"https:\/\/www.sago-bikes.com\/fr\/wp-json\/wp\/v2\/types\/product"}],"replies":[{"embeddable":true,"href":"https:\/\/www.sago-bikes.com\/fr\/wp-json\/wp\/v2\/comments?post=240375"}],"wp:featuredmedia":[{"embeddable":true,"href":"https:\/\/www.sago-bikes.com\/fr\/wp-json\/wp\/v2\/media\/238994"}],"wp:attachment":[{"href":"https:\/\/www.sago-bikes.com\/fr\/wp-json\/wp\/v2\/media?parent=240375"}],"wp:term":[{"taxonomy":"product_cat","embeddable":true,"href":"https:\/\/www.sago-bikes.com\/fr\/wp-json\/wp\/v2\/product_cat?post=240375"},{"taxonomy":"product_tag","embeddable":true,"href":"https:\/\/www.sago-bikes.com\/fr\/wp-json\/wp\/v2\/product_tag?post=240375"}],"curies":[{"name":"wp","href":"https:\/\/api.w.org\/{rel}","templated":true}]}}