{"id":240376,"date":"2025-10-01T17:04:45","date_gmt":"2025-10-01T15:04:45","guid":{"rendered":"https:\/\/www.sago-bikes.com\/product\/cube-stereo-hybrid-one44-pro-800-fe-vulcannorange-2\/"},"modified":"2025-10-01T17:05:35","modified_gmt":"2025-10-01T15:05:35","slug":"cube-stereo-hybrid-one44-pro-800-fe-vulcannorange","status":"publish","type":"product","link":"https:\/\/www.sago-bikes.com\/fr\/product\/cube-stereo-hybrid-one44-pro-800-fe-vulcannorange\/","title":{"rendered":"Cube Stereo Hybrid ONE44 Pro 800 FE vulcan\u00b4n\u00b4orange"},"content":{"rendered":"<p>Si vous avez toujours r\u00eav\u00e9 de poss\u00e9der un seul v\u00e9lo pour tout faire, c&rsquo;est le v\u00e9lo qui vous permettra de r\u00e9aliser ce r\u00eave. Le Stereo Hybrid ONE44 Pro 800 FE combine la capacit\u00e9 d&rsquo;une suspension compl\u00e8te \u00e0 d\u00e9vorer les sentiers \u00e0 l&rsquo;\u00e9quipement d&rsquo;un v\u00e9lo randonn\u00e9e, afin que vous puissiez vous rendre au travail ou partir en balade le weekend. Ou les deux. Avec 140 mm de suspension Suntour \u00e0 chaque roue, il est \u00e9galement \u00e9quip\u00e9 de puissants freins \u00e0 disque hydrauliques Shimano \u00e0 4 pistons et de pneus Schwalbe de 2,6 pouces tr\u00e8s adh\u00e9rents. Le moteur CX de Bosch, souple et puissant, avec une batterie de 800 Wh, fournit jusqu&rsquo;\u00e0 100 Nm d&rsquo;assistance via la transmission l\u00e9gendaire XT 1&#215;12 vitesses de Shimano, qui est d&rsquo;une fiabilit\u00e9 \u00e0 toute \u00e9preuve. Et les garde-boue, le porte-bagages arri\u00e8re semi-int\u00e9gr\u00e9 et le kit d&rsquo;\u00e9clairage vous offrent tout ce dont vous avez besoin pour tout p\u00e9riple sur deux roues.<\/p>\n","protected":false},"excerpt":{"rendered":"<p>STEREO HYBRID ONE44<\/p>\n","protected":false},"featured_media":239006,"comment_status":"open","ping_status":"open","template":"","meta":{"_et_pb_use_builder":"","_et_pb_old_content":"","_et_gb_content_width":""},"product_cat":[69],"product_tag":[],"class_list":{"0":"post-240376","1":"product","2":"type-product","3":"status-publish","4":"has-post-thumbnail","6":"product_cat-velos-electriques","7":"pa_batterie-bosch-powertube-800-2","8":"pa_bremse-shimano-br-mt420-hydr-disc-brake-203-203-2","9":"pa_daempfer-sr-suntour-edgex-r-205x60mm-27-5-185x55mm-rebound-adjust-trunnion-mount-2","10":"pa_daempfer-hardware-top-54mm-trunnion-mount-bottom-22-2x8mm-3","11":"pa_farbe-vulcannorange-2","12":"pa_gabel-sr-suntour-xcr36-2cr-air-tapered-15x110mm-140mm-2","13":"pa_gepaecktraeger-acid-carrier-sic-2-0-rail-boost-2","14":"pa_gewicht-284-kg-2","15":"pa_glocke-knog-oi-2","16":"pa_griffe-acid-hybrid-perform-2","17":"pa_groessen-size-split-27-5-s-29-m-l-xl-2","18":"pa_jahr-2026-fr","19":"pa_kassette-shimano-deore-cs-m6100-10-51t-2","20":"pa_kette-kmc-e12-2","21":"pa_kettenfuehrung-reverse-flip-guide-e-chain-guide-direct-mount-i-plate-2","22":"pa_kurbelgarnitur-acid-mtb-hybrid-pro-27-5-36t-29-34t-2","23":"pa_ladegeraet-bosch-2a-2","24":"pa_laufradsatz-acid-slx-30-32-32-spokes-15x110mm-12x148mm-tubeless-ready-2","25":"pa_lenker-cube-rise-trail-bar-35-2","26":"pa_motor-bosch-drive-unit-performance-line-cx-max-100nm-bdu38-2","27":"pa_pedale-acid-pp-mtb-2","28":"pa_rahmen-aluminum-superlite-gravity-casting-technology-efficient-comfort-control-fsp-4-link-agile-comfort-geometry-boost-148-udh-full-integrated-battery-advanced-internal-cable-routing-kickstand-2","29":"pa_rahmenbeschreibung-grace-a-son-garde-boue-son-support-semi-integre-et-son-kit-declairage-inclus-le-stereo-hybrid-one44-fe-est-adaptable-et-polyvalent-mais-ses-accessoires-pratiques-ne-sont-quune-partie-de-lh","30":"pa_reifen-schwalbe-nobby-nic-performance-2-6-2","31":"pa_remote-bosch-purion-200-with-integrated-display-2","32":"pa_ruecklicht-acid-mudguard-rear-light-pro-e-12v-dc-2","33":"pa_sattel-acid-venec-emtb-plus-145-2","34":"pa_sattelstuetze-cube-dropper-post-handlebar-lever-internal-cable-routing-31-6mm-2","35":"pa_schalthebel-shimano-deore-sl-m6100-ir-direct-attach-rapidfire-plus-2","36":"pa_schaltwerk-shimano-xt-rd-m8100-sgs-shadowplus-12-speed-2","37":"pa_scheinwerfer-acid-front-light-pro-e-150-x-connect-12v-dc-2","38":"pa_schutzblech-acid-65-2","39":"pa_staender-acid-fm-pure-kickstand-2","40":"pa_steuersatz-acros-azf-1034-icr-integrated-cable-routing-top-zero-stack-1-1-2-zs-56mm-bottom-zero-stack-1-1-2-zs-56mm-x-connect-interface-2","41":"pa_typ-mountainbike-2","42":"pa_unterkategorie-fully-fr","43":"pa_vorbau-cube-performance-stem-e-mtb-35-fpi-link-2","45":"first","46":"instock","47":"purchasable","48":"product-type-simple"},"_links":{"self":[{"href":"https:\/\/www.sago-bikes.com\/fr\/wp-json\/wp\/v2\/product\/240376","targetHints":{"allow":["GET"]}}],"collection":[{"href":"https:\/\/www.sago-bikes.com\/fr\/wp-json\/wp\/v2\/product"}],"about":[{"href":"https:\/\/www.sago-bikes.com\/fr\/wp-json\/wp\/v2\/types\/product"}],"replies":[{"embeddable":true,"href":"https:\/\/www.sago-bikes.com\/fr\/wp-json\/wp\/v2\/comments?post=240376"}],"wp:featuredmedia":[{"embeddable":true,"href":"https:\/\/www.sago-bikes.com\/fr\/wp-json\/wp\/v2\/media\/239006"}],"wp:attachment":[{"href":"https:\/\/www.sago-bikes.com\/fr\/wp-json\/wp\/v2\/media?parent=240376"}],"wp:term":[{"taxonomy":"product_cat","embeddable":true,"href":"https:\/\/www.sago-bikes.com\/fr\/wp-json\/wp\/v2\/product_cat?post=240376"},{"taxonomy":"product_tag","embeddable":true,"href":"https:\/\/www.sago-bikes.com\/fr\/wp-json\/wp\/v2\/product_tag?post=240376"}],"curies":[{"name":"wp","href":"https:\/\/api.w.org\/{rel}","templated":true}]}}