{"id":240377,"date":"2025-10-01T17:04:45","date_gmt":"2025-10-01T15:04:45","guid":{"rendered":"https:\/\/www.sago-bikes.com\/product\/cube-stereo-hybrid-one44-exc-800-desertstonendriedherbs-2\/"},"modified":"2025-10-01T17:05:37","modified_gmt":"2025-10-01T15:05:37","slug":"cube-stereo-hybrid-one44-exc-800-desertstonendriedherbs","status":"publish","type":"product","link":"https:\/\/www.sago-bikes.com\/fr\/product\/cube-stereo-hybrid-one44-exc-800-desertstonendriedherbs\/","title":{"rendered":"Cube Stereo Hybrid ONE44 EXC 800 desertstone\u00b4n\u00b4driedherbs"},"content":{"rendered":"<p>On peut dire que le Stereo Hybrid ONE44 EXC 800, c\u0092est du s\u00e9rieux, car il arbore la fourche Float 36 Float AWL douce et pr\u00e9cise de Fox \u00e0 l&rsquo;avant et un amortisseur Float Rhythm RC assorti \u00e0 l&rsquo;arri\u00e8re. Associ\u00e9 \u00e0 l&rsquo;adh\u00e9rence tenace des pneus Nobby Nic 2,6 pouces de Schwalbe et \u00e0 une paire de freins \u00e0 disque hydrauliques Shimano XT puissants et progressifs avec rotors de 203 mm et ABS Pro pour un freinage assur\u00e9 m\u00eame sur les terrains difficiles, c&rsquo;est tout ce dont vous avez besoin pour garder les pneus bien en contact avec le sol pour rouler sereinement. Combin\u00e9 \u00e0 la batterie PowerTube de 800 Wh, jusqu&rsquo;\u00e0 100 Nm d&rsquo;assistance du moteur Bosch CX ainsi que la facilit\u00e9 de changement de rapports et la vaste plage de la transmission XT 1&#215;12 vitesses de Shimano, la seule question est de savoir quelle sera votre prochaine destination d\u0092aventure sur sentiers.<\/p>\n","protected":false},"excerpt":{"rendered":"<p>STEREO HYBRID ONE44<\/p>\n","protected":false},"featured_media":239016,"comment_status":"open","ping_status":"open","template":"","meta":{"_et_pb_use_builder":"","_et_pb_old_content":"","_et_gb_content_width":""},"product_cat":[69],"product_tag":[],"class_list":{"0":"post-240377","1":"product","2":"type-product","3":"status-publish","4":"has-post-thumbnail","6":"product_cat-velos-electriques","7":"pa_batterie-bosch-powertube-800-2","8":"pa_bremse-shimano-xt-br-m8220-hydr-disc-brake-w-front-abs-203-203-2","9":"pa_daempfer-fox-float-rhythm-rc-205x60mm-27-5-185x55mm-adjustable-lsr-w-2-pos-lever-trunnion-mount-2","10":"pa_daempfer-hardware-top-54mm-trunnion-mount-bottom-22-2x8mm-3","11":"pa_farbe-desertstonendriedherbs-2","12":"pa_gabel-fox-36-float-awl-rail-2-0-tapered-15x110mm-e-bike-optimized-140mm-2","13":"pa_gewicht-268-kg-2","14":"pa_griffe-acid-hybrid-perform-2","15":"pa_groessen-size-split-27-5-s-29-m-l-xl-2","16":"pa_jahr-2026-fr","17":"pa_kassette-shimano-deore-cs-m6100-10-51t-2","18":"pa_kette-kmc-e12-2","19":"pa_kettenfuehrung-reverse-flip-guide-e-chain-guide-direct-mount-i-plate-2","20":"pa_kurbelgarnitur-acid-mtb-hybrid-pro-27-5-36t-29-34t-2","21":"pa_ladegeraet-bosch-2a-2","22":"pa_laufradsatz-acid-slx-30-32-32-spokes-15x110mm-12x148mm-tubeless-ready-2","23":"pa_lenker-cube-rise-trail-bar-35-2","24":"pa_motor-bosch-drive-unit-performance-line-cx-max-100nm-bdu38-2","25":"pa_pedale-acid-pp-mtb-2","26":"pa_rahmen-aluminum-superlite-gravity-casting-technology-efficient-comfort-control-fsp-4-link-agile-comfort-geometry-boost-148-udh-full-integrated-battery-advanced-internal-cable-routing-kickstand-2","27":"pa_rahmenbeschreibung-nous-avons-construit-le-stereo-hybrid-one44-pour-quil-soit-aussi-adaptable-que-performant-avec-sa-batterie-compacte-powertube-de-800-wh-et-son-puissant-moteur-bosch-cx-offrant-jusqua-100-nm-d","28":"pa_reifen-schwalbe-nobby-nic-performance-2-6-2","29":"pa_remote-bosch-purion-200-with-integrated-display-2","30":"pa_sattel-acid-venec-emtb-plus-145-2","31":"pa_sattelstuetze-cube-dropper-post-handlebar-lever-internal-cable-routing-31-6mm-2","32":"pa_schalthebel-shimano-xt-sl-m8100-ir-direct-attach-2","33":"pa_schaltwerk-shimano-xt-rd-m8100-sgs-shadowplus-12-speed-2","34":"pa_steuersatz-acros-azf-1034-icr-integrated-cable-routing-top-zero-stack-1-1-2-zs-56mm-bottom-zero-stack-1-1-2-zs-56mm-x-connect-interface-2","35":"pa_typ-mountainbike-2","36":"pa_unterkategorie-fully-fr","37":"pa_vorbau-cube-performance-stem-e-mtb-35-fpi-link-2","39":"first","40":"instock","41":"purchasable","42":"product-type-simple"},"_links":{"self":[{"href":"https:\/\/www.sago-bikes.com\/fr\/wp-json\/wp\/v2\/product\/240377","targetHints":{"allow":["GET"]}}],"collection":[{"href":"https:\/\/www.sago-bikes.com\/fr\/wp-json\/wp\/v2\/product"}],"about":[{"href":"https:\/\/www.sago-bikes.com\/fr\/wp-json\/wp\/v2\/types\/product"}],"replies":[{"embeddable":true,"href":"https:\/\/www.sago-bikes.com\/fr\/wp-json\/wp\/v2\/comments?post=240377"}],"wp:featuredmedia":[{"embeddable":true,"href":"https:\/\/www.sago-bikes.com\/fr\/wp-json\/wp\/v2\/media\/239016"}],"wp:attachment":[{"href":"https:\/\/www.sago-bikes.com\/fr\/wp-json\/wp\/v2\/media?parent=240377"}],"wp:term":[{"taxonomy":"product_cat","embeddable":true,"href":"https:\/\/www.sago-bikes.com\/fr\/wp-json\/wp\/v2\/product_cat?post=240377"},{"taxonomy":"product_tag","embeddable":true,"href":"https:\/\/www.sago-bikes.com\/fr\/wp-json\/wp\/v2\/product_tag?post=240377"}],"curies":[{"name":"wp","href":"https:\/\/api.w.org\/{rel}","templated":true}]}}