{"id":240378,"date":"2025-10-01T17:04:45","date_gmt":"2025-10-01T15:04:45","guid":{"rendered":"https:\/\/www.sago-bikes.com\/product\/cube-stereo-hybrid-one44-hpc-race-800-blackline-2\/"},"modified":"2025-10-01T17:05:38","modified_gmt":"2025-10-01T15:05:38","slug":"cube-stereo-hybrid-one44-hpc-race-800-blackline","status":"publish","type":"product","link":"https:\/\/www.sago-bikes.com\/fr\/product\/cube-stereo-hybrid-one44-hpc-race-800-blackline\/","title":{"rendered":"Cube Stereo Hybrid ONE44 HPC Race 800 blackline"},"content":{"rendered":"<p>Les sentiers difficiles exigent un v\u00e9lo r\u00e9sistant. Avec son cadre en carbone haute performance et en aluminium, le Stereo Hybrid ONE44 HPC Race 800 est plus qu\u0092\u00e0 la hauteur. Les larges pneus Schwalbe Hans Dampf 2,6 pouces et les freins \u00e0 disque hydrauliques Shimano vous permettent de garder le contr\u00f4le, tandis que la fourche Fox 36 Float AWL Sport et l&rsquo;amortisseur Float Rhythm R offrent un confort de 150 mm \u00e0 l&rsquo;avant et de 140 mm \u00e0 l&rsquo;arri\u00e8re. En outre, avec jusqu&rsquo;\u00e0 100 Nm d&rsquo;assistance au p\u00e9dalage et la vaste plage de vitesses Shimano 1&#215;12 XT, le moteur Bosch CX et la batterie PowerTube de 800 Wh vous permettront de rouler pendant des kilom\u00e8tres avec le sourire.<\/p>\n","protected":false},"excerpt":{"rendered":"<p>STEREO HYBRID ONE44 HPC<\/p>\n","protected":false},"featured_media":239028,"comment_status":"open","ping_status":"open","template":"","meta":{"_et_pb_use_builder":"","_et_pb_old_content":"","_et_gb_content_width":""},"product_cat":[69],"product_tag":[],"class_list":{"0":"post-240378","1":"product","2":"type-product","3":"status-publish","4":"has-post-thumbnail","6":"product_cat-velos-electriques","7":"pa_batterie-bosch-powertube-800-2","8":"pa_bremse-shimano-br-mt420-hydr-disc-brake-203-203-2","9":"pa_daempfer-fox-float-rhythm-r-230x60mm-27-5-210x55mm-adjustable-lsr-2","10":"pa_daempfer-hardware-front-30x8mm-rear-du-bushing-12-7mm-2","11":"pa_display-bosch-purion-400-2","12":"pa_farbe-blackline-2","13":"pa_gabel-fox-36-float-awl-hd-sport-rail-2-0-r-tapered-15x110mm-e-bike-optimized-150mm-2","14":"pa_gewicht-236-kg-2","15":"pa_griffe-acid-disrupt-2","16":"pa_groessen-size-split-27-5-s-29-m-l-xl-2","17":"pa_jahr-2026-fr","18":"pa_kassette-shimano-deore-cs-m6100-10-51t-2","19":"pa_kette-kmc-e12-2","20":"pa_kettenfuehrung-reverse-flip-guide-e-chain-guide-direct-mount-i-plate-2","21":"pa_kurbelgarnitur-acid-mtb-hybrid-pro-27-5-36t-29-34t-2","22":"pa_ladegeraet-bosch-2a-2","23":"pa_laufradsatz-acid-slx-30-32-32-spokes-15x110mm-12x148mm-tubeless-ready-2","24":"pa_lenker-cube-rise-trail-bar-35-2","25":"pa_motor-bosch-drive-unit-performance-line-cx-max-100nm-bdu38-2","26":"pa_pedale-acid-pp-mtb-2","27":"pa_rahmen-c62-monocoque-advanced-twin-mold-technology-aluminium-6061-t6-rear-triangle-efficient-trail-control-fsp-4-link-agile-trail-geometry-boost-148-udh-full-integrated-battery-advanced-2","28":"pa_rahmenbeschreibung-un-bon-velo-est-une-question-de-details-et-le-cadre-du-stereo-hybrid-one44-hpc-regorge-de-details-astucieux-vous-remarquerez-le-passage-interne-des-cables-qui-complete-parfaitement-les-lignes","29":"pa_reifen-schwalbe-nobby-nic-performance-2-6-2","30":"pa_remote-bosch-system-control-incl-mini-remote-2","31":"pa_sattel-acid-venec-emtb-trail-140-2","32":"pa_sattelklemme-cube-semi-integrated-2","33":"pa_sattelstuetze-cube-dropper-post-handlebar-lever-internal-cable-routing-31-6mm-2","34":"pa_schalthebel-shimano-deore-sl-m6100-ir-direct-attach-rapidfire-plus-2","35":"pa_schaltwerk-shimano-xt-rd-m8100-sgs-shadowplus-12-speed-2","36":"pa_steuersatz-acros-azf-675-icr-integrated-cable-routing-top-zero-stack-1-1-2-zs-56mm-bottom-zero-stack-1-1-2-zs-56mm-fiber-inserts-for-angle-adjustment-x-connect-interface-2","37":"pa_typ-mountainbike-2","38":"pa_unterkategorie-fully-fr","39":"pa_vorbau-cube-performance-stem-e-mtb-35-fpi-link-2","41":"first","42":"instock","43":"purchasable","44":"product-type-simple"},"_links":{"self":[{"href":"https:\/\/www.sago-bikes.com\/fr\/wp-json\/wp\/v2\/product\/240378","targetHints":{"allow":["GET"]}}],"collection":[{"href":"https:\/\/www.sago-bikes.com\/fr\/wp-json\/wp\/v2\/product"}],"about":[{"href":"https:\/\/www.sago-bikes.com\/fr\/wp-json\/wp\/v2\/types\/product"}],"replies":[{"embeddable":true,"href":"https:\/\/www.sago-bikes.com\/fr\/wp-json\/wp\/v2\/comments?post=240378"}],"wp:featuredmedia":[{"embeddable":true,"href":"https:\/\/www.sago-bikes.com\/fr\/wp-json\/wp\/v2\/media\/239028"}],"wp:attachment":[{"href":"https:\/\/www.sago-bikes.com\/fr\/wp-json\/wp\/v2\/media?parent=240378"}],"wp:term":[{"taxonomy":"product_cat","embeddable":true,"href":"https:\/\/www.sago-bikes.com\/fr\/wp-json\/wp\/v2\/product_cat?post=240378"},{"taxonomy":"product_tag","embeddable":true,"href":"https:\/\/www.sago-bikes.com\/fr\/wp-json\/wp\/v2\/product_tag?post=240378"}],"curies":[{"name":"wp","href":"https:\/\/api.w.org\/{rel}","templated":true}]}}