{"id":240380,"date":"2025-10-01T17:04:45","date_gmt":"2025-10-01T15:04:45","guid":{"rendered":"https:\/\/www.sago-bikes.com\/product\/cube-stereo-hybrid-one44-hpc-slx-800-slabgreynorange-2\/"},"modified":"2025-10-01T17:05:38","modified_gmt":"2025-10-01T15:05:38","slug":"cube-stereo-hybrid-one44-hpc-slx-800-slabgreynorange","status":"publish","type":"product","link":"https:\/\/www.sago-bikes.com\/fr\/product\/cube-stereo-hybrid-one44-hpc-slx-800-slabgreynorange\/","title":{"rendered":"Cube Stereo Hybrid ONE44 HPC SLX 800 slabgrey\u00b4n\u00b4orange"},"content":{"rendered":"<p>Vous savez que vous \u00eates sur un bon v\u00e9lo de trail lorsqu&rsquo;il s&rsquo;\u00e9carte du chemin et vous laisse profiter de la balade. C&rsquo;est la raison pour laquelle, pour le Stereo Hybrid ONE44 HPC SLX 800, nous avons commenc\u00e9 par une fourche Fox 36 Float Rhythm de 150 mm et un amortisseur Float Performance assorti. Associ\u00e9 \u00e0 une paire de roues Newmen Performance 30 et \u00e0 des pneus Continental Kryptotal 2,4 pouces, c&rsquo;est ce qui se rapproche le plus d&rsquo;une promenade sur un tapis magique. Le moteur CX de Bosch et une batterie de 800 Wh fournissent jusqu&rsquo;\u00e0 100 Nm de couple sur les sentiers via la transmission l\u00e9gendairement fiable et \u00e0 changement de rapport fluide XT 1&#215;12 vitesses de Shimano, tandis que l&rsquo;\u00e9cran Kiox 400C vous montre tout ce qui se passe. Et les freins \u00e0 disque hydrauliques \u00e0 4 pistons Shimano XT, puissants et progressifs, dot\u00e9s de rotors de 203 mm, vous permettent de vous arr\u00eater en toute s\u00e9curit\u00e9, \u00e0 la demande. Avec la tige de selle t\u00e9lescopique incluse, il ne vous reste plus qu\u0092\u00e0 y ajouter votre esprit aventureux&#8230; et \u00e0 rouler.<\/p>\n","protected":false},"excerpt":{"rendered":"<p>STEREO HYBRID ONE44 HPC<\/p>\n","protected":false},"featured_media":239052,"comment_status":"open","ping_status":"open","template":"","meta":{"_et_pb_use_builder":"","_et_pb_old_content":"","_et_gb_content_width":""},"product_cat":[69],"product_tag":[],"class_list":{"0":"post-240380","1":"product","2":"type-product","3":"status-publish","4":"has-post-thumbnail","6":"product_cat-velos-electriques","7":"pa_batterie-bosch-powertube-800-2","8":"pa_bremse-shimano-xt-br-m8220-hydr-disc-brake-203-203-2","9":"pa_daempfer-fox-float-performance-230x60mm-27-5-210x55mm-adjustable-lsr-w-2-pos-lever-2","10":"pa_daempfer-hardware-front-30x8mm-rear-du-bushing-12-7mm-2","11":"pa_display-bosch-kiox-400c-2","12":"pa_farbe-slabgreynorange-2","13":"pa_gabel-fox-36-float-rhythm-grip-tapered-15x110mm-e-bike-optimized-150mm-2","14":"pa_gewicht-243-kg-2","15":"pa_griffe-acid-disrupt-2","16":"pa_groessen-size-split-27-5-s-29-m-l-xl-2","17":"pa_jahr-2026-fr","18":"pa_kassette-shimano-deore-cs-m6100-10-51t-2","19":"pa_kette-kmc-e12-2","20":"pa_kettenfuehrung-reverse-flip-guide-e-chain-guide-direct-mount-i-plate-2","21":"pa_kurbelgarnitur-acid-mtb-hybrid-pro-27-5-36t-29-34t-2","22":"pa_ladegeraet-bosch-4a-2","23":"pa_laufradsatz-newmen-performance-30-base-strong-28-32-spokes-15x110mm-12x148mm-tubeless-ready-2","24":"pa_lenker-cube-rise-trail-bar-35-2","25":"pa_motor-bosch-drive-unit-performance-line-cx-max-100nm-bdu38-2","26":"pa_pedale-acid-pp-mtb-2","27":"pa_rahmen-c62-monocoque-advanced-twin-mold-technology-aluminium-6061-t6-rear-triangle-efficient-trail-control-fsp-4-link-agile-trail-geometry-boost-148-udh-full-integrated-battery-advanced-2","28":"pa_rahmenbeschreibung-un-bon-velo-est-une-question-de-details-et-le-cadre-du-stereo-hybrid-one44-hpc-regorge-de-details-astucieux-vous-remarquerez-le-passage-interne-des-cables-qui-complete-parfaitement-les-lignes","29":"pa_reifenhinten-conti-kryptotal-rear-downhill-soft-tubeless-ready-2-4-2","30":"pa_reifenvorn-conti-kryptotal-front-enduro-soft-tubeless-ready-2-4-2","31":"pa_remote-bosch-mini-remote-2","32":"pa_sattel-acid-venec-emtb-trail-140-2","33":"pa_sattelklemme-cube-semi-integrated-2","34":"pa_sattelstuetze-cube-dropper-post-handlebar-lever-internal-cable-routing-31-6mm-2","35":"pa_schalthebel-shimano-xt-sl-m8100-ir-12-speed-2","36":"pa_schaltwerk-shimano-xt-rd-m8100-sgs-shadowplus-12-speed-2","37":"pa_steuersatz-acros-azf-675-icr-integrated-cable-routing-top-zero-stack-1-1-2-zs-56mm-bottom-zero-stack-1-1-2-zs-56mm-fiber-inserts-for-angle-adjustment-x-connect-interface-2","38":"pa_typ-mountainbike-2","39":"pa_unterkategorie-fully-fr","40":"pa_vorbau-cube-performance-stem-e-mtb-35-fpi-link-2","42":"first","43":"instock","44":"purchasable","45":"product-type-simple"},"_links":{"self":[{"href":"https:\/\/www.sago-bikes.com\/fr\/wp-json\/wp\/v2\/product\/240380","targetHints":{"allow":["GET"]}}],"collection":[{"href":"https:\/\/www.sago-bikes.com\/fr\/wp-json\/wp\/v2\/product"}],"about":[{"href":"https:\/\/www.sago-bikes.com\/fr\/wp-json\/wp\/v2\/types\/product"}],"replies":[{"embeddable":true,"href":"https:\/\/www.sago-bikes.com\/fr\/wp-json\/wp\/v2\/comments?post=240380"}],"wp:featuredmedia":[{"embeddable":true,"href":"https:\/\/www.sago-bikes.com\/fr\/wp-json\/wp\/v2\/media\/239052"}],"wp:attachment":[{"href":"https:\/\/www.sago-bikes.com\/fr\/wp-json\/wp\/v2\/media?parent=240380"}],"wp:term":[{"taxonomy":"product_cat","embeddable":true,"href":"https:\/\/www.sago-bikes.com\/fr\/wp-json\/wp\/v2\/product_cat?post=240380"},{"taxonomy":"product_tag","embeddable":true,"href":"https:\/\/www.sago-bikes.com\/fr\/wp-json\/wp\/v2\/product_tag?post=240380"}],"curies":[{"name":"wp","href":"https:\/\/api.w.org\/{rel}","templated":true}]}}