{"id":240383,"date":"2025-10-01T17:04:45","date_gmt":"2025-10-01T15:04:45","guid":{"rendered":"https:\/\/www.sago-bikes.com\/product\/cube-stereo-hybrid-one77-hpc-slx-800-blueirisnblack-2\/"},"modified":"2025-10-01T17:05:39","modified_gmt":"2025-10-01T15:05:39","slug":"cube-stereo-hybrid-one77-hpc-slx-800-blueirisnblack","status":"publish","type":"product","link":"https:\/\/www.sago-bikes.com\/fr\/product\/cube-stereo-hybrid-one77-hpc-slx-800-blueirisnblack\/","title":{"rendered":"Cube Stereo Hybrid ONE77 HPC SLX 800 blueiris\u00b4n\u00b4black"},"content":{"rendered":"<p>Les sentiers difficiles n\u00e9cessitent une configuration de suspension adapt\u00e9e, c&rsquo;est pourquoi nous avons dot\u00e9 le Stereo Hybrid ONE77 HPC SLX d&rsquo;une fourche Fox Float 38 Rhythm et d&rsquo;un amortisseur Float X Performance. Ensemble, ils offrent un d\u00e9battement de 170 mm \u00e0 l&rsquo;avant et \u00e0 l&rsquo;arri\u00e8re, avec de nombreux r\u00e9glages pour que vous puissiez trouver la configuration id\u00e9ale. La transmission Bosch CX et la batterie PowerTube 800Wh donnent un coup de pouce discret mais tr\u00e8s efficace au p\u00e9dalage, via les l\u00e9gendaires vitesses XT 1&#215;12 de Shimano, et l&rsquo;\u00e9cran Kiox 400c mont\u00e9 sur le tube sup\u00e9rieur vous indique exactement ce qu\u0092il se passe. Pendant ce temps, la paire de roues Newmen Performance 30, chauss\u00e9e de pneus Continental Argotal et Kryptotal 2,4 pouces, est contr\u00f4l\u00e9e par les nouveaux freins \u00e0 disque hydrauliques XT de Shimano. Le tout, avec \u00e9galement une tige de selle t\u00e9lescopique, est la formule parfaite d\u0092un amusement garanti en montagne.<\/p>\n","protected":false},"excerpt":{"rendered":"<p>STEREO HYBRID ONE77 HPC<\/p>\n","protected":false},"featured_media":239084,"comment_status":"open","ping_status":"open","template":"","meta":{"_et_pb_use_builder":"","_et_pb_old_content":"","_et_gb_content_width":""},"product_cat":[69],"product_tag":[],"class_list":{"0":"post-240383","1":"product","2":"type-product","3":"status-publish","4":"has-post-thumbnail","6":"product_cat-velos-electriques","7":"pa_batterie-bosch-powertube-800-2","8":"pa_bremse-shimano-xt-br-m8220-hydr-disc-brake-203-203-2","9":"pa_daempfer-fox-float-x-performance-230x65mm-adjustable-lsr-w-2-pos-lever-2","10":"pa_daempfer-hardware-front-30x8mm-rear-du-bushing-12-7mm-2","11":"pa_display-bosch-kiox-400c-2","12":"pa_farbe-blueirisnblack-2","13":"pa_gabel-fox-38-float-rhythm-grip-tapered-15x110mm-e-bike-optimized-170mm-2","14":"pa_gewicht-247-kg-2","15":"pa_griffe-acid-disrupt-soft-compound-2","16":"pa_groessen-s-m-l-xl-2","17":"pa_jahr-2026-fr","18":"pa_kassette-shimano-deore-cs-m6100-10-51t-2","19":"pa_kette-kmc-e12-2","20":"pa_kettenfuehrung-reverse-flip-guide-e-chain-guide-direct-mount-i-plate-2","21":"pa_kurbelgarnitur-acid-mtb-hybrid-pro-36t-2","22":"pa_ladegeraet-bosch-4a-2","23":"pa_laufradsatz-newmen-performance-30-base-strong-28-32-spokes-15x110mm-12x148mm-tubeless-ready-2","24":"pa_lenker-cube-rise-trail-bar-35-2","25":"pa_motor-bosch-drive-unit-performance-line-cx-max-100nm-bdu38-2","26":"pa_pedale-acid-pp-mtb-2","27":"pa_rahmen-c62-monocoque-advanced-twin-mold-technology-aluminium-6061-t6-rear-triangle-efficient-trail-control-fsp-4-link-agile-trail-geometry-boost-148-udh-full-integrated-battery-advanced-2","28":"pa_rahmenbeschreibung-le-cadre-stereo-hybrid-one77-hpc-avec-un-debattement-de-170-mm-a-lavant-et-a-larriere-et-une-configuration-de-roues-mulet-de-29-pouces-a-lavant-et-275-pouces-a-larriere-est-tout-ce-dont","29":"pa_reifenhinten-conti-kryptotal-rear-downhill-soft-tubeless-ready-2-4-2","30":"pa_reifenvorn-conti-argotal-enduro-soft-tubeless-ready-2-4-2","31":"pa_remote-bosch-mini-remote-2","32":"pa_sattel-acid-venec-emtb-trail-140-2","33":"pa_sattelklemme-cube-semi-integrated-2","34":"pa_sattelstuetze-cube-dropper-post-handlebar-lever-internal-cable-routing-31-6mm-2","35":"pa_schalthebel-shimano-deore-sl-m6100-rapidfire-plus-2","36":"pa_schaltwerk-shimano-xt-rd-m8100-sgs-shadowplus-12-speed-2","37":"pa_steuersatz-acros-azf-675-icr-integrated-cable-routing-top-zero-stack-1-1-2-zs-56mm-bottom-zero-stack-1-1-2-zs-56mm-fiber-inserts-for-angle-adjustment-x-connect-interface-2","38":"pa_typ-mountainbike-2","39":"pa_unterkategorie-fully-fr","40":"pa_vorbau-cube-performance-stem-e-mtb-35-fpi-link-2","42":"first","43":"instock","44":"purchasable","45":"product-type-simple"},"_links":{"self":[{"href":"https:\/\/www.sago-bikes.com\/fr\/wp-json\/wp\/v2\/product\/240383","targetHints":{"allow":["GET"]}}],"collection":[{"href":"https:\/\/www.sago-bikes.com\/fr\/wp-json\/wp\/v2\/product"}],"about":[{"href":"https:\/\/www.sago-bikes.com\/fr\/wp-json\/wp\/v2\/types\/product"}],"replies":[{"embeddable":true,"href":"https:\/\/www.sago-bikes.com\/fr\/wp-json\/wp\/v2\/comments?post=240383"}],"wp:featuredmedia":[{"embeddable":true,"href":"https:\/\/www.sago-bikes.com\/fr\/wp-json\/wp\/v2\/media\/239084"}],"wp:attachment":[{"href":"https:\/\/www.sago-bikes.com\/fr\/wp-json\/wp\/v2\/media?parent=240383"}],"wp:term":[{"taxonomy":"product_cat","embeddable":true,"href":"https:\/\/www.sago-bikes.com\/fr\/wp-json\/wp\/v2\/product_cat?post=240383"},{"taxonomy":"product_tag","embeddable":true,"href":"https:\/\/www.sago-bikes.com\/fr\/wp-json\/wp\/v2\/product_tag?post=240383"}],"curies":[{"name":"wp","href":"https:\/\/api.w.org\/{rel}","templated":true}]}}