{"id":240384,"date":"2025-10-01T17:04:45","date_gmt":"2025-10-01T15:04:45","guid":{"rendered":"https:\/\/www.sago-bikes.com\/product\/cube-ams-hybrid-177-c62-tm-600x-reedgreennmatrix-2\/"},"modified":"2025-10-01T17:05:39","modified_gmt":"2025-10-01T15:05:39","slug":"cube-ams-hybrid-177-c62-tm-600x-reedgreennmatrix","status":"publish","type":"product","link":"https:\/\/www.sago-bikes.com\/fr\/product\/cube-ams-hybrid-177-c62-tm-600x-reedgreennmatrix\/","title":{"rendered":"Cube AMS Hybrid 177 C:62 TM 600X reedgreen\u00b4n\u00b4matrix"},"content":{"rendered":"<p>Un v\u00e9lo con\u00e7u pour affronter les sentiers de montagne les plus accident\u00e9s et en sortir vainqueur a besoin de composants \u00e0 la hauteur. Ainsi, pour l\u0092AMS Hybrid 177 C:62 TM 600X, nous avons commenc\u00e9 par s\u00e9lectionner la fourche Fox 38 Float Performance et l&rsquo;avons associ\u00e9e \u00e0 un amortisseur Float X2 Performance. Nous avons ensuite chauss\u00e9 une paire de roues Newmen Beskar 30 avec des pneus Continental Argotal et Kryptotal 2,4 pouces, et ajout\u00e9 un jeu de freins \u00e0 disque hydrauliques Maven Silver de Sram. Un contr\u00f4leur Kiox 400c vous permet de contr\u00f4ler les performances du moteur Bosch CX et de la batterie de 600 Wh. La manivelle en carbone ACID est associ\u00e9e aux 1&#215;12 vitesses Transmission 90 de Sram pour transmettre votre puissance sur le sentier. Il est pr\u00eat. Et vous\u00a0?<\/p>\n","protected":false},"excerpt":{"rendered":"<p>AMS HYBRID 177 C:62<\/p>\n","protected":false},"featured_media":239098,"comment_status":"open","ping_status":"open","template":"","meta":{"_et_pb_use_builder":"","_et_pb_old_content":"","_et_gb_content_width":""},"product_cat":[69],"product_tag":[],"class_list":{"0":"post-240384","1":"product","2":"type-product","3":"status-publish","4":"has-post-thumbnail","6":"product_cat-velos-electriques","7":"pa_batterie-bosch-powertube-600-2","8":"pa_bremse-sram-maven-silver-hydr-disc-brake-200-200-2","9":"pa_daempfer-fox-float-x2-performance-230x65mm-adjustable-hsc-lsc-lsr-w-2-pos-lever-2","10":"pa_daempfer-hardware-front-30x8mm-rear-w-o-du-bushing-15-mm-2","11":"pa_display-bosch-kiox-400c-2","12":"pa_farbe-reedgreennmatrix-2","13":"pa_gabel-fox-38-float-performance-grip-tapered-15x110mm-170mm-2","14":"pa_gewicht-219-kg-2","15":"pa_griffe-newmen-slat-vgs-2","16":"pa_groessen-s-m-l-xl-2","17":"pa_jahr-2026-fr","18":"pa_kassette-sram-xs-1275-10-52t-2","19":"pa_kette-sram-gx-eagle-transmission-2","20":"pa_kettenfuehrung-reverse-flip-guide-e-chain-guide-direct-mount-i-plate-2","21":"pa_kurbelgarnitur-acid-mtb-hybrid-carbon-36t-2","22":"pa_ladegeraet-bosch-4a-2","23":"pa_laufradsatz-newmen-beskar-30-base-strong-28-32-spokes-15x110mm-12x148mm-tubeless-ready-2","24":"pa_lenker-newmen-beskar-318-40-w-varigrip-system-2","25":"pa_motor-bosch-drive-unit-performance-line-cx-max-100nm-bdu38-2","26":"pa_pedale-acid-pp-mtb-2","27":"pa_rahmen-c62-monocoque-advanced-twin-mold-technology-effiecient-trail-control-fsp-4-link-agile-trail-geometry-boost-148-udh-fixed-integrated-battery-advanced-internal-cable-routing-2","28":"pa_rahmenbeschreibung-nous-avons-decide-de-creer-un-vtt-electrique-tout-terrain-plus-leger-et-plus-performant-et-le-cadre-ams-hybrid-177-c62-en-est-le-cur-construit-a-partir-de-notre-carbone-c62-et-dote-du","29":"pa_reifenhinten-conti-kryptotal-rear-downhill-soft-tubeless-ready-2-4-2","30":"pa_reifenvorn-conti-argotal-enduro-super-soft-tubeless-ready-2-4-2","31":"pa_remote-bosch-mini-remote-2","32":"pa_sattel-acid-venec-emtb-trail-140-2","33":"pa_sattelstuetze-cube-dropper-post-handlebar-lever-internal-cable-routing-31-6mm-2","34":"pa_schalthebel-sram-eagle-90-transmission-2","35":"pa_schaltwerk-sram-eagle-90-transmission-12-speed-2","36":"pa_steuersatz-acros-azf-675-icr-integrated-cable-routing-top-zero-stack-1-1-2-zs-56mm-bottom-zero-stack-1-1-2-zs-56mm-fiber-inserts-for-angle-adjustment-2","37":"pa_typ-mountainbike-2","38":"pa_unterkategorie-fully-fr","39":"pa_vorbau-newmen-evolution-sl-318-4-31-8mm-2","41":"first","42":"instock","43":"purchasable","44":"product-type-simple"},"_links":{"self":[{"href":"https:\/\/www.sago-bikes.com\/fr\/wp-json\/wp\/v2\/product\/240384","targetHints":{"allow":["GET"]}}],"collection":[{"href":"https:\/\/www.sago-bikes.com\/fr\/wp-json\/wp\/v2\/product"}],"about":[{"href":"https:\/\/www.sago-bikes.com\/fr\/wp-json\/wp\/v2\/types\/product"}],"replies":[{"embeddable":true,"href":"https:\/\/www.sago-bikes.com\/fr\/wp-json\/wp\/v2\/comments?post=240384"}],"wp:featuredmedia":[{"embeddable":true,"href":"https:\/\/www.sago-bikes.com\/fr\/wp-json\/wp\/v2\/media\/239098"}],"wp:attachment":[{"href":"https:\/\/www.sago-bikes.com\/fr\/wp-json\/wp\/v2\/media?parent=240384"}],"wp:term":[{"taxonomy":"product_cat","embeddable":true,"href":"https:\/\/www.sago-bikes.com\/fr\/wp-json\/wp\/v2\/product_cat?post=240384"},{"taxonomy":"product_tag","embeddable":true,"href":"https:\/\/www.sago-bikes.com\/fr\/wp-json\/wp\/v2\/product_tag?post=240384"}],"curies":[{"name":"wp","href":"https:\/\/api.w.org\/{rel}","templated":true}]}}