{"id":240385,"date":"2025-10-01T17:04:45","date_gmt":"2025-10-01T15:04:45","guid":{"rendered":"https:\/\/www.sago-bikes.com\/product\/cube-ams-hybrid-177-c62-at-600x-carbonngold-2\/"},"modified":"2025-10-01T17:05:40","modified_gmt":"2025-10-01T15:05:40","slug":"cube-ams-hybrid-177-c62-at-600x-carbonngold","status":"publish","type":"product","link":"https:\/\/www.sago-bikes.com\/fr\/product\/cube-ams-hybrid-177-c62-at-600x-carbonngold\/","title":{"rendered":"Cube AMS Hybrid 177 C:62 AT 600X carbon\u00b4n\u00b4gold"},"content":{"rendered":"<p>Un v\u00e9lo adapt\u00e9 aux coureurs d&rsquo;\u00e9quipe a besoin de composants qui dureront toute la dur\u00e9e du parcours, litt\u00e9ralement. C&rsquo;est pourquoi, avec l\u0092AMS Hybrid 177 C:62 AT 600X, nous avons commenc\u00e9 par la fourche Fox 38 Float Factory, souple et polyvalente, et l&rsquo;amortisseur Float X2 Factory assorti. Les vitesses \u00e9lectroniques XT Di2 1&#215;12 de Shimano, avec une manivelle en carbone RaceFace Era, transf\u00e8rent la puissance combin\u00e9e de vos jambes et de l&rsquo;entra\u00eenement Bosch CX-R sur le sentier. Un contr\u00f4leur Kiox 400c vous permet de g\u00e9rer la transmission Bosch et la batterie de 600 Wh, bien entendu. Il y a naturellement une potence. Les puissants freins \u00e0 disque hydrauliques Shimano XT, associ\u00e9s aux pneus Schwalbe Magic Mary et Albert 2,5 pouces mont\u00e9s sur les roues Newmen Beskar 30, vous permettent de rester sur la bonne voie et de garder le contr\u00f4le. Le paquet complet, en d&rsquo;autres termes, pour les grandes journ\u00e9es alpines&#8230;<\/p>\n","protected":false},"excerpt":{"rendered":"<p>AMS HYBRID 177 C:62<\/p>\n","protected":false},"featured_media":239112,"comment_status":"open","ping_status":"open","template":"","meta":{"_et_pb_use_builder":"","_et_pb_old_content":"","_et_gb_content_width":""},"product_cat":[69],"product_tag":[],"class_list":{"0":"post-240385","1":"product","2":"type-product","3":"status-publish","4":"has-post-thumbnail","6":"product_cat-velos-electriques","7":"pa_batterie-bosch-powertube-600-2","8":"pa_bremse-shimano-xt-br-m8220-hydr-disc-brake-203-203-2","9":"pa_daempfer-fox-float-x2-factory-230x65mm-adjustable-hsc-lsc-hsr-lsr-w-2-pos-lever-2","10":"pa_daempfer-hardware-front-30x8mm-rear-w-o-du-bushing-15-mm-2","11":"pa_display-bosch-kiox-400c-2","12":"pa_farbe-carbonngold-2","13":"pa_gabel-fox-38-float-factory-gripx2-tapered-15x110mm-e-bike-optimized-170mm-2","14":"pa_gewicht-214-kg-2","15":"pa_griffe-acid-disrupt-soft-compound-2","16":"pa_groessen-s-m-l-xl-2","17":"pa_jahr-2026-fr","18":"pa_kassette-shimano-xt-cs-m8200-10-51t-2","19":"pa_kette-shimano-xt-cn-m8100-2","20":"pa_kettenfuehrung-reverse-flip-guide-e-chain-guide-direct-mount-i-plate-2","21":"pa_kurbelgarnitur-race-face-era-e-mtb-36t-2","22":"pa_ladegeraet-bosch-4a-2","23":"pa_laufradsatz-newmen-beskar-30-base-strong-28-32-spokes-15x110mm-12x148mm-tubeless-ready-2","24":"pa_lenker-race-face-era-35-2","25":"pa_motor-bosch-drive-unit-performance-line-cx-r-100nm-bdu38-2","26":"pa_pedale-acid-pp-mtb-2","27":"pa_rahmen-c62-monocoque-advanced-twin-mold-technology-efficient-trail-control-fsp-4-link-agile-trail-geometry-boost-148-udh-fully-integrated-battery-advanced-internal-cable-routing-2","28":"pa_rahmenbeschreibung-nous-avons-decide-de-creer-un-vtt-electrique-tout-terrain-plus-leger-et-plus-performant-et-le-cadre-ams-hybrid-177-c62-en-est-le-cur-construit-a-partir-de-notre-carbone-c62-et-dote-du","29":"pa_reifenhinten-schwalbe-albert-gravity-pro-addix-soft-kevlar-2-5-2","30":"pa_reifenvorn-schwalbe-magic-mary-trail-pro-addix-ultrasoft-kevlar-2-5-2","31":"pa_remote-bosch-mini-remote-2","32":"pa_sattel-acid-venec-emtb-trail-140-2","33":"pa_sattelstuetze-fox-transfer-factory-31-6mm-kashima-coated-2","34":"pa_schalthebel-shimano-xt-di2-sw-m8250-ir-direct-attach-2","35":"pa_schaltwerk-shimano-xt-di2-rd-m8260-sgs-12-speed-electronic-shifting-system-2","36":"pa_steuersatz-acros-azf-675-icr-integrated-cable-routing-top-zero-stack-1-1-2-zs-56mm-bottom-zero-stack-1-1-2-zs-56mm-fiber-inserts-for-angle-adjustment-2","37":"pa_typ-mountainbike-2","38":"pa_unterkategorie-fully-fr","39":"pa_vorbau-race-face-turbine-r-35-2","41":"first","42":"instock","43":"purchasable","44":"product-type-simple"},"_links":{"self":[{"href":"https:\/\/www.sago-bikes.com\/fr\/wp-json\/wp\/v2\/product\/240385","targetHints":{"allow":["GET"]}}],"collection":[{"href":"https:\/\/www.sago-bikes.com\/fr\/wp-json\/wp\/v2\/product"}],"about":[{"href":"https:\/\/www.sago-bikes.com\/fr\/wp-json\/wp\/v2\/types\/product"}],"replies":[{"embeddable":true,"href":"https:\/\/www.sago-bikes.com\/fr\/wp-json\/wp\/v2\/comments?post=240385"}],"wp:featuredmedia":[{"embeddable":true,"href":"https:\/\/www.sago-bikes.com\/fr\/wp-json\/wp\/v2\/media\/239112"}],"wp:attachment":[{"href":"https:\/\/www.sago-bikes.com\/fr\/wp-json\/wp\/v2\/media?parent=240385"}],"wp:term":[{"taxonomy":"product_cat","embeddable":true,"href":"https:\/\/www.sago-bikes.com\/fr\/wp-json\/wp\/v2\/product_cat?post=240385"},{"taxonomy":"product_tag","embeddable":true,"href":"https:\/\/www.sago-bikes.com\/fr\/wp-json\/wp\/v2\/product_tag?post=240385"}],"curies":[{"name":"wp","href":"https:\/\/api.w.org\/{rel}","templated":true}]}}