{"id":240389,"date":"2025-10-01T17:04:53","date_gmt":"2025-10-01T15:04:53","guid":{"rendered":"https:\/\/www.sago-bikes.com\/product\/cube-reaction-hybrid-one-800-blueirisnreflect-4\/"},"modified":"2025-10-01T17:05:41","modified_gmt":"2025-10-01T15:05:41","slug":"cube-reaction-hybrid-one-800-blueirisnreflect-2","status":"publish","type":"product","link":"https:\/\/www.sago-bikes.com\/fr\/product\/cube-reaction-hybrid-one-800-blueirisnreflect-2\/","title":{"rendered":"Cube Reaction Hybrid ONE 800 blueiris\u00b4n\u00b4reflect"},"content":{"rendered":"<p>Si vous vous \u00eates toujours demand\u00e9 o\u00f9 m\u00e8nent les chemins que vous n\u0092avez jamais emprunt\u00e9s, nous avons le v\u00e9lo parfait pour vous aider \u00e0 le d\u00e9couvrir. Avec sa batterie haute capacit\u00e9 de 800 Wh et son moteur Bosch silencieux et puissant, le Reaction Hybrid ONE vous offre toute la libert\u00e9 d&rsquo;exploration qu\u0092il vous faut. La transmission fluide Shimano Cues 10 vitesses facilite le travail sur n&rsquo;importe quel itin\u00e9raire, m\u00eame les plus vallonn\u00e9s. Pour vous rendre la vie sur les sentiers, et dans les rues de la ville, un peu plus confortable, nous avons install\u00e9 une fourche suspendue avec un d\u00e9battement de 120\u00a0mm (100\u00a0mm pour les cadres de petite taille et pour tous les mod\u00e8les Easy Entry). Enfin, pour votre s\u00e9curit\u00e9, il est \u00e9quip\u00e9 de puissants freins \u00e0 disque hydrauliques Shimano con\u00e7us pour vous permettre de vous arr\u00eater en toute s\u00e9curit\u00e9, quelles que soient les conditions.<\/p>\n","protected":false},"excerpt":{"rendered":"<p>REACTION HYBRID<\/p>\n","protected":false},"featured_media":239162,"comment_status":"open","ping_status":"open","template":"","meta":{"_et_pb_use_builder":"","_et_pb_old_content":"","_et_gb_content_width":""},"product_cat":[69],"product_tag":[],"class_list":{"0":"post-240389","1":"product","2":"type-product","3":"status-publish","4":"has-post-thumbnail","6":"product_cat-velos-electriques","7":"pa_batterie-bosch-powertube-800-2","8":"pa_bremse-shimano-br-mt200-hydr-disc-brake-180-180-2","9":"pa_farbe-blueirisnreflect-2","10":"pa_gabel-sr-suntour-xcm34-nlo-coil-tapered-15x110mm-120mm-27-5-100mm-2","11":"pa_gewicht-258-kg-2","12":"pa_griffe-acid-hybrid-perform-2","13":"pa_groessen-trapeze-size-split-27-5-s-29-m-l-xl-2","14":"pa_jahr-2026-fr","15":"pa_kassette-shimano-cues-cs-lg400-11-48t-2","16":"pa_kette-kmc-eglide-2","17":"pa_kettenfuehrung-reverse-flip-guide-e-chain-guide-direct-mount-i-plate-2","18":"pa_kurbelgarnitur-acid-mtb-hybrid-pro-38t-2","19":"pa_ladegeraet-bosch-2a-2","20":"pa_laufradsatz-acid-pro-30-32-32-spokes-15x110mm-12x148mm-tubeless-ready-2","21":"pa_lenker-cube-rise-trail-bar-35-2","22":"pa_motor-bosch-drive-unit-performance-line-cx-max-100nm-bdu38-2","23":"pa_pedale-acid-pp-mtb-2","24":"pa_rahmen-aluminium-superlite-gravity-casting-technology-agile-ride-geometry-boost148-fully-integrated-battery-advanced-internal-cable-routing-1-5-headtube-kickstand-fender-carrier-mounting-points-2","25":"pa_rahmenbeschreibung-son-aspect-est-familier-voire-traditionnel-mais-ne-vous-y-trompez-pas-le-design-du-reaction-hybrid-est-a-la-pointe-de-la-technologie-avec-sa-batterie-powertube-de-800-wh-soigneusement-dissimule","26":"pa_reifen-schwalbe-smart-sam-active-2-6-2","27":"pa_remote-bosch-purion-200-with-integrated-display-2","28":"pa_sattel-acid-sequence-160-2","29":"pa_sattelstuetze-cube-performance-post-31-6mm-2","30":"pa_schalthebel-shimano-cues-sl-u6000-rapidfire-plus-2","31":"pa_schaltwerk-shimano-cues-rd-u6000-gs-2","32":"pa_steuersatz-acros-azf-1034-icr-integrated-cable-routing-top-zero-stack-1-1-2-zs-56mm-bottom-zero-stack-1-1-2-zs-56mm-x-connect-interface-2","33":"pa_typ-mountainbike-2","34":"pa_unterkategorie-hardtail-fr","35":"pa_vorbau-cube-performance-stem-e-mtb-35-fpi-link-2","37":"first","38":"instock","39":"purchasable","40":"product-type-simple"},"_links":{"self":[{"href":"https:\/\/www.sago-bikes.com\/fr\/wp-json\/wp\/v2\/product\/240389","targetHints":{"allow":["GET"]}}],"collection":[{"href":"https:\/\/www.sago-bikes.com\/fr\/wp-json\/wp\/v2\/product"}],"about":[{"href":"https:\/\/www.sago-bikes.com\/fr\/wp-json\/wp\/v2\/types\/product"}],"replies":[{"embeddable":true,"href":"https:\/\/www.sago-bikes.com\/fr\/wp-json\/wp\/v2\/comments?post=240389"}],"wp:featuredmedia":[{"embeddable":true,"href":"https:\/\/www.sago-bikes.com\/fr\/wp-json\/wp\/v2\/media\/239162"}],"wp:attachment":[{"href":"https:\/\/www.sago-bikes.com\/fr\/wp-json\/wp\/v2\/media?parent=240389"}],"wp:term":[{"taxonomy":"product_cat","embeddable":true,"href":"https:\/\/www.sago-bikes.com\/fr\/wp-json\/wp\/v2\/product_cat?post=240389"},{"taxonomy":"product_tag","embeddable":true,"href":"https:\/\/www.sago-bikes.com\/fr\/wp-json\/wp\/v2\/product_tag?post=240389"}],"curies":[{"name":"wp","href":"https:\/\/api.w.org\/{rel}","templated":true}]}}