{"id":240391,"date":"2025-10-01T17:04:53","date_gmt":"2025-10-01T15:04:53","guid":{"rendered":"https:\/\/www.sago-bikes.com\/product\/cube-reaction-hybrid-pro-800-desertstonendriedherbs-2\/"},"modified":"2025-10-01T17:05:41","modified_gmt":"2025-10-01T15:05:41","slug":"cube-reaction-hybrid-pro-800-desertstonendriedherbs","status":"publish","type":"product","link":"https:\/\/www.sago-bikes.com\/fr\/product\/cube-reaction-hybrid-pro-800-desertstonendriedherbs\/","title":{"rendered":"Cube Reaction Hybrid Pro 800 desertstone\u00b4n\u00b4driedherbs"},"content":{"rendered":"<p>Le Reaction Hybrid Pro combine la polyvalence d\u0092un v\u00e9lo de montagne \u00e0 la facilit\u00e9 d&rsquo;utilisation aliment\u00e9e par Bosch et \u00e0 la conception intelligente du CUBE. Abordez n&rsquo;importe quel itin\u00e9raire, hors route ou sur route, gr\u00e2ce \u00e0 une batterie de 800 Wh et \u00e0 une unit\u00e9 motrice Bosch CX souple et puissante. Et, avec sa transmission Shimano XT 12 vitesses des plus faciles \u00e0 utiliser, vous disposez de tout ce dont vous avez besoin pour aborder en tout confort n\u0092importe quelle c\u00f4te. Pour descendre l\u0092autre versant, nous l\u0092avons \u00e9quip\u00e9 de puissants freins \u00e0 disque hydrauliques \u00e0 quatre pistons Shimano et de pneus 2,6 pouces Schwalbe bien adh\u00e9rents. Il dispose \u00e9galement d\u0092une fourche \u00e0 ressorts pneumatiques avec un d\u00e9battement de 120 mm (100 mm pour les cadres de petite taille et pour tous les mod\u00e8les Easy Entry) et d\u0092une tige de selle t\u00e9lescopique pour plus de confort et de contr\u00f4le sur les sentiers les plus accident\u00e9s. Tout y est ,\u00a0le reste d\u00e9pend de vous.<\/p>\n","protected":false},"excerpt":{"rendered":"<p>REACTION HYBRID<\/p>\n","protected":false},"featured_media":239188,"comment_status":"open","ping_status":"open","template":"","meta":{"_et_pb_use_builder":"","_et_pb_old_content":"","_et_gb_content_width":""},"product_cat":[69],"product_tag":[],"class_list":{"0":"post-240391","1":"product","2":"type-product","3":"status-publish","4":"has-post-thumbnail","6":"product_cat-velos-electriques","7":"pa_batterie-bosch-powertube-800-2","8":"pa_bremse-shimano-br-mt420-hydr-disc-brake-203-203-2","9":"pa_farbe-desertstonendriedherbs-2","10":"pa_gabel-sr-suntour-x1-32-lo-r-air-tapered-15x110mm-120mm-27-5-100mm-2","11":"pa_gewicht-256-kg-2","12":"pa_griffe-acid-hybrid-perform-2","13":"pa_groessen-classic-size-split-27-5-s-29-m-l-xl-xxl-2","14":"pa_jahr-2026-fr","15":"pa_kassette-shimano-deore-cs-m6100-10-51t-2","16":"pa_kette-kmc-e12-2","17":"pa_kettenfuehrung-reverse-flip-guide-e-chain-guide-direct-mount-i-plate-2","18":"pa_kurbelgarnitur-acid-mtb-hybrid-pro-38t-2","19":"pa_ladegeraet-bosch-2a-2","20":"pa_laufradsatz-acid-slx-30-32-32-spokes-15x110mm-12x148mm-tubeless-ready-2","21":"pa_lenker-cube-rise-trail-bar-35-2","22":"pa_motor-bosch-drive-unit-performance-line-cx-max-100nm-bdu38-2","23":"pa_pedale-acid-pp-trekking-2","24":"pa_rahmen-aluminium-superlite-gravity-casting-technology-agile-ride-geometry-boost148-fully-integrated-battery-advanced-internal-cable-routing-1-5-headtube-kickstand-fender-carrier-mounting-points-2","25":"pa_rahmenbeschreibung-le-design-soigne-du-reaction-hybrid-nest-pas-le-fruit-du-hasard-avec-sa-batterie-powertube-de-800-wh-soigneusement-dissimulee-et-son-unite-motrice-bosch-cx-fermement-logee-ses-lignes-sveltes-c","26":"pa_reifen-schwalbe-smart-sam-active-2-6-2","27":"pa_remote-bosch-purion-200-with-integrated-display-2","28":"pa_sattel-acid-sequence-160-2","29":"pa_sattelstuetze-cube-dropper-post-handlebar-lever-internal-cable-routing-31-6mm-2","30":"pa_schalthebel-shimano-deore-sl-m6100-ir-direct-attach-2","31":"pa_schaltwerk-shimano-xt-rd-m8100-sgs-shadowplus-12-speed-2","32":"pa_steuersatz-acros-azf-1034-icr-integrated-cable-routing-top-zero-stack-1-1-2-zs-56mm-bottom-zero-stack-1-1-2-zs-56mm-x-connect-interface-2","33":"pa_typ-mountainbike-2","34":"pa_unterkategorie-hardtail-fr","35":"pa_vorbau-cube-performance-stem-e-mtb-35-fpi-link-2","37":"first","38":"instock","39":"purchasable","40":"product-type-simple"},"_links":{"self":[{"href":"https:\/\/www.sago-bikes.com\/fr\/wp-json\/wp\/v2\/product\/240391","targetHints":{"allow":["GET"]}}],"collection":[{"href":"https:\/\/www.sago-bikes.com\/fr\/wp-json\/wp\/v2\/product"}],"about":[{"href":"https:\/\/www.sago-bikes.com\/fr\/wp-json\/wp\/v2\/types\/product"}],"replies":[{"embeddable":true,"href":"https:\/\/www.sago-bikes.com\/fr\/wp-json\/wp\/v2\/comments?post=240391"}],"wp:featuredmedia":[{"embeddable":true,"href":"https:\/\/www.sago-bikes.com\/fr\/wp-json\/wp\/v2\/media\/239188"}],"wp:attachment":[{"href":"https:\/\/www.sago-bikes.com\/fr\/wp-json\/wp\/v2\/media?parent=240391"}],"wp:term":[{"taxonomy":"product_cat","embeddable":true,"href":"https:\/\/www.sago-bikes.com\/fr\/wp-json\/wp\/v2\/product_cat?post=240391"},{"taxonomy":"product_tag","embeddable":true,"href":"https:\/\/www.sago-bikes.com\/fr\/wp-json\/wp\/v2\/product_tag?post=240391"}],"curies":[{"name":"wp","href":"https:\/\/api.w.org\/{rel}","templated":true}]}}