{"id":240394,"date":"2025-10-01T17:04:53","date_gmt":"2025-10-01T15:04:53","guid":{"rendered":"https:\/\/www.sago-bikes.com\/product\/cube-reaction-hybrid-pro-800-fe-nebularndazzle-4\/"},"modified":"2025-10-01T17:05:45","modified_gmt":"2025-10-01T15:05:45","slug":"cube-reaction-hybrid-pro-800-fe-nebularndazzle","status":"publish","type":"product","link":"https:\/\/www.sago-bikes.com\/fr\/product\/cube-reaction-hybrid-pro-800-fe-nebularndazzle\/","title":{"rendered":"Cube Reaction Hybrid Pro 800 FE nebular\u00b4n\u00b4dazzle"},"content":{"rendered":"<p>Le meilleur de tous les mondes : le Reaction Hybrid Pro FE combine la polyvalence d&rsquo;un v\u00e9lo de randonn\u00e9e enti\u00e8rement \u00e9quip\u00e9 et la robustesse d&rsquo;un VTT \u00e0 la puissance Bosch suppl\u00e9mentaire. Les garde-boue, le porte-bagages, la b\u00e9quille et l\u0092\u00e9clairage ne sont qu&rsquo;un d\u00e9but. Vous pouvez \u00e9galement vous attaquer \u00e0 n&rsquo;importe quel itin\u00e9raire, hors route ou sur route, avec facilit\u00e9 gr\u00e2ce \u00e0 une batterie de 800 Wh et \u00e0 une puissante unit\u00e9 motrice Bosch CX. Et, avec sa transmission Shimano XT 12 vitesses des plus faciles \u00e0 utiliser, vous disposez de tout ce dont vous avez besoin pour aborder en tout confort n\u0092importe quelle c\u00f4te. Pour descendre l\u0092autre versant, nous l\u0092avons \u00e9quip\u00e9 de puissants freins \u00e0 disque hydrauliques Shimano et de pneus 2,6 pouces Schwalbe bien adh\u00e9rents. Il dispose \u00e9galement d\u0092une fourche \u00e0 ressorts pneumatiques avec un d\u00e9battement de 120 mm (100 mm pour les cadres de petite taille et pour tous les mod\u00e8les Easy Entry) et d\u0092une tige de selle t\u00e9lescopique pour plus de confort et de contr\u00f4le sur les sentiers les plus accident\u00e9s.<\/p>\n","protected":false},"excerpt":{"rendered":"<p>REACTION HYBRID<\/p>\n","protected":false},"featured_media":239224,"comment_status":"open","ping_status":"open","template":"","meta":{"_et_pb_use_builder":"","_et_pb_old_content":"","_et_gb_content_width":""},"product_cat":[69],"product_tag":[],"class_list":{"0":"post-240394","1":"product","2":"type-product","3":"status-publish","4":"has-post-thumbnail","6":"product_cat-velos-electriques","7":"pa_batterie-bosch-powertube-800-2","8":"pa_bremse-shimano-br-mt420-hydr-disc-brake-203-203-2","9":"pa_farbe-nebularndazzle-2","10":"pa_gabel-sr-suntour-x1-32-lo-r-air-tapered-15x110mm-120mm-27-5-100mm-2","11":"pa_gepaecktraeger-acid-carrier-sic-2-0-rail-boost-2","12":"pa_gewicht-278-kg-2","13":"pa_glocke-knog-oi-2","14":"pa_griffe-acid-hybrid-perform-2","15":"pa_groessen-classic-size-split-27-5-s-29-m-l-xl-xxl-2","16":"pa_jahr-2026-fr","17":"pa_kassette-shimano-deore-cs-m6100-10-51t-2","18":"pa_kette-kmc-e12-2","19":"pa_kettenfuehrung-reverse-flip-guide-e-chain-guide-direct-mount-i-plate-2","20":"pa_kurbelgarnitur-acid-mtb-hybrid-pro-38t-2","21":"pa_ladegeraet-bosch-2a-2","22":"pa_laufradsatz-acid-slx-30-32-32-spokes-15x110mm-12x148mm-tubeless-ready-2","23":"pa_lenker-cube-rise-trail-bar-35-2","24":"pa_motor-bosch-drive-unit-performance-line-cx-max-100nm-bdu38-2","25":"pa_pedale-acid-pp-trekking-2","26":"pa_rahmen-aluminium-superlite-gravity-casting-technology-agile-ride-geometry-boost148-fully-integrated-battery-advanced-internal-cable-routing-1-5-headtube-kickstand-fender-carrier-mounting-points-2","27":"pa_rahmenbeschreibung-le-reaction-hybrid-fe-regorge-de-details-soignes-et-nous-ne-parlons-pas-seulement-des-garde-boue-du-porte-bagages-du-kit-declairage-et-de-la-bequille-inclus-avec-sa-batterie-powertube-de-800","28":"pa_reifen-schwalbe-smart-sam-active-2-6-2","29":"pa_remote-bosch-purion-200-with-integrated-display-2","30":"pa_ruecklicht-acid-mudguard-rear-light-pro-e-12v-dc-2","31":"pa_sattel-acid-sequence-160-2","32":"pa_sattelstuetze-cube-dropper-post-handlebar-lever-internal-cable-routing-31-6mm-2","33":"pa_schalthebel-shimano-deore-sl-m6100-ir-direct-attach-2","34":"pa_schaltwerk-shimano-xt-rd-m8100-sgs-shadowplus-12-speed-2","35":"pa_scheinwerfer-acid-front-light-pro-e-150-x-connect-12v-dc-2","36":"pa_schutzblech-acid-85-bb-mount-2","37":"pa_staender-acid-fm-pure-kickstand-2","38":"pa_steuersatz-acros-azf-1034-icr-integrated-cable-routing-top-zero-stack-1-1-2-zs-56mm-bottom-zero-stack-1-1-2-zs-56mm-x-connect-interface-2","39":"pa_typ-mountainbike-2","40":"pa_unterkategorie-hardtail-fr","41":"pa_vorbau-cube-performance-stem-e-mtb-35-fpi-link-2","43":"first","44":"instock","45":"purchasable","46":"product-type-simple"},"_links":{"self":[{"href":"https:\/\/www.sago-bikes.com\/fr\/wp-json\/wp\/v2\/product\/240394","targetHints":{"allow":["GET"]}}],"collection":[{"href":"https:\/\/www.sago-bikes.com\/fr\/wp-json\/wp\/v2\/product"}],"about":[{"href":"https:\/\/www.sago-bikes.com\/fr\/wp-json\/wp\/v2\/types\/product"}],"replies":[{"embeddable":true,"href":"https:\/\/www.sago-bikes.com\/fr\/wp-json\/wp\/v2\/comments?post=240394"}],"wp:featuredmedia":[{"embeddable":true,"href":"https:\/\/www.sago-bikes.com\/fr\/wp-json\/wp\/v2\/media\/239224"}],"wp:attachment":[{"href":"https:\/\/www.sago-bikes.com\/fr\/wp-json\/wp\/v2\/media?parent=240394"}],"wp:term":[{"taxonomy":"product_cat","embeddable":true,"href":"https:\/\/www.sago-bikes.com\/fr\/wp-json\/wp\/v2\/product_cat?post=240394"},{"taxonomy":"product_tag","embeddable":true,"href":"https:\/\/www.sago-bikes.com\/fr\/wp-json\/wp\/v2\/product_tag?post=240394"}],"curies":[{"name":"wp","href":"https:\/\/api.w.org\/{rel}","templated":true}]}}