{"id":240400,"date":"2025-10-01T17:04:53","date_gmt":"2025-10-01T15:04:53","guid":{"rendered":"https:\/\/www.sago-bikes.com\/product\/cube-reaction-hybrid-race-800-polarlightnprism-3\/"},"modified":"2025-10-01T17:05:47","modified_gmt":"2025-10-01T15:05:47","slug":"cube-reaction-hybrid-race-800-polarlightnprism","status":"publish","type":"product","link":"https:\/\/www.sago-bikes.com\/fr\/product\/cube-reaction-hybrid-race-800-polarlightnprism\/","title":{"rendered":"Cube Reaction Hybrid Race 800 polarlight\u00b4n\u00b4prism"},"content":{"rendered":"<p>Avec son solide potentiel tout-terrain et sa batterie de 800 Wh, rien ou presque ne saurait retenir le Reaction Hybrid Race. Il est m\u00eame compatible PowerMore , vous pouvez donc ajouter une batterie suppl\u00e9mentaire de 250 Wh en option pour encore plus d&rsquo;autonomie. Son unit\u00e9 motrice Bosch CX \u00e9quip\u00e9e du Smart System dispose de la puissance n\u00e9cessaire pour vous attaquer \u00e0 n\u0092importe quel type de trajet, et sa transmission Sram Transmission 90 \u00e0 12 vitesses met \u00e0 port\u00e9e de doigts de bon ratio. Nous avons opt\u00e9 pour des pneus Schwalbe adh\u00e9rents de 2,6 pouces et les avons associ\u00e9s \u00e0 une fourche pneumatique Rockshox Recon Silver pour une combinaison optimale de confort et de contr\u00f4le. Avec ses puissants freins \u00e0 disque hydrauliques \u00e0 4 pistons, vous avez la garantie de vous arr\u00eater de mani\u00e8re s\u00e9curis\u00e9e et pr\u00e9cise, quelles que soient les conditions. Et il y a aussi une tige de selle t\u00e9lescopique, pour que vous puissiez emprunter le chemin le moins fr\u00e9quent\u00e9 et voir o\u00f9 il m\u00e8ne.<\/p>\n","protected":false},"excerpt":{"rendered":"<p>REACTION HYBRID<\/p>\n","protected":false},"featured_media":239294,"comment_status":"open","ping_status":"open","template":"","meta":{"_et_pb_use_builder":"","_et_pb_old_content":"","_et_gb_content_width":""},"product_cat":[69],"product_tag":[],"class_list":{"0":"post-240400","1":"product","2":"type-product","3":"status-publish","4":"has-post-thumbnail","6":"product_cat-velos-electriques","7":"pa_batterie-bosch-powertube-800-2","8":"pa_bremse-magura-louise-front-4-piston-rear-4-piston-hydr-disc-brake-203-2","9":"pa_farbe-polarlightnprism-2","10":"pa_gabel-rockshox-recon-silver-rl-air-tapered-15x110mm-120mm-27-5-100mm-2","11":"pa_gewicht-249-kg-2","12":"pa_griffe-acid-hybrid-perform-2","13":"pa_groessen-classic-size-split-27-5-s-29-m-l-xl-xxl-2","14":"pa_jahr-2026-fr","15":"pa_kassette-sram-xs-1270-10-52t-2","16":"pa_kette-sram-gx-eagle-transmission-2","17":"pa_kettenfuehrung-reverse-flip-guide-e-chain-guide-direct-mount-i-plate-2","18":"pa_kurbelgarnitur-acid-mtb-hybrid-pro-38t-2","19":"pa_ladegeraet-bosch-4a-2","20":"pa_laufradsatz-acid-pro-30-32-32-spokes-15x110mm-12x148mm-tubeless-ready-2","21":"pa_lenker-cube-rise-trail-bar-35-2","22":"pa_motor-bosch-drive-unit-performance-line-cx-max-100nm-bdu38-2","23":"pa_pedale-acid-pp-trekking-2","24":"pa_rahmen-aluminium-superlite-gravity-casting-technology-agile-ride-geometry-boost148-fully-integrated-battery-advanced-internal-cable-routing-1-5-headtube-kickstand-fender-carrier-mounting-points-2","25":"pa_rahmenbeschreibung-le-design-soigne-du-reaction-hybrid-nest-pas-le-fruit-du-hasard-avec-sa-batterie-powertube-de-800-wh-soigneusement-dissimulee-et-son-unite-motrice-bosch-cx-fermement-logee-ses-lignes-sveltes-c","26":"pa_reifen-schwalbe-smart-sam-active-2-6-2","27":"pa_remote-bosch-purion-200-with-integrated-display-2","28":"pa_sattel-acid-sequence-160-2","29":"pa_sattelstuetze-cube-dropper-post-handlebar-lever-internal-cable-routing-31-6mm-2","30":"pa_schalthebel-sram-eagle-90-transmission-2","31":"pa_schaltwerk-sram-eagle-90-transmission-12-speed-2","32":"pa_steuersatz-acros-azf-1034-icr-integrated-cable-routing-top-zero-stack-1-1-2-zs-56mm-bottom-zero-stack-1-1-2-zs-56mm-x-connect-interface-2","33":"pa_typ-mountainbike-2","34":"pa_unterkategorie-hardtail-fr","35":"pa_vorbau-cube-performance-stem-e-mtb-35-fpi-link-2","37":"first","38":"instock","39":"purchasable","40":"product-type-simple"},"_links":{"self":[{"href":"https:\/\/www.sago-bikes.com\/fr\/wp-json\/wp\/v2\/product\/240400","targetHints":{"allow":["GET"]}}],"collection":[{"href":"https:\/\/www.sago-bikes.com\/fr\/wp-json\/wp\/v2\/product"}],"about":[{"href":"https:\/\/www.sago-bikes.com\/fr\/wp-json\/wp\/v2\/types\/product"}],"replies":[{"embeddable":true,"href":"https:\/\/www.sago-bikes.com\/fr\/wp-json\/wp\/v2\/comments?post=240400"}],"wp:featuredmedia":[{"embeddable":true,"href":"https:\/\/www.sago-bikes.com\/fr\/wp-json\/wp\/v2\/media\/239294"}],"wp:attachment":[{"href":"https:\/\/www.sago-bikes.com\/fr\/wp-json\/wp\/v2\/media?parent=240400"}],"wp:term":[{"taxonomy":"product_cat","embeddable":true,"href":"https:\/\/www.sago-bikes.com\/fr\/wp-json\/wp\/v2\/product_cat?post=240400"},{"taxonomy":"product_tag","embeddable":true,"href":"https:\/\/www.sago-bikes.com\/fr\/wp-json\/wp\/v2\/product_tag?post=240400"}],"curies":[{"name":"wp","href":"https:\/\/api.w.org\/{rel}","templated":true}]}}