{"id":240403,"date":"2025-10-01T17:04:53","date_gmt":"2025-10-01T15:04:53","guid":{"rendered":"https:\/\/www.sago-bikes.com\/product\/cube-nuride-hybrid-performance-600-slabgreynblack-3\/"},"modified":"2025-10-01T17:05:48","modified_gmt":"2025-10-01T15:05:48","slug":"cube-nuride-hybrid-performance-600-slabgreynblack","status":"publish","type":"product","link":"https:\/\/www.sago-bikes.com\/fr\/product\/cube-nuride-hybrid-performance-600-slabgreynblack\/","title":{"rendered":"Cube Nuride Hybrid Performance 600 slabgrey\u00b4n\u00b4black"},"content":{"rendered":"<p>Qui ne voudrait pas vivre des aventures en roue libre dans sa vie ? Gr\u00e2ce \u00e0 sa robustesse et \u00e0 ses accessoires inclus, le Nuride Hybrid Performance 600 ouvre les portes du voyage sur deux roues \u00e0 presque tout le monde. Il dispose d\u0092une fourche suspendue et de larges pneus Schwalbe adh\u00e9rents pour des sorties plac\u00e9es sous le signe du confort, m\u00eame sur les routes et les chemins les plus accident\u00e9s. Les puissants freins \u00e0 disque hydrauliques Shimano permettent de ralentir et de s&rsquo;arr\u00eater en toute s\u00e9curit\u00e9, quelles que soient les conditions m\u00e9t\u00e9orologiques. Nous avons inclus tous les accessoires dont vous pourriez avoir besoin, y compris un porte-bagages, des garde-boue, des feux et une b\u00e9quille, car on ne sait jamais de quoi demain sera fait. Et la cerise sur le g\u00e2teau, bien s\u00fbr, c&rsquo;est le puissant moteur Bosch Performance avec une batterie de 600 Wh et des vitesses Shimano Cues \u00e0 10 rapports faciles \u00e0 utiliser, pour vous aider \u00e0 avancer rapidement.<\/p>\n","protected":false},"excerpt":{"rendered":"<p>NURIDE HYBRID<\/p>\n","protected":false},"featured_media":239330,"comment_status":"open","ping_status":"open","template":"","meta":{"_et_pb_use_builder":"","_et_pb_old_content":"","_et_gb_content_width":""},"product_cat":[69],"product_tag":[],"class_list":{"0":"post-240403","1":"product","2":"type-product","3":"status-publish","4":"has-post-thumbnail","6":"product_cat-velos-electriques","7":"pa_batterie-bosch-powertube-600-2","8":"pa_bremse-shimano-br-mt200-hydr-disc-brake-180-180-2","9":"pa_farbe-slapgreynblack-2","10":"pa_gabel-sr-suntour-x32-nlo-tapered-15x110mm-100mm-2","11":"pa_gepaecktraeger-acid-semi-integrated-carrier-acid-rilink-adapter-compatible-2","12":"pa_gewicht-256-kg-2","13":"pa_glocke-easy-bell-2","14":"pa_griffe-acid-hybrid-tour-2","15":"pa_groessen-classic-50cm-54cm-58cm-62cm-2","16":"pa_jahr-2026-fr","17":"pa_kassette-shimano-cues-cs-lg300-11-48t-2","18":"pa_kette-kmc-eglide-2","19":"pa_kurbelgarnitur-acid-mtb-hybrid-pro-38t-2","20":"pa_ladegeraet-bosch-2a-2","21":"pa_laufradsatz-acid-pro-25-32-32-spokes-15x110mm-12x148mm-tubeless-ready-2","22":"pa_lenker-cube-comfort-trail-bar-720mm-2","23":"pa_motor-bosch-drive-unit-performance-line-75nm-bdu34-2","24":"pa_pedale-acid-pp-trekking-2","25":"pa_rahmen-aluminium-superlite-gravity-casting-technology-efficient-comfort-geometry-boost148-udh-fully-integrated-battery-advanced-internal-cable-routing-kickstand-fender-carrier-mounting-points-2","26":"pa_rahmenbeschreibung-le-puissant-moteur-bosch-performance-avec-smart-system-bosch-et-sa-batterie-powertube-600-wh-de-nuride-hybrid-performance-sont-egalement-si-elegamment-integres-dans-le-cadre-que-vous-les-remarqu","27":"pa_reifen-schwalbe-smart-sam-activel-57-622-2","28":"pa_remote-bosch-purion-200-with-integrated-display-2","29":"pa_ruecklicht-acid-mudguard-rear-light-pro-e-12v-dc-2","30":"pa_sattel-acid-sequence-180-2","31":"pa_sattelstuetze-cube-performance-post-31-6mm-2","32":"pa_schalthebel-shimano-cues-sl-u6000-rapidfire-plus-2","33":"pa_schaltwerk-shimano-cues-rd-u6000-gs-10-speed-2","34":"pa_scheinwerfer-acid-front-light-pro-e-60-x-connect-12v-dc-2","35":"pa_schutzblech-acid-65-bb-mount-2","36":"pa_staender-acid-fm-pure-kickstand-2","37":"pa_steuersatz-acros-azf-1035-icr-integrated-cable-routing-top-zero-stack-1-1-2-zs-56mm-bottom-zero-stack-1-1-2-zs-56mm-hic-2","38":"pa_typ-city-tour-2","39":"pa_unterkategorie-offroad-fr","40":"pa_vorbau-cube-performance-stem-pro-31-8mm-2","42":"first","43":"instock","44":"purchasable","45":"product-type-simple"},"_links":{"self":[{"href":"https:\/\/www.sago-bikes.com\/fr\/wp-json\/wp\/v2\/product\/240403","targetHints":{"allow":["GET"]}}],"collection":[{"href":"https:\/\/www.sago-bikes.com\/fr\/wp-json\/wp\/v2\/product"}],"about":[{"href":"https:\/\/www.sago-bikes.com\/fr\/wp-json\/wp\/v2\/types\/product"}],"replies":[{"embeddable":true,"href":"https:\/\/www.sago-bikes.com\/fr\/wp-json\/wp\/v2\/comments?post=240403"}],"wp:featuredmedia":[{"embeddable":true,"href":"https:\/\/www.sago-bikes.com\/fr\/wp-json\/wp\/v2\/media\/239330"}],"wp:attachment":[{"href":"https:\/\/www.sago-bikes.com\/fr\/wp-json\/wp\/v2\/media?parent=240403"}],"wp:term":[{"taxonomy":"product_cat","embeddable":true,"href":"https:\/\/www.sago-bikes.com\/fr\/wp-json\/wp\/v2\/product_cat?post=240403"},{"taxonomy":"product_tag","embeddable":true,"href":"https:\/\/www.sago-bikes.com\/fr\/wp-json\/wp\/v2\/product_tag?post=240403"}],"curies":[{"name":"wp","href":"https:\/\/api.w.org\/{rel}","templated":true}]}}