{"id":240410,"date":"2025-10-01T17:05:00","date_gmt":"2025-10-01T15:05:00","guid":{"rendered":"https:\/\/www.sago-bikes.com\/product\/cube-nuride-hybrid-pro-800-flashstonenchrome-6\/"},"modified":"2025-10-01T17:05:50","modified_gmt":"2025-10-01T15:05:50","slug":"cube-nuride-hybrid-pro-800-flashstonenchrome-3","status":"publish","type":"product","link":"https:\/\/www.sago-bikes.com\/fr\/product\/cube-nuride-hybrid-pro-800-flashstonenchrome-3\/","title":{"rendered":"Cube Nuride Hybrid Pro 800 flashstone\u00b4n\u00b4chrome"},"content":{"rendered":"<p>Le Nuride Hybrid Pro 800 combine en effet la capacit\u00e9 d&rsquo;aller partout d&rsquo;un VTT \u00e0 la facilit\u00e9 d&rsquo;utilisation d&rsquo;un v\u00e9lo de ville et \u00e0 l&rsquo;adaptabilit\u00e9 d&rsquo;un v\u00e9lo de randonn\u00e9e. Avec son moteur Bosch CX souple et dynamique et sa batterie haute capacit\u00e9 de 800 Wh, il a la puissance n\u00e9cessaire pour faciliter tous les d\u00e9placements. Les l\u00e9gendaires vitesses XT 1&#215;12 de Shimano mettent le bon rapport litt\u00e9ralement au bout de vos doigts, tandis que les puissants freins \u00e0 disque hydrauliques de Shimano vous permettent de toujours garder le contr\u00f4le. Les pneus Schwalbe larges et adh\u00e9rents et la fourche suspendue pneumatique Suntour confortable soulagent les routes les plus accident\u00e9es. Et, avec l&rsquo;ensemble d&rsquo;\u00e9quipements, comprenant des garde-boue, des feux, un porte-bagages semi-int\u00e9gr\u00e9 2.0 et une b\u00e9quille, vous \u00eates pr\u00eat \u00e0 la fois pour le travail et les loisirs.<\/p>\n","protected":false},"excerpt":{"rendered":"<p>NURIDE HYBRID<\/p>\n","protected":false},"featured_media":239402,"comment_status":"open","ping_status":"open","template":"","meta":{"_et_pb_use_builder":"","_et_pb_old_content":"","_et_gb_content_width":""},"product_cat":[69],"product_tag":[],"class_list":{"0":"post-240410","1":"product","2":"type-product","3":"status-publish","4":"has-post-thumbnail","6":"product_cat-velos-electriques","7":"pa_batterie-bosch-powertube-800-2","8":"pa_bremse-shimano-br-mt200-hydr-disc-brake-180-180-2","9":"pa_farbe-flashstonenchrome-2","10":"pa_gabel-sr-suntour-nx1-32-lo-air-tapered-15x110mm-100mm-2","11":"pa_gepaecktraeger-acid-sic-2-0-rilink-2","12":"pa_gewicht-292-kg-2","13":"pa_glocke-easy-bell-2","14":"pa_griffe-acid-hybrid-tour-2","15":"pa_groessen-easy-entry-46cm-50cm-54cm-58cm-62cm-2","16":"pa_jahr-2026-fr","17":"pa_kassette-shimano-deore-cs-m6100-10-51t-2","18":"pa_kette-kmc-e12-2","19":"pa_kurbelgarnitur-acid-mtb-hybrid-pro-38t-2","20":"pa_ladegeraet-bosch-2a-2","21":"pa_laufradsatz-acid-slx-25-32-32-spokes-15x110mm-12x148mm-tubeless-ready-2","22":"pa_lenker-cube-comfort-trail-bar-720mm-2","23":"pa_motor-bosch-drive-unit-performance-line-cx-max-100nm-bdu38-2","24":"pa_pedale-acid-pp-trekking-2","25":"pa_rahmen-aluminium-superlite-gravity-casting-technology-efficient-comfort-geometry-boost148-udh-fully-integrated-battery-sic-2-0-advanced-internal-cable-routing-integrated-seatclamp-2","26":"pa_reifen-schwalbe-smart-sam-activel-57-622-2","27":"pa_remote-bosch-purion-200-with-integrated-display-2","28":"pa_ruecklicht-acid-mudguard-rear-light-pro-e-12v-dc-2","29":"pa_sattel-acid-sequence-180-2","30":"pa_sattelstuetze-cube-dropper-post-handlebar-lever-internal-cable-routing-31-6mm-2","31":"pa_schalthebel-shimano-deore-sl-m6100-2","32":"pa_schaltwerk-shimano-xt-rd-m8100-sgs-shadowplus-12-speed-2","33":"pa_scheinwerfer-acid-front-light-pro-e-60-x-connect-12v-dc-2","34":"pa_schutzblech-acid-57-sic-2-0-2","35":"pa_staender-acid-fm-pure-kickstand-2","36":"pa_steuersatz-acros-azf-1035-icr-integrated-cable-routing-top-zero-stack-1-1-2-zs-56mm-bottom-zero-stack-1-1-2-zs-56mm-hic-2","37":"pa_typ-city-tour-2","38":"pa_unterkategorie-offroad-fr","39":"pa_vorbau-cube-comfort-stem-pro-31-8mm-adjustable-2","41":"first","42":"instock","43":"purchasable","44":"product-type-simple"},"_links":{"self":[{"href":"https:\/\/www.sago-bikes.com\/fr\/wp-json\/wp\/v2\/product\/240410","targetHints":{"allow":["GET"]}}],"collection":[{"href":"https:\/\/www.sago-bikes.com\/fr\/wp-json\/wp\/v2\/product"}],"about":[{"href":"https:\/\/www.sago-bikes.com\/fr\/wp-json\/wp\/v2\/types\/product"}],"replies":[{"embeddable":true,"href":"https:\/\/www.sago-bikes.com\/fr\/wp-json\/wp\/v2\/comments?post=240410"}],"wp:featuredmedia":[{"embeddable":true,"href":"https:\/\/www.sago-bikes.com\/fr\/wp-json\/wp\/v2\/media\/239402"}],"wp:attachment":[{"href":"https:\/\/www.sago-bikes.com\/fr\/wp-json\/wp\/v2\/media?parent=240410"}],"wp:term":[{"taxonomy":"product_cat","embeddable":true,"href":"https:\/\/www.sago-bikes.com\/fr\/wp-json\/wp\/v2\/product_cat?post=240410"},{"taxonomy":"product_tag","embeddable":true,"href":"https:\/\/www.sago-bikes.com\/fr\/wp-json\/wp\/v2\/product_tag?post=240410"}],"curies":[{"name":"wp","href":"https:\/\/api.w.org\/{rel}","templated":true}]}}