{"id":240415,"date":"2025-10-01T17:05:00","date_gmt":"2025-10-01T15:05:00","guid":{"rendered":"https:\/\/www.sago-bikes.com\/product\/cube-nuride-hybrid-exc-800-lemongrassnreflex-5\/"},"modified":"2025-10-01T17:06:02","modified_gmt":"2025-10-01T15:06:02","slug":"cube-nuride-hybrid-exc-800-lemongrassnreflex-2","status":"publish","type":"product","link":"https:\/\/www.sago-bikes.com\/fr\/product\/cube-nuride-hybrid-exc-800-lemongrassnreflex-2\/","title":{"rendered":"Cube Nuride Hybrid EXC 800 lemongrass\u00b4n\u00b4reflex"},"content":{"rendered":"<p>Ne faites aucun compromis quant \u00e0 la mani\u00e8re dont vous voulez rouler ou \u00e0 votre v\u00e9lo lui-m\u00eame. Avec sa l\u00e9gendaire transmission fiable Shimano XT 1&#215;12 vitesses, son \u00e9cran Kiox 300, son unit\u00e9 motrice Bosch CX et sa batterie 800 Wh, rien ne fait peur au Nuride Hybrid EXC 800. Les pneus Schwalbe 57 mm, tr\u00e8s adh\u00e9rents, et la fourche suspendue pneumatique RockShox Recon Silver de 100 mm garantissent la souplesse et le confort, tandis que les puissants freins \u00e0 disque hydrauliques Shimano \u00e0 4 pistons vous permettent de ralentir et de vous arr\u00eater en toute s\u00e9curit\u00e9, quelles que soient les conditions m\u00e9t\u00e9orologiques. Et, bien s\u00fbr, la cerise sur le g\u00e2teau : le pack d&rsquo;accessoires inclus. Avec des garde-boue, un kit d&rsquo;\u00e9clairage, notre robuste porte-bagages semi-int\u00e9gr\u00e9 2.0 et une solide b\u00e9quille, vous avez tout ce qu&rsquo;il vous faut pour vos aventures sur deux roues.<\/p>\n","protected":false},"excerpt":{"rendered":"<p>NURIDE HYBRID<\/p>\n","protected":false},"featured_media":239458,"comment_status":"open","ping_status":"open","template":"","meta":{"_et_pb_use_builder":"","_et_pb_old_content":"","_et_gb_content_width":""},"product_cat":[69],"product_tag":[],"class_list":{"0":"post-240415","1":"product","2":"type-product","3":"status-publish","4":"has-post-thumbnail","6":"product_cat-velos-electriques","7":"pa_batterie-bosch-powertube-800-2","8":"pa_bremse-shimano-br-mt420-hydr-disc-brake-180-180-2","9":"pa_display-bosch-kiox-300-2","10":"pa_farbe-lemongrassnreflex-2","11":"pa_gabel-rockshox-recon-silver-rl-air-tapered-15x110mm-100mm-2","12":"pa_gepaecktraeger-acid-sic-2-0-rilink-2","13":"pa_gewicht-264-kg-2","14":"pa_glocke-reich-cycle-bells-ringsound-2","15":"pa_griffe-acid-hybrid-tour-2","16":"pa_groessen-trapeze-46cm-50cm-54cm-58cm-2","17":"pa_jahr-2026-fr","18":"pa_kassette-shimano-deore-cs-m6100-10-51t-2","19":"pa_kette-kmc-e12-2","20":"pa_kurbelgarnitur-acid-mtb-hybrid-pro-38t-2","21":"pa_ladegeraet-bosch-2a-2","22":"pa_laufradsatz-acid-slx-25-32-32-spokes-15x110mm-12x148mm-tubeless-ready-2","23":"pa_lenker-cube-comfort-trail-bar-hd-720mm-2","24":"pa_motor-bosch-drive-unit-performance-line-cx-max-100nm-bdu38-2","25":"pa_pedale-acid-pp-trekking-2","26":"pa_rahmen-aluminium-superlite-gravity-casting-technology-efficient-comfort-geometry-boost148-udh-fully-integrated-battery-sic-2-0-advanced-internal-cable-routing-integrated-seatclamp-2","27":"pa_reifen-schwalbe-smart-sam-activel-57-622-2","28":"pa_remote-bosch-led-remote-2","29":"pa_ruecklicht-acid-mudguard-rear-light-pro-e-12v-dc-2","30":"pa_sattel-acid-sequence-180-2","31":"pa_sattelstuetze-cube-dropper-post-handlebar-lever-internal-cable-routing-31-6mm-2","32":"pa_schalthebel-shimano-deore-sl-m6100-ir-direct-attach-2","33":"pa_schaltwerk-shimano-xt-rd-m8100-sgs-shadowplus-12-speed-2","34":"pa_scheinwerfer-acid-front-light-pro-e-60-x-connect-12v-dc-2","35":"pa_schutzblech-acid-57-sic-2-0-2","36":"pa_staender-acid-fm-pure-kickstand-2","37":"pa_steuersatz-acros-azf-1035-icr-integrated-cable-routing-top-zero-stack-1-1-2-zs-56mm-bottom-zero-stack-1-1-2-zs-56mm-hic-2","38":"pa_typ-city-tour-2","39":"pa_unterkategorie-offroad-fr","40":"pa_vorbau-cube-performance-stem-pro-31-8mm-2","42":"first","43":"instock","44":"purchasable","45":"product-type-simple"},"_links":{"self":[{"href":"https:\/\/www.sago-bikes.com\/fr\/wp-json\/wp\/v2\/product\/240415","targetHints":{"allow":["GET"]}}],"collection":[{"href":"https:\/\/www.sago-bikes.com\/fr\/wp-json\/wp\/v2\/product"}],"about":[{"href":"https:\/\/www.sago-bikes.com\/fr\/wp-json\/wp\/v2\/types\/product"}],"replies":[{"embeddable":true,"href":"https:\/\/www.sago-bikes.com\/fr\/wp-json\/wp\/v2\/comments?post=240415"}],"wp:featuredmedia":[{"embeddable":true,"href":"https:\/\/www.sago-bikes.com\/fr\/wp-json\/wp\/v2\/media\/239458"}],"wp:attachment":[{"href":"https:\/\/www.sago-bikes.com\/fr\/wp-json\/wp\/v2\/media?parent=240415"}],"wp:term":[{"taxonomy":"product_cat","embeddable":true,"href":"https:\/\/www.sago-bikes.com\/fr\/wp-json\/wp\/v2\/product_cat?post=240415"},{"taxonomy":"product_tag","embeddable":true,"href":"https:\/\/www.sago-bikes.com\/fr\/wp-json\/wp\/v2\/product_tag?post=240415"}],"curies":[{"name":"wp","href":"https:\/\/api.w.org\/{rel}","templated":true}]}}