{"id":240419,"date":"2025-10-01T17:05:00","date_gmt":"2025-10-01T15:05:00","guid":{"rendered":"https:\/\/www.sago-bikes.com\/product\/cube-nuride-hybrid-slx-800-skylightnarubablue-4\/"},"modified":"2025-10-01T17:06:07","modified_gmt":"2025-10-01T15:06:07","slug":"cube-nuride-hybrid-slx-800-skylightnarubablue-2","status":"publish","type":"product","link":"https:\/\/www.sago-bikes.com\/fr\/product\/cube-nuride-hybrid-slx-800-skylightnarubablue-2\/","title":{"rendered":"Cube Nuride Hybrid SLX 800 skylight\u00b4n\u00b4arubablue"},"content":{"rendered":"<p>Un bon v\u00e9lo ouvre de nouvelles possibilit\u00e9s. L&rsquo;approche sans compromis du Nuride Hybrid SLX 800 signifie que vous pouvez compter sur lui pour aller partout, et en revenir, avec confort et style. Le moteur Bosch CX et la batterie de 800 Wh simplifient le p\u00e9dalage et vous permettent de simplement profiter de la balade. La fourche suspendue Fox 34 Float AWL offre un confort d&rsquo;absorption des chocs de 100 mm en douceur et facilement r\u00e9glable. La large gamme de la transmission Shimano XT 1&#215;12 vitesses facilite la t\u00e2che sur n&rsquo;importe quel itin\u00e9raire, aussi vallonn\u00e9 soit-il. Une paire de roues Newmen Performance 25 avec des pneus Schwalbe 57 mm G-One Allround \u00e0 roulement rapide s&rsquo;attaque \u00e0 n&rsquo;importe quelle surface de route ou de sentier, et de puissants freins \u00e0 disque hydrauliques Shimano XT assurent un arr\u00eat s\u00fbr et pr\u00e9visible par tous les temps. Avec les accessoires inclus (garde-boue, feux, porte-bagages semi-int\u00e9gr\u00e9 2.0 et b\u00e9quille), vous \u00eates pr\u00eat pour presque toutes les aventures.<\/p>\n","protected":false},"excerpt":{"rendered":"<p>NURIDE HYBRID<\/p>\n","protected":false},"featured_media":239498,"comment_status":"open","ping_status":"open","template":"","meta":{"_et_pb_use_builder":"","_et_pb_old_content":"","_et_gb_content_width":""},"product_cat":[69],"product_tag":[],"class_list":{"0":"post-240419","1":"product","2":"type-product","3":"status-publish","4":"has-post-thumbnail","6":"product_cat-velos-electriques","7":"pa_batterie-bosch-powertube-800-2","8":"pa_bremse-shimano-xt-br-m8120-hydr-disc-brake-180-180-2","9":"pa_display-bosch-kiox-500-2","10":"pa_farbe-skylightnarubablue-2","11":"pa_gabel-fox-34-float-awl-2-position-sweep-adjust-rail-damper-tapered-15x110mm-e-bike-optimized-100mm-2","12":"pa_gepaecktraeger-acid-sic-2-0-rilink-2","13":"pa_gewicht-277-kg-2","14":"pa_glocke-reich-cycle-bells-ringsound-2","15":"pa_griffe-acid-hybrid-tour-2","16":"pa_groessen-easy-entry-46cm-50cm-54cm-58cm-62cm-2","17":"pa_jahr-2026-fr","18":"pa_kassette-shimano-deore-cs-m6100-10-51t-2","19":"pa_kette-kmc-e12-2","20":"pa_kurbelgarnitur-acid-mtb-hybrid-pro-38t-2","21":"pa_ladegeraet-bosch-4a-2","22":"pa_laufradsatz-newmen-performance-25-base-strong-28-28-spokes-15x110mm-12x148mm-tubeless-ready-2","23":"pa_lenker-cube-comfort-trail-bar-hd-720mm-2","24":"pa_motor-bosch-drive-unit-performance-line-cx-max-100nm-bdu38-2","25":"pa_pedale-acid-pp-trekking-2","26":"pa_rahmen-aluminium-superlite-gravity-casting-technology-efficient-comfort-geometry-boost148-udh-fully-integrated-battery-sic-2-0-advanced-internal-cable-routing-integrated-seatclamp-2","27":"pa_reifen-schwalbe-g-one-allround-perfl-57-622-2","28":"pa_remote-bosch-led-remote-2","29":"pa_ruecklicht-acid-mudguard-rear-light-pro-e-12v-dc-2","30":"pa_sattel-acid-sequence-pro-170-2","31":"pa_sattelstuetze-cube-dropper-post-handlebar-lever-internal-cable-routing-31-6mm-2","32":"pa_schalthebel-shimano-xt-sl-m8100-ir-12-speed-2","33":"pa_schaltwerk-shimano-xt-rd-m8100-sgs-shadowplus-12-speed-2","34":"pa_scheinwerfer-acid-front-light-pro-e-150-x-connect-12v-dc-2","35":"pa_schutzblech-acid-57-sic-2-0-2","36":"pa_staender-acid-fm-pure-kickstand-2","37":"pa_steuersatz-acros-azf-1035-icr-integrated-cable-routing-top-zero-stack-1-1-2-zs-56mm-bottom-zero-stack-1-1-2-zs-56mm-hic-2","38":"pa_typ-city-tour-2","39":"pa_unterkategorie-offroad-fr","40":"pa_vorbau-cube-comfort-stem-pro-31-8mm-adjustable-2","42":"first","43":"instock","44":"purchasable","45":"product-type-simple"},"_links":{"self":[{"href":"https:\/\/www.sago-bikes.com\/fr\/wp-json\/wp\/v2\/product\/240419","targetHints":{"allow":["GET"]}}],"collection":[{"href":"https:\/\/www.sago-bikes.com\/fr\/wp-json\/wp\/v2\/product"}],"about":[{"href":"https:\/\/www.sago-bikes.com\/fr\/wp-json\/wp\/v2\/types\/product"}],"replies":[{"embeddable":true,"href":"https:\/\/www.sago-bikes.com\/fr\/wp-json\/wp\/v2\/comments?post=240419"}],"wp:featuredmedia":[{"embeddable":true,"href":"https:\/\/www.sago-bikes.com\/fr\/wp-json\/wp\/v2\/media\/239498"}],"wp:attachment":[{"href":"https:\/\/www.sago-bikes.com\/fr\/wp-json\/wp\/v2\/media?parent=240419"}],"wp:term":[{"taxonomy":"product_cat","embeddable":true,"href":"https:\/\/www.sago-bikes.com\/fr\/wp-json\/wp\/v2\/product_cat?post=240419"},{"taxonomy":"product_tag","embeddable":true,"href":"https:\/\/www.sago-bikes.com\/fr\/wp-json\/wp\/v2\/product_tag?post=240419"}],"curies":[{"name":"wp","href":"https:\/\/api.w.org\/{rel}","templated":true}]}}