{"id":240420,"date":"2025-10-01T17:05:00","date_gmt":"2025-10-01T15:05:00","guid":{"rendered":"https:\/\/www.sago-bikes.com\/product\/cube-touring-hybrid-one-600-glaciernreflex-3\/"},"modified":"2025-10-01T17:06:08","modified_gmt":"2025-10-01T15:06:08","slug":"cube-touring-hybrid-one-600-glaciernreflex","status":"publish","type":"product","link":"https:\/\/www.sago-bikes.com\/fr\/product\/cube-touring-hybrid-one-600-glaciernreflex\/","title":{"rendered":"Cube Touring Hybrid ONE 600 glacier\u00b4n\u00b4reflex"},"content":{"rendered":"<p>Que ce soit pour faire un saut au magasins ou partir \u00e0 l\u0092aventure, le Touring Hybrid ONE poss\u00e8de tout ce dont vous avez besoin. Son puissant moteur Bosch Performance avec Smart System et \u00e9cran Purion 200, sa batterie de 600 Wh et sa transmission Shimano CUES 9 vitesses facile \u00e0 utiliser facilitent chacun de vos d\u00e9placements. Il est \u00e9quip\u00e9 d&rsquo;une fourche suspendue, pour une conduite plus confortable, m\u00eame sur les routes les plus accident\u00e9es. Nous l\u0092avons \u00e9quip\u00e9 de puissants freins \u00e0 disque hydrauliques Shimano afin de vous garantir un freinage s\u00e9curis\u00e9, quelle que soit la m\u00e9t\u00e9o. Gr\u00e2ce \u00e0 son large choix de styles et de tailles de cadres, vous avez la certitude de trouver un Touring Hybrid \u00e9l\u00e9gant et taill\u00e9 sur mesure pour vous. Et une gamme compl\u00e8te d&rsquo;accessoires (porte-bagages semi-int\u00e9gr\u00e9 2.0, garde-boue, \u00e9clairage et b\u00e9quille) vous pr\u00e9pare \u00e0 faire face \u00e0 toutes les \u00e9ventualit\u00e9s.<\/p>\n","protected":false},"excerpt":{"rendered":"<p>TOURING HYBRID<\/p>\n","protected":false},"featured_media":239510,"comment_status":"open","ping_status":"open","template":"","meta":{"_et_pb_use_builder":"","_et_pb_old_content":"","_et_gb_content_width":""},"product_cat":[69],"product_tag":[],"class_list":{"0":"post-240420","1":"product","2":"type-product","3":"status-publish","4":"has-post-thumbnail","6":"product_cat-velos-electriques","7":"pa_batterie-bosch-powertube-600-2","8":"pa_bremse-shimano-br-mt200-hydr-disc-brake-180-180-2","9":"pa_farbe-glaciernreflex-2","10":"pa_gabel-sr-suntour-x32-nlo-tapered-15x110mm-100mm-2","11":"pa_gepaecktraeger-acid-sic-2-0-rilink-2","12":"pa_gewicht-261-kg-2","13":"pa_glocke-easy-bell-2","14":"pa_griffe-acid-travel-comfort-2","15":"pa_groessen-trapeze-46cm-50cm-54cm-58cm-2","16":"pa_jahr-2026-fr","17":"pa_kassette-shimano-cues-cs-lg300-11-46t-2","18":"pa_kette-kmc-eglide-2","19":"pa_kurbelgarnitur-acid-trekking-hybrid-40t-2","20":"pa_ladegeraet-bosch-2a-2","21":"pa_laufradsatz-acid-pro-25-32-32-spokes-15x110mm-12x148mm-tubeless-ready-2","22":"pa_lenker-cube-comfort-trail-bar-700mm-2","23":"pa_motor-bosch-drive-unit-performance-line-75nm-bdu34-2","24":"pa_pedale-acid-pp-trekking-2","25":"pa_rahmen-aluminium-superlite-gravity-casting-technology-efficient-comfort-geometry-boost148-udh-fully-integrated-battery-sic-2-0-advanced-internal-cable-routing-integrated-seatclamp-2","26":"pa_rahmenbeschreibung-il-semble-familier-mais-le-touring-hybrid-regorge-de-touches-de-design-soignees-pour-vous-faciliter-la-vie-tout-dabord-il-y-a-notre-porte-bagages-semi-integre-2-0-elegant-et-robuste-qui-vo","27":"pa_reifen-schwalbe-motion-big-apple-perfl-55-622-2","28":"pa_remote-bosch-purion-200-with-integrated-display-2","29":"pa_ruecklicht-acid-mudguard-rear-light-pro-e-12v-dc-2","30":"pa_sattel-acid-sequence-180-2","31":"pa_sattelstuetze-cube-performance-post-31-6mm-2","32":"pa_schalthebel-shimano-cues-sl-u4010-rapidfire-plus-2","33":"pa_schaltwerk-shimano-cues-rd-u4000-gs-9-speed-2","34":"pa_scheinwerfer-acid-front-light-pro-e-60-x-connect-12v-dc-2","35":"pa_schutzblech-acid-57-sic-2-0-2","36":"pa_staender-acid-fm-pure-kickstand-2","37":"pa_steuersatz-acros-azf-1035-icr-integrated-cable-routing-top-zero-stack-1-1-2-zs-56mm-bottom-zero-stack-1-1-2-zs-56mm-hic-2","38":"pa_typ-city-tour-2","39":"pa_unterkategorie-on-road-fr","40":"pa_vorbau-cube-comfort-stem-pro-31-8mm-adjustable-2","42":"first","43":"instock","44":"purchasable","45":"product-type-simple"},"_links":{"self":[{"href":"https:\/\/www.sago-bikes.com\/fr\/wp-json\/wp\/v2\/product\/240420","targetHints":{"allow":["GET"]}}],"collection":[{"href":"https:\/\/www.sago-bikes.com\/fr\/wp-json\/wp\/v2\/product"}],"about":[{"href":"https:\/\/www.sago-bikes.com\/fr\/wp-json\/wp\/v2\/types\/product"}],"replies":[{"embeddable":true,"href":"https:\/\/www.sago-bikes.com\/fr\/wp-json\/wp\/v2\/comments?post=240420"}],"wp:featuredmedia":[{"embeddable":true,"href":"https:\/\/www.sago-bikes.com\/fr\/wp-json\/wp\/v2\/media\/239510"}],"wp:attachment":[{"href":"https:\/\/www.sago-bikes.com\/fr\/wp-json\/wp\/v2\/media?parent=240420"}],"wp:term":[{"taxonomy":"product_cat","embeddable":true,"href":"https:\/\/www.sago-bikes.com\/fr\/wp-json\/wp\/v2\/product_cat?post=240420"},{"taxonomy":"product_tag","embeddable":true,"href":"https:\/\/www.sago-bikes.com\/fr\/wp-json\/wp\/v2\/product_tag?post=240420"}],"curies":[{"name":"wp","href":"https:\/\/api.w.org\/{rel}","templated":true}]}}