{"id":240422,"date":"2025-10-01T17:05:00","date_gmt":"2025-10-01T15:05:00","guid":{"rendered":"https:\/\/www.sago-bikes.com\/product\/cube-touring-hybrid-pro-800-pearlgreyngrey-4\/"},"modified":"2025-10-01T17:06:10","modified_gmt":"2025-10-01T15:06:10","slug":"cube-touring-hybrid-pro-800-pearlgreyngrey","status":"publish","type":"product","link":"https:\/\/www.sago-bikes.com\/fr\/product\/cube-touring-hybrid-pro-800-pearlgreyngrey\/","title":{"rendered":"Cube Touring Hybrid Pro 800 pearlgrey\u00b4n\u00b4grey"},"content":{"rendered":"<p>Le Touring Hybrid Pro prouve \u00e0 quel point un v\u00e9lo digne de ce nom peut \u00eatre polyvalent. Son puissant moteur Bosch PX, sa batterie de 800 Wh et sa transmission Shimano Cues 11 vitesses sont capables de vous emmener d&rsquo;un point A \u00e0 un point B vite et facilement. Il dispose d\u0092un jeu de freins \u00e0 disque hydrauliques Shimano aussi puissants que souples afin de vous permettre de ralentir et de vous arr\u00eater en toute s\u00e9curit\u00e9, quelle que soit la m\u00e9t\u00e9o. Ses accessoires pratiques que sont son solide syst\u00e8me de porte-bagages semi-int\u00e9gr\u00e9 2.0, ses garde-boue, ses feux et sa b\u00e9quille vous permettent de disposer de tout ce dont vous avez besoin pour le travail ou le loisir. Son Efficient Comfort Geometry et sa fourche \u00e0 suspension pneumatique transforment chacun de vos d\u00e9placements en une source de plaisir. Enfin, parce que nous avons d\u00e9velopp\u00e9 une large gamme de tailles et de styles de cadre, vous trouverez forc\u00e9ment un mod\u00e8le qui vous correspond parfaitement.<\/p>\n","protected":false},"excerpt":{"rendered":"<p>TOURING HYBRID<\/p>\n","protected":false},"featured_media":239532,"comment_status":"open","ping_status":"open","template":"","meta":{"_et_pb_use_builder":"","_et_pb_old_content":"","_et_gb_content_width":""},"product_cat":[69],"product_tag":[],"class_list":{"0":"post-240422","1":"product","2":"type-product","3":"status-publish","4":"has-post-thumbnail","6":"product_cat-velos-electriques","7":"pa_batterie-bosch-powertube-800-2","8":"pa_bremse-shimano-br-mt200-hydr-disc-brake-180-180-2","9":"pa_farbe-pearlgreyngrey-2","10":"pa_gabel-sr-suntour-nx1-32-lo-air-tapered-15x110mm-100mm-2","11":"pa_gepaecktraeger-acid-sic-2-0-rilink-2","12":"pa_gewicht-274-kg-2","13":"pa_glocke-reich-cycle-bells-ringsound-2","14":"pa_griffe-acid-travel-comfort-2","15":"pa_groessen-classic-50cm-54cm-58cm-62cm-2","16":"pa_jahr-2026-fr","17":"pa_kassette-shimano-cues-cs-lg400-11-50t-2","18":"pa_kette-kmc-eglide-2","19":"pa_kurbelgarnitur-acid-trekking-hybrid-40t-2","20":"pa_ladegeraet-bosch-2a-2","21":"pa_laufradsatz-acid-pro-25-32-32-spokes-15x110mm-12x148mm-tubeless-ready-2","22":"pa_lenker-cube-comfort-trail-bar-700mm-2","23":"pa_motor-bosch-drive-unit-performance-line-px-max-90nm-bdu34-2","24":"pa_pedale-acid-pp-trekking-2","25":"pa_rahmen-aluminium-superlite-gravity-casting-technology-efficient-comfort-geometry-boost148-udh-fully-integrated-battery-sic-2-0-advanced-internal-cable-routing-integrated-seatclamp-2","26":"pa_rahmenbeschreibung-le-touring-hybrid-a-ete-concu-pour-etre-versatile-facile-a-vivre-et-confortable-cest-la-raison-pour-laquelle-nous-avons-commence-avec-notre-porte-bagages-semi-integre-2-0-a-la-fois-soign","27":"pa_reifen-schwalbe-motion-big-apple-perfl-55-622-2","28":"pa_remote-bosch-purion-200-with-integrated-display-2","29":"pa_ruecklicht-acid-mudguard-rear-light-pro-e-12v-dc-2","30":"pa_sattel-acid-sequence-180-2","31":"pa_sattelstuetze-cube-suspension-seatpost-hd-31-6mm-2","32":"pa_schalthebel-shimano-cues-sl-u6000-rapidfire-plus-2","33":"pa_schaltwerk-shimano-cues-rd-u6000-gs-11-speed-2","34":"pa_scheinwerfer-acid-front-light-pro-e-60-x-connect-12v-dc-2","35":"pa_schutzblech-acid-57-sic-2-0-2","36":"pa_staender-acid-fm-pure-kickstand-2","37":"pa_steuersatz-acros-azf-1035-icr-integrated-cable-routing-top-zero-stack-1-1-2-zs-56mm-bottom-zero-stack-1-1-2-zs-56mm-hic-2","38":"pa_typ-city-tour-2","39":"pa_unterkategorie-on-road-fr","40":"pa_vorbau-cube-comfort-stem-pro-31-8mm-adjustable-2","42":"first","43":"instock","44":"purchasable","45":"product-type-simple"},"_links":{"self":[{"href":"https:\/\/www.sago-bikes.com\/fr\/wp-json\/wp\/v2\/product\/240422","targetHints":{"allow":["GET"]}}],"collection":[{"href":"https:\/\/www.sago-bikes.com\/fr\/wp-json\/wp\/v2\/product"}],"about":[{"href":"https:\/\/www.sago-bikes.com\/fr\/wp-json\/wp\/v2\/types\/product"}],"replies":[{"embeddable":true,"href":"https:\/\/www.sago-bikes.com\/fr\/wp-json\/wp\/v2\/comments?post=240422"}],"wp:featuredmedia":[{"embeddable":true,"href":"https:\/\/www.sago-bikes.com\/fr\/wp-json\/wp\/v2\/media\/239532"}],"wp:attachment":[{"href":"https:\/\/www.sago-bikes.com\/fr\/wp-json\/wp\/v2\/media?parent=240422"}],"wp:term":[{"taxonomy":"product_cat","embeddable":true,"href":"https:\/\/www.sago-bikes.com\/fr\/wp-json\/wp\/v2\/product_cat?post=240422"},{"taxonomy":"product_tag","embeddable":true,"href":"https:\/\/www.sago-bikes.com\/fr\/wp-json\/wp\/v2\/product_tag?post=240422"}],"curies":[{"name":"wp","href":"https:\/\/api.w.org\/{rel}","templated":true}]}}