{"id":240431,"date":"2025-10-01T17:05:06","date_gmt":"2025-10-01T15:05:06","guid":{"rendered":"https:\/\/www.sago-bikes.com\/product\/cube-touring-hybrid-comfort-slx-800-chillinchrome-5\/"},"modified":"2025-10-01T17:06:14","modified_gmt":"2025-10-01T15:06:14","slug":"cube-touring-hybrid-comfort-slx-800-chillinchrome-2","status":"publish","type":"product","link":"https:\/\/www.sago-bikes.com\/fr\/product\/cube-touring-hybrid-comfort-slx-800-chillinchrome-2\/","title":{"rendered":"Cube Touring Hybrid Comfort SLX 800 chilli\u00b4n\u00b4chrome"},"content":{"rendered":"<p>Il est agr\u00e9able d&rsquo;avoir \u00e0 port\u00e9e de main un v\u00e9lo sur lequel vous pouvez monter et rouler avec un minimum de tracas. C&rsquo;\u00e9tait notre objectif avec le Touring Hybrid Comfort SLX, et nous pensons l&rsquo;avoir atteint. Les moyeux \u00e0 5 vitesses de Shimano sont simples \u00e0 utiliser, durables et n\u00e9cessitent peu d&rsquo;entretien&#8230; ce qui en fait le compagnon id\u00e9al du puissant moteur PX et de la batterie 800 Wh de Bosch. Une fourche \u00e0 suspension pneumatique permet d&rsquo;effectuer un travail ais\u00e9 sur n&rsquo;importe quelle surface, et les freins \u00e0 disque hydrauliques Shimano offrent des performances fiables par tous les temps. Avec le porte-bagages semi-int\u00e9gr\u00e9 2.0, les feux, les garde-boue et la b\u00e9quille, c&rsquo;est le compagnon id\u00e9al pour les deux-roues.<\/p>\n","protected":false},"excerpt":{"rendered":"<p>TOURING HYBRID COMFORT<\/p>\n","protected":false},"featured_media":239640,"comment_status":"open","ping_status":"open","template":"","meta":{"_et_pb_use_builder":"","_et_pb_old_content":"","_et_gb_content_width":""},"product_cat":[69],"product_tag":[],"class_list":{"0":"post-240431","1":"product","2":"type-product","3":"status-publish","4":"has-post-thumbnail","6":"product_cat-velos-electriques","7":"pa_batterie-bosch-powertube-800-2","8":"pa_bremse-shimano-br-mt200-hydr-disc-brake-180-180-2","9":"pa_farbe-chillinchrome-2","10":"pa_felgen-acid-pro-25-32h-disc-tubeless-ready-2","11":"pa_gabel-sr-suntour-nx1-32-lo-air-tapered-15x110mm-100mm-2","12":"pa_gepaecktraeger-acid-sic-2-0-rilink-2","13":"pa_gewicht-273-kg-2","14":"pa_glocke-reich-cycle-bells-ringsound-2","15":"pa_griffe-acid-travel-comfort-gripshift-2","16":"pa_groessen-trapeze-46cm-50cm-54cm-58cm-2","17":"pa_jahr-2026-fr","18":"pa_kassette-gates-rear-sprocket-cdx-34t-2","19":"pa_kurbelgarnitur-acid-trekking-hybrid-48t-2","20":"pa_ladegeraet-bosch-2a-2","21":"pa_lenker-cube-comfort-trail-bar-700mm-2","22":"pa_motor-bosch-drive-unit-performance-line-px-max-90nm-bdu34-2","23":"pa_nabehinten-shimano-nexus-sg-c7000-5d-5-speed-centerlock-nut-2","24":"pa_nabevorn-acid-pro-15mm-boost-centerlock-2","25":"pa_pedale-acid-pp-trekking-2","26":"pa_rahmen-aluminium-superlite-gravity-casting-technology-efficient-comfort-geometry-fully-integrated-battery-sic-2-0-advanced-internal-cable-routing-integrated-seatclamp-2","27":"pa_rahmenbeschreibung-il-semble-familier-mais-le-touring-hybrid-regorge-de-touches-de-design-soignees-pour-vous-faciliter-la-vie-tout-dabord-il-y-a-notre-porte-bagages-semi-integre-2-0-elegant-et-robuste-qui-vo","28":"pa_reifen-schwalbe-motion-big-apple-perfl-55-622-2","29":"pa_remote-bosch-purion-200-with-integrated-display-2","30":"pa_riemen-gates-cdx-132t-2","31":"pa_ruecklicht-acid-mudguard-rear-light-pro-e-12v-dc-2","32":"pa_sattel-acid-sequence-180-2","33":"pa_sattelstuetze-cube-suspension-seatpost-hd-31-6mm-2","34":"pa_schalthebel-shimano-nexus-sl-c7000-5-revoshift-2","35":"pa_scheinwerfer-acid-front-light-pro-e-60-x-connect-12v-dc-2","36":"pa_schutzblech-acid-57-sic-2-0-2","37":"pa_staender-acid-fm-pure-kickstand-2","38":"pa_steuersatz-acros-azf-1035-icr-integrated-cable-routing-top-zero-stack-1-1-2-zs-56mm-bottom-zero-stack-1-1-2-zs-56mm-hic-2","39":"pa_typ-city-tour-2","40":"pa_unterkategorie-on-road-fr","41":"pa_vorbau-cube-comfort-stem-pro-31-8mm-adjustable-2","43":"first","44":"instock","45":"purchasable","46":"product-type-simple"},"_links":{"self":[{"href":"https:\/\/www.sago-bikes.com\/fr\/wp-json\/wp\/v2\/product\/240431","targetHints":{"allow":["GET"]}}],"collection":[{"href":"https:\/\/www.sago-bikes.com\/fr\/wp-json\/wp\/v2\/product"}],"about":[{"href":"https:\/\/www.sago-bikes.com\/fr\/wp-json\/wp\/v2\/types\/product"}],"replies":[{"embeddable":true,"href":"https:\/\/www.sago-bikes.com\/fr\/wp-json\/wp\/v2\/comments?post=240431"}],"wp:featuredmedia":[{"embeddable":true,"href":"https:\/\/www.sago-bikes.com\/fr\/wp-json\/wp\/v2\/media\/239640"}],"wp:attachment":[{"href":"https:\/\/www.sago-bikes.com\/fr\/wp-json\/wp\/v2\/media?parent=240431"}],"wp:term":[{"taxonomy":"product_cat","embeddable":true,"href":"https:\/\/www.sago-bikes.com\/fr\/wp-json\/wp\/v2\/product_cat?post=240431"},{"taxonomy":"product_tag","embeddable":true,"href":"https:\/\/www.sago-bikes.com\/fr\/wp-json\/wp\/v2\/product_tag?post=240431"}],"curies":[{"name":"wp","href":"https:\/\/api.w.org\/{rel}","templated":true}]}}