{"id":240436,"date":"2025-10-01T17:05:06","date_gmt":"2025-10-01T15:05:06","guid":{"rendered":"https:\/\/www.sago-bikes.com\/product\/cube-kathmandu-hybrid-one-800-peangreen-2\/"},"modified":"2025-10-01T17:06:29","modified_gmt":"2025-10-01T15:06:29","slug":"cube-kathmandu-hybrid-one-800-peangreen","status":"publish","type":"product","link":"https:\/\/www.sago-bikes.com\/fr\/product\/cube-kathmandu-hybrid-one-800-peangreen\/","title":{"rendered":"Cube Kathmandu Hybrid ONE 800 pea\u00b4n\u00b4green"},"content":{"rendered":"<p>L&rsquo;aventure, c\u0092est vous qui l\u0092a cr\u00e9\u00e9, et le Kathmandu Hybrid ONE de CUBE am\u00e9liorera toute aventure propuls\u00e9e par des p\u00e9dales. Avec sa batterie PowerTube de 800 Wh et son moteur Bosch CX, vous disposez d&rsquo;une assistance au p\u00e9dalage allant jusqu&rsquo;\u00e0 85 Nm. Combin\u00e9 \u00e0 la facilit\u00e9 de changement de vitesse et \u00e0 la large plage de la transmission Shimano Cues 1&#215;10 vitesses, c&rsquo;est plus que suffisant pour emprunter n&rsquo;importe quel itin\u00e9raire en toute simplicit\u00e9. La fourche suspendue pneumatique Suntour, la tige de selle suspendue et la potence r\u00e9glable sont l\u00e0 pour rendre agr\u00e9ables m\u00eame les journ\u00e9es les plus longues pass\u00e9es sur la selle. Les freins \u00e0 disque hydrauliques Shimano solides et fiables vous permettent de vous arr\u00eater en toute s\u00e9curit\u00e9 par tous les temps. Et une gamme compl\u00e8te d&rsquo;accessoires, notamment des phares et des garde-boue pour accompagner notre Integrated Carrier 3.0, vous pr\u00e9pare \u00e0 toute \u00e9ventualit\u00e9.<\/p>\n","protected":false},"excerpt":{"rendered":"<p>KATHMANDU HYBRID<\/p>\n","protected":false},"featured_media":239696,"comment_status":"open","ping_status":"open","template":"","meta":{"_et_pb_use_builder":"","_et_pb_old_content":"","_et_gb_content_width":""},"product_cat":[69],"product_tag":[],"class_list":{"0":"post-240436","1":"product","2":"type-product","3":"status-publish","4":"has-post-thumbnail","6":"product_cat-velos-electriques","7":"pa_batterie-bosch-powertube-800-2","8":"pa_bremse-shimano-br-mt200-hydr-disc-brake-180-180-2","9":"pa_farbe-peangreen-2","10":"pa_gabel-sr-suntour-nx1-32-lo-air-tapered-15x110mm-100mm-2","11":"pa_gepaecktraeger-acid-integrated-carrier-3-0-cube-adapter-compatible-2","12":"pa_gewicht-293-kg-2","13":"pa_glocke-easy-bell-2","14":"pa_griffe-acid-travel-comfort-2","15":"pa_groessen-easy-entry-46cm-50cm-54cm-58cm-62cm-2","16":"pa_jahr-2026-fr","17":"pa_kassette-shimano-cues-cs-lg300-11-48t-2","18":"pa_kette-kmc-eglide-2","19":"pa_kurbelgarnitur-acid-mtb-hybrid-pro-40t-2","20":"pa_ladegeraet-bosch-2a-2","21":"pa_laufradsatz-acid-pro-25-32-32-spokes-15x110mm-12x148mm-tubeless-ready-2","22":"pa_lenker-cube-comfort-trail-bar-700mm-2","23":"pa_motor-bosch-drive-unit-performance-line-cx-max-100nm-bdu38-2","24":"pa_pedale-acid-pp-trekking-2","25":"pa_rahmen-aluminium-superlite-gravity-casting-technology-efficient-comfort-geometry-boost148-udh-fully-integrated-battery-ic-3-0-advanced-internal-cable-routing-integrated-seatclamp-2","26":"pa_reifen-schwalbe-motion-big-apple-perfl-55-622-2","27":"pa_remote-bosch-purion-200-with-integrated-display-2","28":"pa_ruecklicht-acid-mudguard-rear-light-pro-e-12v-dc-2","29":"pa_sattel-acid-sequence-180-2","30":"pa_sattelstuetze-cube-suspension-seatpost-hd-31-6mm-2","31":"pa_schalthebel-shimano-cues-sl-u6000-rapidfire-plus-2","32":"pa_schaltwerk-shimano-cues-rd-u6000-gs-10-speed-2","33":"pa_scheinwerfer-acid-front-light-pro-e-60-x-connect-12v-dc-2","34":"pa_schutzblech-acid-65-integrated-carrier-3-0-2","35":"pa_staender-acid-fm-pure-kickstand-2","36":"pa_steuersatz-acros-azf-1035-icr-integrated-cable-routing-top-zero-stack-1-1-2-zs-56mm-bottom-zero-stack-1-1-2-zs-56mm-hic-2","37":"pa_typ-city-tour-2","38":"pa_unterkategorie-on-road-fr","39":"pa_vorbau-cube-comfort-stem-pro-31-8mm-adjustable-2","41":"first","42":"instock","43":"purchasable","44":"product-type-simple"},"_links":{"self":[{"href":"https:\/\/www.sago-bikes.com\/fr\/wp-json\/wp\/v2\/product\/240436","targetHints":{"allow":["GET"]}}],"collection":[{"href":"https:\/\/www.sago-bikes.com\/fr\/wp-json\/wp\/v2\/product"}],"about":[{"href":"https:\/\/www.sago-bikes.com\/fr\/wp-json\/wp\/v2\/types\/product"}],"replies":[{"embeddable":true,"href":"https:\/\/www.sago-bikes.com\/fr\/wp-json\/wp\/v2\/comments?post=240436"}],"wp:featuredmedia":[{"embeddable":true,"href":"https:\/\/www.sago-bikes.com\/fr\/wp-json\/wp\/v2\/media\/239696"}],"wp:attachment":[{"href":"https:\/\/www.sago-bikes.com\/fr\/wp-json\/wp\/v2\/media?parent=240436"}],"wp:term":[{"taxonomy":"product_cat","embeddable":true,"href":"https:\/\/www.sago-bikes.com\/fr\/wp-json\/wp\/v2\/product_cat?post=240436"},{"taxonomy":"product_tag","embeddable":true,"href":"https:\/\/www.sago-bikes.com\/fr\/wp-json\/wp\/v2\/product_tag?post=240436"}],"curies":[{"name":"wp","href":"https:\/\/api.w.org\/{rel}","templated":true}]}}