{"id":240438,"date":"2025-10-01T17:05:06","date_gmt":"2025-10-01T15:05:06","guid":{"rendered":"https:\/\/www.sago-bikes.com\/product\/cube-kathmandu-hybrid-pro-800-sunglownchrome-4\/"},"modified":"2025-10-01T17:06:29","modified_gmt":"2025-10-01T15:06:29","slug":"cube-kathmandu-hybrid-pro-800-sunglownchrome","status":"publish","type":"product","link":"https:\/\/www.sago-bikes.com\/fr\/product\/cube-kathmandu-hybrid-pro-800-sunglownchrome\/","title":{"rendered":"Cube Kathmandu Hybrid Pro 800 sunglow\u00b4n\u00b4chrome"},"content":{"rendered":"<p>Le Kathmandu Hybrid Pro de CUBE symbolise la libert\u00e9 des explorations sur deux roues avec l\u0092assistance pratique de la puissance Bosch. Vous ne pouvez pas manquer les lignes \u00e9l\u00e9gantes de l&rsquo;Integrated Carrier 3.0, qui fournit une base solide pour transporter tout ce dont vous avez besoin. Le moteur Bosch CX et la batterie PowerTube de 800 Wh, quant \u00e0 eux, sont si parfaitement int\u00e9gr\u00e9s dans la conception du cadre que vous les remarquerez \u00e0 peine jusqu&rsquo;\u00e0 ce que vous commenciez \u00e0 tourner les p\u00e9dales. \u00c0 ce stade, la large plage et le changement de rapports pr\u00e9cis de la transmission Shimano XT 1&#215;12 vitesses seront forc\u00e9ment utiles, tout comme la puissance douce des freins \u00e0 disque hydrauliques Shimano \u00e0 4 pistons lorsque vous devez ralentir. Avec sa gamme compl\u00e8te d&rsquo;accessoires inclus, dont une tige de selle parall\u00e9logramme ultra-confortable, la seule question qui reste est de savoir quelle sera votre destination&#8230;<\/p>\n","protected":false},"excerpt":{"rendered":"<p>KATHMANDU HYBRID<\/p>\n","protected":false},"featured_media":239720,"comment_status":"open","ping_status":"open","template":"","meta":{"_et_pb_use_builder":"","_et_pb_old_content":"","_et_gb_content_width":""},"product_cat":[69],"product_tag":[],"class_list":{"0":"post-240438","1":"product","2":"type-product","3":"status-publish","4":"has-post-thumbnail","6":"product_cat-velos-electriques","7":"pa_batterie-bosch-powertube-800-2","8":"pa_bremse-shimano-br-mt420-hydr-disc-brake-180-180-2","9":"pa_display-bosch-kiox-500-2","10":"pa_farbe-sunglownchrome-2","11":"pa_gabel-sr-suntour-nx1-32-lo-air-tapered-15x110mm-100mm-2","12":"pa_gepaecktraeger-acid-integrated-carrier-3-0-cube-adapter-compatible-2","13":"pa_gewicht-282-kg-2","14":"pa_glocke-reich-cycle-bells-ringsound-2","15":"pa_griffe-acid-travel-comfort-2","16":"pa_groessen-classic-50cm-54cm-58cm-62cm-2","17":"pa_jahr-2026-fr","18":"pa_kassette-shimano-deore-cs-m6100-10-51t-2","19":"pa_kette-kmc-e12-2","20":"pa_kurbelgarnitur-acid-mtb-hybrid-pro-40t-2","21":"pa_ladegeraet-bosch-2a-2","22":"pa_laufradsatz-acid-slx-25-32-32-spokes-15x110mm-12x148mm-tubeless-ready-2","23":"pa_lenker-cube-comfort-trail-bar-700mm-2","24":"pa_motor-bosch-drive-unit-performance-line-cx-max-100nm-bdu38-2","25":"pa_pedale-acid-pp-trekking-2","26":"pa_rahmen-aluminium-superlite-gravity-casting-technology-efficient-comfort-geometry-boost148-udh-fully-integrated-battery-ic-3-0-advanced-internal-cable-routing-integrated-seatclamp-2","27":"pa_reifen-schwalbe-marathon-efficiency-perfl-55-622-2","28":"pa_remote-bosch-led-remote-2","29":"pa_ruecklicht-acid-mudguard-rear-light-pro-e-12v-dc-2","30":"pa_sattel-acid-sequence-180-2","31":"pa_sattelstuetze-sr-suntour-nvx-31-6mm-2","32":"pa_schalthebel-shimano-deore-sl-m6100-ir-direct-attach-2","33":"pa_schaltwerk-shimano-xt-rd-m8100-sgs-shadowplus-12-speed-2","34":"pa_scheinwerfer-acid-front-light-pro-e-150-x-connect-12v-dc-2","35":"pa_schutzblech-acid-65-integrated-carrier-3-0-2","36":"pa_staender-acid-fm-pure-kickstand-2","37":"pa_steuersatz-acros-azf-1035-icr-integrated-cable-routing-top-zero-stack-1-1-2-zs-56mm-bottom-zero-stack-1-1-2-zs-56mm-hic-2","38":"pa_typ-city-tour-2","39":"pa_unterkategorie-on-road-fr","40":"pa_vorbau-cube-comfort-stem-pro-31-8mm-adjustable-2","42":"first","43":"instock","44":"purchasable","45":"product-type-simple"},"_links":{"self":[{"href":"https:\/\/www.sago-bikes.com\/fr\/wp-json\/wp\/v2\/product\/240438","targetHints":{"allow":["GET"]}}],"collection":[{"href":"https:\/\/www.sago-bikes.com\/fr\/wp-json\/wp\/v2\/product"}],"about":[{"href":"https:\/\/www.sago-bikes.com\/fr\/wp-json\/wp\/v2\/types\/product"}],"replies":[{"embeddable":true,"href":"https:\/\/www.sago-bikes.com\/fr\/wp-json\/wp\/v2\/comments?post=240438"}],"wp:featuredmedia":[{"embeddable":true,"href":"https:\/\/www.sago-bikes.com\/fr\/wp-json\/wp\/v2\/media\/239720"}],"wp:attachment":[{"href":"https:\/\/www.sago-bikes.com\/fr\/wp-json\/wp\/v2\/media?parent=240438"}],"wp:term":[{"taxonomy":"product_cat","embeddable":true,"href":"https:\/\/www.sago-bikes.com\/fr\/wp-json\/wp\/v2\/product_cat?post=240438"},{"taxonomy":"product_tag","embeddable":true,"href":"https:\/\/www.sago-bikes.com\/fr\/wp-json\/wp\/v2\/product_tag?post=240438"}],"curies":[{"name":"wp","href":"https:\/\/api.w.org\/{rel}","templated":true}]}}