{"id":240442,"date":"2025-10-01T17:05:06","date_gmt":"2025-10-01T15:05:06","guid":{"rendered":"https:\/\/www.sago-bikes.com\/product\/cube-kathmandu-hybrid-comfort-pro-800-azurenblack-2\/"},"modified":"2025-10-01T17:06:31","modified_gmt":"2025-10-01T15:06:31","slug":"cube-kathmandu-hybrid-comfort-pro-800-azurenblack","status":"publish","type":"product","link":"https:\/\/www.sago-bikes.com\/fr\/product\/cube-kathmandu-hybrid-comfort-pro-800-azurenblack\/","title":{"rendered":"Cube Kathmandu Hybrid Comfort Pro 800 azure\u00b4n\u00b4black"},"content":{"rendered":"<p>Sous ses lignes \u00e9pur\u00e9es et \u00e9l\u00e9gantes, le Kathmandu Hybrid Comfort Pro de CUBE cache une r\u00e9elle ing\u00e9niosit\u00e9. Pour commencer, la transmission par moyeu Enviolo est continue. Cela signifie que vous n&rsquo;avez qu&rsquo;\u00e0 tourner jusqu&rsquo;\u00e0 ce que vous soyez \u00e0 l&rsquo;aise\u00a0, il n&rsquo;y a pas de \u00ab\u00a0mauvais\u00a0\u00bb rapport. Il est en outre entra\u00een\u00e9 par courroie, ce qui signifie qu\u0092il n\u0092y a pas de cha\u00eene huileuse. Le moteur Bosch CX offre jusqu&rsquo;\u00e0 90\u00a0Nm d&rsquo;assistance au p\u00e9dalage, ce qui fait de tout itin\u00e9raire, m\u00eame vallonn\u00e9, un jeu d&rsquo;enfant. Avec sa batterie PowerTube de 800 Wh, vous n&rsquo;avez pas non plus de soucis d&rsquo;autonomie. Les puissants freins \u00e0 disque hydrauliques Shimano fonctionnent de mani\u00e8re fiable par tous les temps, et il existe une fourche suspendue pneumatique Suntour, une potence r\u00e9glable et une tige de selle parall\u00e9logramme. Ajoutez l\u0092Integrated Carrier 3.0 et une gamme compl\u00e8te d\u0092accessoires, et vous \u00eates pr\u00eat.<\/p>\n","protected":false},"excerpt":{"rendered":"<p>KATHMANDU HYBRID COMFORT<\/p>\n","protected":false},"featured_media":239770,"comment_status":"open","ping_status":"open","template":"","meta":{"_et_pb_use_builder":"","_et_pb_old_content":"","_et_gb_content_width":""},"product_cat":[69],"product_tag":[],"class_list":{"0":"post-240442","1":"product","2":"type-product","3":"status-publish","4":"has-post-thumbnail","6":"product_cat-velos-electriques","7":"pa_batterie-bosch-powertube-800-2","8":"pa_bremse-shimano-br-mt200-hydr-disc-brake-180-2","9":"pa_farbe-azurenblack-2","10":"pa_felgen-acid-slx-25-32h-disc-tubeless-ready-2","11":"pa_gabel-sr-suntour-nx1-32-lo-air-tapered-15x110mm-100mm-2","12":"pa_gepaecktraeger-acid-integrated-carrier-3-0-cube-adapter-compatible-2","13":"pa_gewicht-305-kg-2","14":"pa_glocke-reich-cycle-bells-ringsound-2","15":"pa_griffe-acid-travel-comfort-gripshift-2","16":"pa_groessen-easy-entry-46cm-50cm-54cm-58cm-62cm-2","17":"pa_jahr-2026-fr","18":"pa_kassette-gates-rear-sprocket-e9-cdx-24t-2","19":"pa_kurbelgarnitur-acid-mtb-hybrid-pro-50t-2","20":"pa_ladegeraet-bosch-2a-2","21":"pa_lenker-cube-comfort-trail-bar-700mm-2","22":"pa_motor-bosch-drive-unit-performance-line-cx-max-90nm-bdu38-2","23":"pa_nabehinten-enviolo-trekking-380-6-bolt-135mm-2","24":"pa_nabevorn-acid-slx-15mm-boost-6-bolt-2","25":"pa_pedale-acid-pp-trekking-2","26":"pa_rahmen-aluminium-superlite-gravity-casting-technology-efficient-comfort-geometry-fully-integrated-battery-integrated-carrier-3-0-advanced-internal-cable-routing-integrated-seatclamp-2","27":"pa_reifen-schwalbe-marathon-efficiency-perfl-55-622-2","28":"pa_remote-bosch-purion-200-with-integrated-display-2","29":"pa_riemen-gates-cdx-128t-2","30":"pa_ruecklicht-acid-mudguard-rear-light-pro-e-12v-dc-2","31":"pa_sattel-acid-shen-pro-2","32":"pa_sattelstuetze-sr-suntour-nvx-31-6mm-2","33":"pa_schalthebel-enviolo-mc-twist-2","34":"pa_scheinwerfer-acid-front-light-pro-e-150-x-connect-12v-dc-2","35":"pa_schutzblech-acid-65-integrated-carrier-3-0-2","36":"pa_staender-acid-fm-pure-kickstand-2","37":"pa_steuersatz-acros-azf-1035-icr-integrated-cable-routing-top-zero-stack-1-1-2-zs-56mm-bottom-zero-stack-1-1-2-zs-56mm-hic-2","38":"pa_typ-city-tour-2","39":"pa_unterkategorie-on-road-fr","40":"pa_vorbau-cube-comfort-stem-pro-31-8mm-adjustable-2","42":"first","43":"instock","44":"purchasable","45":"product-type-simple"},"_links":{"self":[{"href":"https:\/\/www.sago-bikes.com\/fr\/wp-json\/wp\/v2\/product\/240442","targetHints":{"allow":["GET"]}}],"collection":[{"href":"https:\/\/www.sago-bikes.com\/fr\/wp-json\/wp\/v2\/product"}],"about":[{"href":"https:\/\/www.sago-bikes.com\/fr\/wp-json\/wp\/v2\/types\/product"}],"replies":[{"embeddable":true,"href":"https:\/\/www.sago-bikes.com\/fr\/wp-json\/wp\/v2\/comments?post=240442"}],"wp:featuredmedia":[{"embeddable":true,"href":"https:\/\/www.sago-bikes.com\/fr\/wp-json\/wp\/v2\/media\/239770"}],"wp:attachment":[{"href":"https:\/\/www.sago-bikes.com\/fr\/wp-json\/wp\/v2\/media?parent=240442"}],"wp:term":[{"taxonomy":"product_cat","embeddable":true,"href":"https:\/\/www.sago-bikes.com\/fr\/wp-json\/wp\/v2\/product_cat?post=240442"},{"taxonomy":"product_tag","embeddable":true,"href":"https:\/\/www.sago-bikes.com\/fr\/wp-json\/wp\/v2\/product_tag?post=240442"}],"curies":[{"name":"wp","href":"https:\/\/api.w.org\/{rel}","templated":true}]}}