{"id":240446,"date":"2025-10-01T17:05:06","date_gmt":"2025-10-01T15:05:06","guid":{"rendered":"https:\/\/www.sago-bikes.com\/product\/cube-kathmandu-hybrid-exc-800-smaragdgreynprism-3\/"},"modified":"2025-10-01T17:06:33","modified_gmt":"2025-10-01T15:06:33","slug":"cube-kathmandu-hybrid-exc-800-smaragdgreynprism","status":"publish","type":"product","link":"https:\/\/www.sago-bikes.com\/fr\/product\/cube-kathmandu-hybrid-exc-800-smaragdgreynprism\/","title":{"rendered":"Cube Kathmandu Hybrid EXC 800 smaragdgrey\u00b4n\u00b4prism"},"content":{"rendered":"<p>Le Kathmandu Hybrid EXC de CUBE est con\u00e7u pour aller partout. Nous avons commenc\u00e9 avec le moteur CX de Bosch et une batterie PowerTube de 800 Wh, pour vous offrir jusqu&rsquo;\u00e0 100 Nm d&rsquo;assistance au p\u00e9dalage sur le chemin du travail ou de l&rsquo;aventure. Nous avons ensuite opt\u00e9 pour la l\u00e9gendaire transmission XT 1&#215;12 vitesses de Shimano, pour sa vaste plage et ses performances fiables. Ajout de freins \u00e0 disque hydrauliques Shimano \u00e0 quatre pistons avec ABS, pour que vous sachiez que vous pouvez toujours ralentir et vous arr\u00eater en toute s\u00e9curit\u00e9. La touche finale : une fourche suspendue Fox 34 AWL Float Sport douce et confortable. Mais ce n&rsquo;est pas tout, car il y a bien s\u00fbr \u00e9galement une potence r\u00e9glable, une tige de selle t\u00e9lescopique ainsi que notre Integrated Carrier 3.0 solide, \u00e9l\u00e9gant et polyvalent, plus toute une gamme d&rsquo;accessoires.<\/p>\n","protected":false},"excerpt":{"rendered":"<p>KATHMANDU HYBRID<\/p>\n","protected":false},"featured_media":239820,"comment_status":"open","ping_status":"open","template":"","meta":{"_et_pb_use_builder":"","_et_pb_old_content":"","_et_gb_content_width":""},"product_cat":[69],"product_tag":[],"class_list":{"0":"post-240446","1":"product","2":"type-product","3":"status-publish","4":"has-post-thumbnail","6":"product_cat-velos-electriques","7":"pa_batterie-bosch-powertube-800-2","8":"pa_bremse-shimano-br-mt420-abs-hydr-disc-brake-203-203-203-2","9":"pa_display-bosch-kiox-500-2","10":"pa_farbe-smaragdgreynprism-2","11":"pa_gabel-fox-34-float-sport-awl-tapered-15x110mm-e-bike-optimized-100mm-2","12":"pa_gepaecktraeger-acid-integrated-carrier-3-0-cube-adapter-compatible-2","13":"pa_gewicht-272-kg-2","14":"pa_glocke-reich-cycle-bells-ringsound-2","15":"pa_griffe-acid-travel-comfort-2","16":"pa_groessen-trapeze-46cm-50cm-54cm-58cm-2","17":"pa_jahr-2026-fr","18":"pa_kassette-shimano-deore-cs-m6100-10-51t-2","19":"pa_kette-kmc-e12-2","20":"pa_kurbelgarnitur-acid-mtb-hybrid-pro-40t-2","21":"pa_ladegeraet-bosch-2a-2","22":"pa_laufradsatz-acid-slx-25-32-32-spokes-15x110mm-12x148mm-tubeless-ready-2","23":"pa_lenker-cube-comfort-trail-bar-hd-700mm-2","24":"pa_motor-bosch-drive-unit-performance-line-cx-max-100nm-bdu38-2","25":"pa_pedale-acid-pp-trekking-2","26":"pa_rahmen-aluminium-superlite-gravity-casting-technology-efficient-comfort-geometry-boost148-udh-fully-integrated-battery-integrated-carrier-3-0-advanced-internal-cable-routing-integrated-seatclam-2","27":"pa_reifen-schwalbe-marathon-efficiency-perfl-55-622-2","28":"pa_remote-bosch-led-remote-2","29":"pa_ruecklicht-acid-mudguard-rear-light-pro-e-12v-dc-2","30":"pa_sattel-acid-sequence-180-2","31":"pa_sattelstuetze-cube-dropper-post-handlebar-lever-internal-cable-routing-31-6mm-2","32":"pa_schalthebel-shimano-deore-sl-m6100-r-rapidfire-plus-2","33":"pa_schaltwerk-shimano-xt-rd-m8100-sgs-shadowplus-12-speed-2","34":"pa_scheinwerfer-acid-front-light-pro-e-150-x-connect-12v-dc-2","35":"pa_schutzblech-acid-65-integrated-carrier-3-0-2","36":"pa_staender-acid-fm-pure-kickstand-2","37":"pa_steuersatz-acros-azf-1035-icr-integrated-cable-routing-top-zero-stack-1-1-2-zs-56mm-bottom-zero-stack-1-1-2-zs-56mm-hic-2","38":"pa_typ-city-tour-2","39":"pa_unterkategorie-on-road-fr","40":"pa_vorbau-cube-comfort-stem-pro-31-8mm-adjustable-2","42":"first","43":"instock","44":"purchasable","45":"product-type-simple"},"_links":{"self":[{"href":"https:\/\/www.sago-bikes.com\/fr\/wp-json\/wp\/v2\/product\/240446","targetHints":{"allow":["GET"]}}],"collection":[{"href":"https:\/\/www.sago-bikes.com\/fr\/wp-json\/wp\/v2\/product"}],"about":[{"href":"https:\/\/www.sago-bikes.com\/fr\/wp-json\/wp\/v2\/types\/product"}],"replies":[{"embeddable":true,"href":"https:\/\/www.sago-bikes.com\/fr\/wp-json\/wp\/v2\/comments?post=240446"}],"wp:featuredmedia":[{"embeddable":true,"href":"https:\/\/www.sago-bikes.com\/fr\/wp-json\/wp\/v2\/media\/239820"}],"wp:attachment":[{"href":"https:\/\/www.sago-bikes.com\/fr\/wp-json\/wp\/v2\/media?parent=240446"}],"wp:term":[{"taxonomy":"product_cat","embeddable":true,"href":"https:\/\/www.sago-bikes.com\/fr\/wp-json\/wp\/v2\/product_cat?post=240446"},{"taxonomy":"product_tag","embeddable":true,"href":"https:\/\/www.sago-bikes.com\/fr\/wp-json\/wp\/v2\/product_tag?post=240446"}],"curies":[{"name":"wp","href":"https:\/\/api.w.org\/{rel}","templated":true}]}}