{"id":240448,"date":"2025-10-01T17:05:16","date_gmt":"2025-10-01T15:05:16","guid":{"rendered":"https:\/\/www.sago-bikes.com\/product\/cube-kathmandu-hybrid-comfort-slx-800-solareclipsengold-3\/"},"modified":"2025-10-01T17:06:33","modified_gmt":"2025-10-01T15:06:33","slug":"cube-kathmandu-hybrid-comfort-slx-800-solareclipsengold","status":"publish","type":"product","link":"https:\/\/www.sago-bikes.com\/fr\/product\/cube-kathmandu-hybrid-comfort-slx-800-solareclipsengold\/","title":{"rendered":"Cube Kathmandu Hybrid Comfort SLX 800 solareclipse\u00b4n\u00b4gold"},"content":{"rendered":"<p>Et si vous pouviez simplement enfourcher votre v\u00e9lo et rouler&#8230; n&rsquo;importe o\u00f9 ? Avec le Kathmandu Hybrid Comfort SLX de CUBE, c\u0092est possible Ses engrenages de moyeu Enviolo enti\u00e8rement automatiques et entra\u00een\u00e9s par courroie fonctionnent de mani\u00e8re fluide avec le moteur Bosch CX et la batterie de 800 Wh pour vous amener \u00e0 destination. Il y a jusqu&rsquo;\u00e0 90 Nm d&rsquo;assistance au p\u00e9dalage, et les vitesses ainsi que le moteur s&rsquo;ajustent en fonction des conditions de conduite. Nous avons m\u00eame install\u00e9 un module Bosch Connect, afin que vous puissiez utiliser le GPS pour la navigation et le suivi. Une fourche Fox 34 AWL Float, une potence r\u00e9glable et une tige de selle suspendue \u00e0 parall\u00e9logramme contribuent \u00e0 faire de chaque trajet une exp\u00e9rience confortable, et de puissants freins \u00e0 disque hydrauliques Shimano XT \u00e0 quatre pistons vous permettent de toujours ralentir et vous arr\u00eater, quelle que soit la m\u00e9t\u00e9o. Avec une gamme compl\u00e8te d&rsquo;accessoires et la polyvalence de l&rsquo;Integrated Carrier 3.0, il ne vous reste plus qu&rsquo;\u00e0 d\u00e9cider de votre destination.<\/p>\n","protected":false},"excerpt":{"rendered":"<p>KATHMANDU HYBRID COMFORT<\/p>\n","protected":false},"featured_media":239844,"comment_status":"open","ping_status":"open","template":"","meta":{"_et_pb_use_builder":"","_et_pb_old_content":"","_et_gb_content_width":""},"product_cat":[69],"product_tag":[],"class_list":{"0":"post-240448","1":"product","2":"type-product","3":"status-publish","4":"has-post-thumbnail","6":"product_cat-velos-electriques","7":"pa_batterie-bosch-powertube-800-2","8":"pa_bremse-shimano-xt-br-m8120-hydr-disc-brake-180-180-2","9":"pa_display-bosch-kiox-500-2","10":"pa_farbe-solareclipsengold-2","11":"pa_felgen-acid-slx-25-32h-disc-tubeless-ready-2","12":"pa_gabel-fox-34-float-awl-2-position-sweep-adjust-rail-damper-tapered-15x110mm-e-bike-optimized-100mm-2","13":"pa_gepaecktraeger-acid-integrated-carrier-3-0-cube-adapter-compatible-2","14":"pa_gewicht-284-kg-2","15":"pa_glocke-knog-oi-2","16":"pa_griffe-acid-travel-comfort-gripshift-2","17":"pa_groessen-trapeze-46cm-50cm-54cm-58cm-2","18":"pa_jahr-2026-fr","19":"pa_kassette-gates-rear-sprocket-e9-cdx-24t-2","20":"pa_kurbelgarnitur-acid-mtb-hybrid-pro-50t-2","21":"pa_ladegeraet-bosch-4a-2","22":"pa_lenker-cube-comfort-trail-bar-hd-700mm-2","23":"pa_motor-bosch-drive-unit-performance-line-cx-max-90nm-bdu38-2","24":"pa_nabehinten-enviolo-trekking-automatiq-380-6-bolt-135mm-2","25":"pa_nabevorn-acid-slx-15mm-boost-6-bolt-2","26":"pa_pedale-acid-pp-trekking-2","27":"pa_rahmen-aluminium-superlite-gravity-casting-technology-efficient-comfort-geometry-fully-integrated-battery-integrated-carrier-3-0-advanced-internal-cable-routing-integrated-seatclamp-2","28":"pa_reifen-schwalbe-marathon-efficiency-super-race-v-guard-55-622-2","29":"pa_remote-bosch-led-remote-2","30":"pa_riemen-gates-cdx-128t-2","31":"pa_ruecklicht-acid-mudguard-rear-light-pro-e-12v-dc-2","32":"pa_sattel-acid-shen-pro-2","33":"pa_sattelstuetze-sr-suntour-nvx-31-6mm-2","34":"pa_scheinwerfer-acid-front-light-pro-e-200-x-connect-12v-dc-2","35":"pa_schutzblech-acid-65-integrated-carrier-3-0-2","36":"pa_staender-acid-fm-pure-kickstand-2","37":"pa_steuersatz-acros-azf-1035-icr-integrated-cable-routing-top-zero-stack-1-1-2-zs-56mm-bottom-zero-stack-1-1-2-zs-56mm-hic-2","38":"pa_typ-city-tour-2","39":"pa_unterkategorie-on-road-fr","40":"pa_vorbau-cube-comfort-stem-pro-31-8mm-adjustable-2","42":"first","43":"instock","44":"purchasable","45":"product-type-simple"},"_links":{"self":[{"href":"https:\/\/www.sago-bikes.com\/fr\/wp-json\/wp\/v2\/product\/240448","targetHints":{"allow":["GET"]}}],"collection":[{"href":"https:\/\/www.sago-bikes.com\/fr\/wp-json\/wp\/v2\/product"}],"about":[{"href":"https:\/\/www.sago-bikes.com\/fr\/wp-json\/wp\/v2\/types\/product"}],"replies":[{"embeddable":true,"href":"https:\/\/www.sago-bikes.com\/fr\/wp-json\/wp\/v2\/comments?post=240448"}],"wp:featuredmedia":[{"embeddable":true,"href":"https:\/\/www.sago-bikes.com\/fr\/wp-json\/wp\/v2\/media\/239844"}],"wp:attachment":[{"href":"https:\/\/www.sago-bikes.com\/fr\/wp-json\/wp\/v2\/media?parent=240448"}],"wp:term":[{"taxonomy":"product_cat","embeddable":true,"href":"https:\/\/www.sago-bikes.com\/fr\/wp-json\/wp\/v2\/product_cat?post=240448"},{"taxonomy":"product_tag","embeddable":true,"href":"https:\/\/www.sago-bikes.com\/fr\/wp-json\/wp\/v2\/product_tag?post=240448"}],"curies":[{"name":"wp","href":"https:\/\/api.w.org\/{rel}","templated":true}]}}