{"id":240450,"date":"2025-10-01T17:05:16","date_gmt":"2025-10-01T15:05:16","guid":{"rendered":"https:\/\/www.sago-bikes.com\/product\/cube-aruba-hybrid-600-blueblossomncreme-2\/"},"modified":"2025-10-01T17:06:34","modified_gmt":"2025-10-01T15:06:34","slug":"cube-aruba-hybrid-600-blueblossomncreme","status":"publish","type":"product","link":"https:\/\/www.sago-bikes.com\/fr\/product\/cube-aruba-hybrid-600-blueblossomncreme\/","title":{"rendered":"Cube Aruba Hybrid 600 blueblossom\u00b4n\u00b4creme"},"content":{"rendered":"<p>L&rsquo;Aruba Hybrid est un v\u00e9lo \u00e9lectrique \u00e9cologique propuls\u00e9 par Bosch qui s\u00e9duira la fashionista qui est en vous, mais sa beaut\u00e9 est bien plus que superficielle. Son cadre Easy Entry offre un v\u00e9ritable confort de pilotage, tandis que son design de cadre ouvert des plus pratiques est id\u00e9al pour un usage quotidien et ne compromettra pas votre style. Son robuste porte-bagages vous permet d\u0092emmener tout ce dont vous avez besoin. Avec son prot\u00e8ge-cha\u00eene, ses garde-boue, son syst\u00e8me d\u0092\u00e9clairage et sa b\u00e9quille, vous \u00eates par\u00e9 \u00e0 toute \u00e9ventualit\u00e9. Et, bien \u00e9videmment, le puissant moteur Bosch Performance et sa transmission Shimano \u00e0 5 vitesses n\u00e9cessitant peu d&rsquo;entretien facilitent chacun de vos d\u00e9placements, bien aid\u00e9s en cela par des freins \u00e0 disque hydrauliques Shimano aussi fiables que puissants vous permettant de vous arr\u00eater en toute s\u00e9curit\u00e9 par tous les temps.<\/p>\n","protected":false},"excerpt":{"rendered":"<p>ARUBA HYBRID<\/p>\n","protected":false},"featured_media":239870,"comment_status":"open","ping_status":"open","template":"","meta":{"_et_pb_use_builder":"","_et_pb_old_content":"","_et_gb_content_width":""},"product_cat":[69],"product_tag":[],"class_list":{"0":"post-240450","1":"product","2":"type-product","3":"status-publish","4":"has-post-thumbnail","6":"product_cat-velos-electriques","7":"pa_batterie-bosch-powertube-600-2","8":"pa_bremse-shimano-br-mt200-hydr-disc-brake-180-180-2","9":"pa_farbe-blueblossomncreme-2","10":"pa_felgen-cube-sx24-disc-36h-2","11":"pa_gabel-sr-suntour-nex-e25-50mm-2","12":"pa_gepaecktraeger-acid-sic-2-0-rilink-2","13":"pa_gewicht-276-kg-2","14":"pa_glocke-cube-classic-2","15":"pa_griffe-cube-retro-2","16":"pa_groessen-easy-entry-size-split-26-42cm-28-46cm-50cm-54cm-58cm-2","17":"pa_jahr-2026-fr","18":"pa_kette-kmc-z610-2","19":"pa_kurbelgarnitur-acid-trekking-hybrid-38t-2","20":"pa_ladegeraet-bosch-2a-2","21":"pa_lenker-cube-comfort-shape-bar-2","22":"pa_motor-bosch-drive-unit-performance-line-75nm-bdu33-2","23":"pa_nabehinten-shimano-nexus-sg-c7000-5d-5-speed-centerlock-2","24":"pa_nabenritzel-shimano-nexus-27t-2","25":"pa_nabevorn-shimano-hb-qc400-qr-centerlock-2","26":"pa_pedale-acid-pp-trekking-2","27":"pa_rahmen-aluminium-superlite-comfort-ride-geometry-premium-comfort-and-safety-semi-integrated-carrier-fully-integrated-battery-advanced-internal-cable-routing-2","28":"pa_rahmenbeschreibung-aussi-elegant-et-chic-soit-il-les-details-de-conception-de-laruba-hybrid-ont-ete-pense-pour-etre-pratiques-notre-design-powertube-incorpore-la-batterie-bosch-de-600-wh-a-linterieur-du-c","29":"pa_reifen-schwalbe-motion-big-apple-k-guard-50-622-2","30":"pa_remote-bosch-purion-200-with-integrated-display-2","31":"pa_ruecklicht-cube-edge-ic-2-0-rear-led-12v-dc-2","32":"pa_sattel-cube-retro-3","33":"pa_sattelstuetze-cube-performance-post-30-9mm-2","34":"pa_schalthebel-shimano-nexus-sl-c7000-5-revoshift-2","35":"pa_scheinwerfer-trelock-bike-i-retro-ebike-12v-dc-2","36":"pa_schutzblech-acid-50-bb-mount-2","37":"pa_staender-acid-fm-pure-kickstand-2","38":"pa_steuersatz-acros-azf-1035-icr-integrated-cable-routing-top-zero-stack-1-1-2-zs-56mm-bottom-zero-stack-1-1-2-zs-56mm-hic-2","39":"pa_typ-city-tour-2","40":"pa_unterkategorie-on-road-fr","41":"pa_vorbau-cube-comfort-city-stem-31-8mm-2","43":"first","44":"instock","45":"purchasable","46":"product-type-simple"},"_links":{"self":[{"href":"https:\/\/www.sago-bikes.com\/fr\/wp-json\/wp\/v2\/product\/240450","targetHints":{"allow":["GET"]}}],"collection":[{"href":"https:\/\/www.sago-bikes.com\/fr\/wp-json\/wp\/v2\/product"}],"about":[{"href":"https:\/\/www.sago-bikes.com\/fr\/wp-json\/wp\/v2\/types\/product"}],"replies":[{"embeddable":true,"href":"https:\/\/www.sago-bikes.com\/fr\/wp-json\/wp\/v2\/comments?post=240450"}],"wp:featuredmedia":[{"embeddable":true,"href":"https:\/\/www.sago-bikes.com\/fr\/wp-json\/wp\/v2\/media\/239870"}],"wp:attachment":[{"href":"https:\/\/www.sago-bikes.com\/fr\/wp-json\/wp\/v2\/media?parent=240450"}],"wp:term":[{"taxonomy":"product_cat","embeddable":true,"href":"https:\/\/www.sago-bikes.com\/fr\/wp-json\/wp\/v2\/product_cat?post=240450"},{"taxonomy":"product_tag","embeddable":true,"href":"https:\/\/www.sago-bikes.com\/fr\/wp-json\/wp\/v2\/product_tag?post=240450"}],"curies":[{"name":"wp","href":"https:\/\/api.w.org\/{rel}","templated":true}]}}