{"id":240452,"date":"2025-10-01T17:05:16","date_gmt":"2025-10-01T15:05:16","guid":{"rendered":"https:\/\/www.sago-bikes.com\/product\/cube-nuroad-hybrid-c62-race-400x-reedbeigenblack-2\/"},"modified":"2025-10-01T17:06:35","modified_gmt":"2025-10-01T15:06:35","slug":"cube-nuroad-hybrid-c62-race-400x-reedbeigenblack","status":"publish","type":"product","link":"https:\/\/www.sago-bikes.com\/fr\/product\/cube-nuroad-hybrid-c62-race-400x-reedbeigenblack\/","title":{"rendered":"Cube Nuroad Hybrid C:62 Race 400X reedbeige\u00b4n\u00b4black"},"content":{"rendered":"<p>Les courbes \u00e9l\u00e9gantes et organiques du cadre en carbone C:62\u00ae du Nuroad Hybrid C:62 Race ne sont qu&rsquo;une partie de ce v\u00e9lo l\u00e9ger, adaptable et aliment\u00e9 par Bosch. Au c\u009cur de cette machine, le moteur l\u00e9ger SX de Bosch et une batterie de 400 Wh qui, ensemble, fournissent jusqu&rsquo;\u00e0 60 Nm de couple. Enfin, s\u0092il ne dispose pas de suffisamment d\u0092autonomie \u00e0 votre go\u00fbt, sa compatibilit\u00e9 avec le syst\u00e8me PowerMore pour permet d\u0092obtenir un surplus de 250 Wh. Sa transmission Shimano GRX 1&#215;12 vitesses et ses freins \u00e0 disque hydrauliques GRX correspondant vous permettent de b\u00e9n\u00e9ficier d&rsquo;un contr\u00f4le absolu, tandis que sa paire de roues Newmen Performance Gravel 25 chauss\u00e9es de pneus Schwalbe de 45 mm \u00e0 l&rsquo;adh\u00e9rence tenace maintiennent le caoutchouc en contact avec le sol, quelle que soit votre destination. Nous avons m\u00eame pr\u00e9install\u00e9 un c\u00e2ble X-Connect, ce qui facilite l&rsquo;ajout d&rsquo;un feu avant ACID compatible. Il est pr\u00eat. Et vous\u00a0?<\/p>\n","protected":false},"excerpt":{"rendered":"<p>NUROAD HYBRID C:62<\/p>\n","protected":false},"featured_media":239892,"comment_status":"open","ping_status":"open","template":"","meta":{"_et_pb_use_builder":"","_et_pb_old_content":"","_et_gb_content_width":""},"product_cat":[69],"product_tag":[],"class_list":{"0":"post-240452","1":"product","2":"type-product","3":"status-publish","4":"has-post-thumbnail","6":"product_cat-velos-electriques","7":"pa_batterie-bosch-compacttube-400-2","8":"pa_bremse-shimano-grx-br-rx820-hydr-disc-brake-flat-mount-180-180-2","9":"pa_farbe-reedbeigenblack-2","10":"pa_gabel-cube-c62-technology-1-1-2-1-1-2-tapered-flat-mount-disc-fender-lowrider-mounts-internal-light-cable-option-12x100mm-2","11":"pa_gewicht-142-kg-2","12":"pa_groessen-xs-s-m-l-xl-2","13":"pa_jahr-2026-fr","14":"pa_kassette-shimano-xt-cs-m8100-10-51t-2","15":"pa_kette-shimano-cn-m8100-2","16":"pa_kettenfuehrung-reverse-flip-guide-e-chain-guide-direct-mount-i-plate-2","17":"pa_kurbelgarnitur-acid-mtb-hybrid-pro-42t-2","18":"pa_ladegeraet-bosch-2a-2","19":"pa_laufradsatz-newmen-performance-x-r-25-28-28-spokes-12x110mm-12x148mm-tubeless-ready-2","20":"pa_lenker-newmen-advanced-gravel-bar-318-carbon-31-8mm-2","21":"pa_lenkerband-acid-bartape-cc-3-0-2","22":"pa_motor-bosch-drive-unit-performance-sx-max-60nm-bdu31-2","23":"pa_pedale-acid-pp-trekking-2","24":"pa_rahmen-c62-advanced-twin-mold-gravel-endurance-geometry-advanced-internal-cable-routing-flat-mount-disc-fender-rack-kickstand-option-boost-148-udh-fixed-integrated-battery-2","25":"pa_reifen-schwalbe-g-one-allround-kevlar-45-622-2","26":"pa_remote-bosch-system-control-incl-mini-remote-2","27":"pa_sattel-acid-nuance-pro-2","28":"pa_sattelstuetze-newmen-advanced-carbon-27-2mm-2","29":"pa_schalt-bremsgriffeinheit-shimano-grx-st-rx820-2","30":"pa_schaltwerk-shimano-grx-rd-rx822-sgs-12-speed-2","31":"pa_steuersatz-acros-top-integrated-1-1-2-w-integrated-cable-routing-bottom-integrated-1-1-2-2","32":"pa_typ-road-2","33":"pa_unterkategorie-gravel-2","34":"pa_vorbau-cube-cis-stem-w-cable-routing-fpi-link-2","36":"first","37":"instock","38":"purchasable","39":"product-type-simple"},"_links":{"self":[{"href":"https:\/\/www.sago-bikes.com\/fr\/wp-json\/wp\/v2\/product\/240452","targetHints":{"allow":["GET"]}}],"collection":[{"href":"https:\/\/www.sago-bikes.com\/fr\/wp-json\/wp\/v2\/product"}],"about":[{"href":"https:\/\/www.sago-bikes.com\/fr\/wp-json\/wp\/v2\/types\/product"}],"replies":[{"embeddable":true,"href":"https:\/\/www.sago-bikes.com\/fr\/wp-json\/wp\/v2\/comments?post=240452"}],"wp:featuredmedia":[{"embeddable":true,"href":"https:\/\/www.sago-bikes.com\/fr\/wp-json\/wp\/v2\/media\/239892"}],"wp:attachment":[{"href":"https:\/\/www.sago-bikes.com\/fr\/wp-json\/wp\/v2\/media?parent=240452"}],"wp:term":[{"taxonomy":"product_cat","embeddable":true,"href":"https:\/\/www.sago-bikes.com\/fr\/wp-json\/wp\/v2\/product_cat?post=240452"},{"taxonomy":"product_tag","embeddable":true,"href":"https:\/\/www.sago-bikes.com\/fr\/wp-json\/wp\/v2\/product_tag?post=240452"}],"curies":[{"name":"wp","href":"https:\/\/api.w.org\/{rel}","templated":true}]}}