{"id":240453,"date":"2025-10-01T17:05:16","date_gmt":"2025-10-01T15:05:16","guid":{"rendered":"https:\/\/www.sago-bikes.com\/product\/cube-compact-hybrid-comfort-545-skylightbluenblue-2\/"},"modified":"2025-10-01T17:06:35","modified_gmt":"2025-10-01T15:06:35","slug":"cube-compact-hybrid-comfort-545-skylightbluenblue","status":"publish","type":"product","link":"https:\/\/www.sago-bikes.com\/fr\/product\/cube-compact-hybrid-comfort-545-skylightbluenblue\/","title":{"rendered":"Cube Compact Hybrid Comfort 545 skylightblue\u00b4n\u00b4blue"},"content":{"rendered":"<p>Partout o\u00f9 deux roues peuvent vous faciliter la vie, notre Compact Hybrid Comfort s&rsquo;int\u00e8gre parfaitement. Sa conception intelligente et compacte (l&rsquo;indice est dans le nom) et son syst\u00e8me d&rsquo;entra\u00eenement Bosch Performance avec Smart System, sa batterie de 545 Wh et son moyeu Shimano \u00e0 5 vitesses facile \u00e0 utiliser font de l&rsquo;insertion dans le trafic un jeu d&rsquo;enfant. Il y a un porte-bagages pour vos affaires essentielles, une b\u00e9quille pour faciliter le stationnement, des garde-boue pour vous aider \u00e0 rester au sec et un syst\u00e8me d&rsquo;\u00e9clairage pour vous permettre de voir et d&rsquo;\u00eatre vu. Les puissants freins \u00e0 disque hydrauliques Shimano vous permettent de vous arr\u00eater en toute s\u00e9curit\u00e9, m\u00eame sur sol mouill\u00e9, et le guidon facilement r\u00e9glable vous conf\u00e8re une conduite confortable. Vous finirez par vous demander comment vous avez pu vous en sortir avant.<\/p>\n","protected":false},"excerpt":{"rendered":"<p>COMPACT HYBRID<\/p>\n","protected":false},"featured_media":239904,"comment_status":"open","ping_status":"open","template":"","meta":{"_et_pb_use_builder":"","_et_pb_old_content":"","_et_gb_content_width":""},"product_cat":[69],"product_tag":[],"class_list":{"0":"post-240453","1":"product","2":"type-product","3":"status-publish","4":"has-post-thumbnail","6":"product_cat-velos-electriques","7":"pa_batterie-bosch-powerpack-545-2","8":"pa_bremse-shimano-br-mt200-hydr-disc-brake-180-160-2","9":"pa_farbe-skylightbluenblue-2","10":"pa_felgen-acid-ex30-32h-disc-tubeless-ready-2","11":"pa_gabel-aluminium-rigid-fork-20-2","12":"pa_gepaecktraeger-acid-20-semi-integrated-carrier-acid-rilink-adapter-compatible-2","13":"pa_gewicht-238-kg-2","14":"pa_glocke-easy-bell-2","15":"pa_griffe-acid-travel-comfort-gripshift-2","16":"pa_groessen-one-size-2","17":"pa_jahr-2026-fr","18":"pa_kette-kmc-z610-2","19":"pa_kurbelgarnitur-acid-trekking-hybrid-44t-2","20":"pa_ladegeraet-bosch-2a-2","21":"pa_lenker-cube-comfort-trail-bar-680mm-2","22":"pa_motor-bosch-drive-unit-performance-line-75nm-bdu34-2","23":"pa_nabehinten-shimano-nexus-sg-c7000-5d-5-speed-centerlock-nut-2","24":"pa_nabenritzel-shimano-nexus-cs-c7000-24t-2","25":"pa_nabevorn-shimano-hb-qc300-qr-centerlock-2","26":"pa_pedale-acid-pp-trekking-2","27":"pa_rahmen-aluminium-superlite-comfort-ride-geometry-semi-integrated-carrier-double-butted-front-carrier-ready-slider-dropout-2","28":"pa_reifen-schwalbe-super-moto-x-double-defense-62-406-2","29":"pa_remote-bosch-purion-200-with-integrated-display-2","30":"pa_ruecklicht-acid-mudguard-rear-light-pro-e-12v-dc-2","31":"pa_sattel-acid-sequence-pro-160-2","32":"pa_sattelstuetze-newmen-evolution-27-2mm-2","33":"pa_schalthebel-shimano-nexus-sl-c7000-5-revoshift-2","34":"pa_scheinwerfer-acid-front-light-pro-e-60-x-connect-12v-dc-2","35":"pa_schutzblech-acid-75-bb-mount-2","36":"pa_staender-cube-centerstand-2","37":"pa_steuersatz-cube-h835d3-semi-integrated-sealed-bearing-2","38":"pa_typ-urban-mobility-2","39":"pa_unterkategorie-commuting-2","40":"pa_vorbau-byschulz-speedlifter-twist-pro-sds-t15-2","42":"first","43":"instock","44":"purchasable","45":"product-type-simple"},"_links":{"self":[{"href":"https:\/\/www.sago-bikes.com\/fr\/wp-json\/wp\/v2\/product\/240453","targetHints":{"allow":["GET"]}}],"collection":[{"href":"https:\/\/www.sago-bikes.com\/fr\/wp-json\/wp\/v2\/product"}],"about":[{"href":"https:\/\/www.sago-bikes.com\/fr\/wp-json\/wp\/v2\/types\/product"}],"replies":[{"embeddable":true,"href":"https:\/\/www.sago-bikes.com\/fr\/wp-json\/wp\/v2\/comments?post=240453"}],"wp:featuredmedia":[{"embeddable":true,"href":"https:\/\/www.sago-bikes.com\/fr\/wp-json\/wp\/v2\/media\/239904"}],"wp:attachment":[{"href":"https:\/\/www.sago-bikes.com\/fr\/wp-json\/wp\/v2\/media?parent=240453"}],"wp:term":[{"taxonomy":"product_cat","embeddable":true,"href":"https:\/\/www.sago-bikes.com\/fr\/wp-json\/wp\/v2\/product_cat?post=240453"},{"taxonomy":"product_tag","embeddable":true,"href":"https:\/\/www.sago-bikes.com\/fr\/wp-json\/wp\/v2\/product_tag?post=240453"}],"curies":[{"name":"wp","href":"https:\/\/api.w.org\/{rel}","templated":true}]}}