{"id":240454,"date":"2025-10-01T17:05:16","date_gmt":"2025-10-01T15:05:16","guid":{"rendered":"https:\/\/www.sago-bikes.com\/product\/cube-fold-hybrid-comfort-545-seagreynreflex-2\/"},"modified":"2025-10-01T17:06:41","modified_gmt":"2025-10-01T15:06:41","slug":"cube-fold-hybrid-comfort-545-seagreynreflex","status":"publish","type":"product","link":"https:\/\/www.sago-bikes.com\/fr\/product\/cube-fold-hybrid-comfort-545-seagreynreflex\/","title":{"rendered":"Cube Fold Hybrid Comfort 545 seagrey\u00b4n\u00b4reflex"},"content":{"rendered":"<p>Un v\u00e9lo digne de ce nom devrait \u00eatre en mesure de s\u0092ins\u00e9rer naturellement dans votre quotidien, et c\u0092est ce que nous avions \u00e0 l\u0092esprit lorsque nous avons d\u00e9velopp\u00e9 le tout nouveau Fold Hybrid Comfort. Combinant la puissance de l\u0092unit\u00e9 motrice Bosch Smart System Performance avec une batterie de 545 W \u00e0 un design de pliage pratique et sophistiqu\u00e9, il facilite chacun de vos d\u00e9placements et offre une compacit\u00e9 optimale pour le rangement et le transport. Les puissants freins \u00e0 disque hydrauliques vous permettent de rester en s\u00e9curit\u00e9 par tous les temps, tandis que les vitesses du moyeu Nexus \u00e0 5 rapports de Shimano, simples, robustes et presque sans entretien, vous offrent l&rsquo;autonomie dont vous avez besoin. Et le porte-bagages arri\u00e8re de s\u00e9rie (avec porte-bagages avant optionnel) vous permet de transporter tout ce dont vous avez besoin en toute facilit\u00e9. Avec ses garde-boue, sa solide b\u00e9quille et sa poign\u00e9e de transport r\u00e9sistante, il dispose de tout ce dont vous avez besoin.<\/p>\n","protected":false},"excerpt":{"rendered":"<p>FOLD HYBRID<\/p>\n","protected":false},"featured_media":239916,"comment_status":"open","ping_status":"open","template":"","meta":{"_et_pb_use_builder":"","_et_pb_old_content":"","_et_gb_content_width":""},"product_cat":[69],"product_tag":[],"class_list":{"0":"post-240454","1":"product","2":"type-product","3":"status-publish","4":"has-post-thumbnail","6":"product_cat-velos-electriques","7":"pa_batterie-bosch-powerpack-545-2","8":"pa_bremse-shimano-br-mt200-hydr-disc-brake-180-180-2","9":"pa_farbe-seagreynreflex-2","10":"pa_felgen-acid-ex30-32h-disc-tubeless-ready-2","11":"pa_gabel-aluminium-rigid-fork-20-2","12":"pa_gepaecktraeger-acid-20-semi-integrated-carrier-acid-rilink-adapter-compatible-2","13":"pa_gewicht-256-kg-2","14":"pa_glocke-easy-bell-2","15":"pa_griffe-acid-travel-comfort-gripshift-2","16":"pa_groessen-one-size-2","17":"pa_jahr-2026-fr","18":"pa_kurbelgarnitur-acid-trekking-hybrid-46t-2","19":"pa_ladegeraet-bosch-2a-2","20":"pa_lenker-cube-comfort-trail-bar-680mm-25-4mm-2","21":"pa_motor-bosch-drive-unit-performance-line-75nm-bdu34-2","22":"pa_nabehinten-shimano-nexus-sg-c7000-5d-5-speed-centerlock-nut-2","23":"pa_nabenritzel-gates-cdx-shimano-nexus-28t-2","24":"pa_nabevorn-shimano-hb-qc300-qr-centerlock-2","25":"pa_pedale-folding-pedal-aluminium-2","26":"pa_rahmen-aluminium-superlite-comfort-ride-geometry-semi-integrated-carrier-front-carrier-ready-slider-dropout-integrated-folding-technology-carrying-handlebar-2","27":"pa_reifen-schwalbe-super-moto-x-double-defense-62-406-2","28":"pa_remote-bosch-purion-200-with-integrated-display-2","29":"pa_riemen-gates-cdx-118t-2","30":"pa_ruecklicht-acid-mudguard-rear-light-pro-e-12v-dc-2","31":"pa_sattel-acid-sequence-pro-160-2","32":"pa_sattelstuetze-satori-sorata-349mm-280mm-440mm-telescoping-seatpost-2","33":"pa_schalthebel-shimano-nexus-sl-c7000-5-revoshift-2","34":"pa_scheinwerfer-acid-front-light-pro-e-60-x-connect-12v-dc-2","35":"pa_schutzblech-acid-75-bb-mount-2","36":"pa_staender-two-leg-kickstand-2","37":"pa_steuersatz-acros-azf-1038-top-zero-stack-1-1-8-zs-44mm-bottom-zero-stack-1-1-2-zs-56mm-2","38":"pa_typ-urban-mobility-2","39":"pa_unterkategorie-commuting-2","40":"pa_vorbau-cube-folding-stem-adjustable-length-254mm-clamp-2","42":"first","43":"instock","44":"purchasable","45":"product-type-simple"},"_links":{"self":[{"href":"https:\/\/www.sago-bikes.com\/fr\/wp-json\/wp\/v2\/product\/240454","targetHints":{"allow":["GET"]}}],"collection":[{"href":"https:\/\/www.sago-bikes.com\/fr\/wp-json\/wp\/v2\/product"}],"about":[{"href":"https:\/\/www.sago-bikes.com\/fr\/wp-json\/wp\/v2\/types\/product"}],"replies":[{"embeddable":true,"href":"https:\/\/www.sago-bikes.com\/fr\/wp-json\/wp\/v2\/comments?post=240454"}],"wp:featuredmedia":[{"embeddable":true,"href":"https:\/\/www.sago-bikes.com\/fr\/wp-json\/wp\/v2\/media\/239916"}],"wp:attachment":[{"href":"https:\/\/www.sago-bikes.com\/fr\/wp-json\/wp\/v2\/media?parent=240454"}],"wp:term":[{"taxonomy":"product_cat","embeddable":true,"href":"https:\/\/www.sago-bikes.com\/fr\/wp-json\/wp\/v2\/product_cat?post=240454"},{"taxonomy":"product_tag","embeddable":true,"href":"https:\/\/www.sago-bikes.com\/fr\/wp-json\/wp\/v2\/product_tag?post=240454"}],"curies":[{"name":"wp","href":"https:\/\/api.w.org\/{rel}","templated":true}]}}