{"id":240455,"date":"2025-10-01T17:05:16","date_gmt":"2025-10-01T15:05:16","guid":{"rendered":"https:\/\/www.sago-bikes.com\/product\/cube-attain-c62-race-blackline-2\/"},"modified":"2025-10-01T17:06:44","modified_gmt":"2025-10-01T15:06:44","slug":"cube-attain-c62-race-blackline","status":"publish","type":"product","link":"https:\/\/www.sago-bikes.com\/fr\/product\/cube-attain-c62-race-blackline\/","title":{"rendered":"Cube Attain C:62 Race blackline"},"content":{"rendered":"<p>Vous voulez de la vitesse, de la pr\u00e9cision et du contr\u00f4le sans sacrifier le confort ? Le voici : l&rsquo;Attain C:62 SLT. La vitesse est due \u00e0 sa conception efficace et rehauss\u00e9 sur le plan a\u00e9rodynamique. Nous avons contribu\u00e9 \u00e0 r\u00e9duire la fatigue du cycliste gr\u00e2ce \u00e0 des touches telles que la fourche en carbone, les Flex Stays et les pneus Continental tubeless-ready de 30 mm. La pr\u00e9cision et le contr\u00f4le ? Ils sont assur\u00e9s en grande partie par la transmission ultra-fiable Ultegra Di2 2&#215;12 vitesses et les freins \u00e0 disque hydrauliques de Shimano, qui offrent des performances impeccables m\u00eame sous pression. Une paire de roues semi-a\u00e9ro en carbone Newmen Advanced A.50 permet \u00e9galement de gagner quelques watts suppl\u00e9mentaires. Si l&rsquo;on additionne tous ces \u00e9l\u00e9ments, la seule chose qui manque est un coureur pr\u00eat \u00e0 faire les effort n\u00e9cessaires. \u00cates-vous pr\u00eat pour \u00e7a ?<\/p>\n","protected":false},"excerpt":{"rendered":"<p>ATTAIN C:62<\/p>\n","protected":false},"featured_media":239928,"comment_status":"open","ping_status":"open","template":"","meta":{"_et_pb_use_builder":"","_et_pb_old_content":"","_et_gb_content_width":""},"product_cat":[68],"product_tag":[],"class_list":{"0":"post-240455","1":"product","2":"type-product","3":"status-publish","4":"has-post-thumbnail","6":"product_cat-velos","7":"pa_bremse-shimano-br-r7170-hydr-disc-brake-flat-mount-160-160-2","8":"pa_farbe-blackline-2","9":"pa_gabel-cube-csl-race-disc-full-carbon-1-1-8-1-1-4-tapered-flat-mount-12x100mm-2","10":"pa_gewicht-92-kg-2","11":"pa_groessen-47cm-50cm-53cm-56cm-58cm-60cm-62cm-2","12":"pa_innenlager-shimano-sm-bb71-41b-86mm-pressfit-2","13":"pa_jahr-2026-fr","14":"pa_kassette-shimano-cs-r7101-11-34t-2","15":"pa_kette-shimano-cn-m6100-2","16":"pa_kurbelgarnitur-shimano-105-fc-r7100-hollowtech-ii-50x34t-2","17":"pa_laufradsatz-acid-slx-ra-2-3-aero-disc-28-28-spokes-centerlock-12x100mm-12x142mm-tubeless-ready-2","18":"pa_lenker-acid-road-omne-31-8-5-120-nf-2","19":"pa_lenkerband-acid-bartape-rc-3-0-2","20":"pa_rahmen-c62-twin-mold-technology-internal-cable-routing-integrated-seat-post-clamp-flat-mount-disc-storage-box-option-axh-12x142mm-2","21":"pa_rahmenbeschreibung-performance-et-confort-sont-les-deux-faces-dune-meme-piece-le-cadre-elegant-et-semi-aerodynamique-de-lattain-c62-est-fabrique-a-partir-de-notre-carbone-c62_169-de-qualite-superieure","22":"pa_reifen-conti-grand-prix-kevlar-30-622-2","23":"pa_sattel-acid-nuance-pro-2","24":"pa_sattelstuetze-cube-performance-post-27-2mm-2","25":"pa_schalt-bremsgriffeinheit-shimano-105-st-r7120-2","26":"pa_schaltwerk-shimano-105-rd-r7100-dgs-12-speed-2","27":"pa_steuersatz-acros-top-integrated-1-1-2-w-integrated-cable-routing-bottom-integrated-1-1-4-2","28":"pa_typ-road-2","29":"pa_umwerfer-shimano-105-fd-r7100-f-braze-on-2","30":"pa_unterkategorie-road-race-fr","31":"pa_vorbau-cube-cis-stem-w-cable-routing-fpi-link-2","33":"first","34":"instock","35":"purchasable","36":"product-type-simple"},"_links":{"self":[{"href":"https:\/\/www.sago-bikes.com\/fr\/wp-json\/wp\/v2\/product\/240455","targetHints":{"allow":["GET"]}}],"collection":[{"href":"https:\/\/www.sago-bikes.com\/fr\/wp-json\/wp\/v2\/product"}],"about":[{"href":"https:\/\/www.sago-bikes.com\/fr\/wp-json\/wp\/v2\/types\/product"}],"replies":[{"embeddable":true,"href":"https:\/\/www.sago-bikes.com\/fr\/wp-json\/wp\/v2\/comments?post=240455"}],"wp:featuredmedia":[{"embeddable":true,"href":"https:\/\/www.sago-bikes.com\/fr\/wp-json\/wp\/v2\/media\/239928"}],"wp:attachment":[{"href":"https:\/\/www.sago-bikes.com\/fr\/wp-json\/wp\/v2\/media?parent=240455"}],"wp:term":[{"taxonomy":"product_cat","embeddable":true,"href":"https:\/\/www.sago-bikes.com\/fr\/wp-json\/wp\/v2\/product_cat?post=240455"},{"taxonomy":"product_tag","embeddable":true,"href":"https:\/\/www.sago-bikes.com\/fr\/wp-json\/wp\/v2\/product_tag?post=240455"}],"curies":[{"name":"wp","href":"https:\/\/api.w.org\/{rel}","templated":true}]}}