{"id":240459,"date":"2025-10-01T17:05:16","date_gmt":"2025-10-01T15:05:16","guid":{"rendered":"https:\/\/www.sago-bikes.com\/product\/cube-litening-aero-c68x-race-blackline-2\/"},"modified":"2025-10-01T17:06:47","modified_gmt":"2025-10-01T15:06:47","slug":"cube-litening-aero-c68x-race-blackline","status":"publish","type":"product","link":"https:\/\/www.sago-bikes.com\/fr\/product\/cube-litening-aero-c68x-race-blackline\/","title":{"rendered":"Cube Litening AERO C:68X Race blackline"},"content":{"rendered":"<p>Lorsque vous participez \u00e0 une course pour gagner, ou m\u00eame simplement pour am\u00e9liorer vos performances, chaque seconde compte. Avec le Litening AERO C:68X Race, nous avons construit un v\u00e9lo de course conforme aux normes UCI autour d&rsquo;un cadre qui a r\u00e9duit la tra\u00een\u00e9e de 30 %, afin que vous puissiez r\u00e9cup\u00e9rer ces gains marginaux. Le p\u00e9dalier Shimano Ultegra avec capteur de puissance double face 4iiii int\u00e9gr\u00e9 vous permet de garder un \u009cil sur vos performances. Les roues Newmen Streem Allround 49\/54 pr\u00e9sentent des profils a\u00e9rodynamiques et sont chauss\u00e9es de pneus Continental Grand Prix de 28 mm pr\u00eats comptatible tubeless. Sa transmission Shimano Ultegra Di2 2&#215;12 vitesses est \u00e0 la fois profonde et incroyablement fiable. Enfin, ses freins \u00e0 disque hydrauliques Ultegra vous permettent de rouler plus vite, car vous pouvez freiner plus tard. Il ne fait aucun doute que ce v\u00e9lo est rapide.<\/p>\n","protected":false},"excerpt":{"rendered":"<p>LITENING AERO C:68X<\/p>\n","protected":false},"featured_media":239984,"comment_status":"open","ping_status":"open","template":"","meta":{"_et_pb_use_builder":"","_et_pb_old_content":"","_et_gb_content_width":""},"product_cat":[68],"product_tag":[],"class_list":{"0":"post-240459","1":"product","2":"type-product","3":"status-publish","4":"has-post-thumbnail","6":"product_cat-velos","7":"pa_bremse-shimano-ultegra-br-r8170-hydr-disc-brake-flat-mount-160-160-2","8":"pa_farbe-blackline-2","9":"pa_gabel-litening-c68x-aero-integrated-cable-routing-flat-mount-disc-2","10":"pa_gewicht-76-kg-2","11":"pa_groessen-50cm-52cm-54cm-56cm-58cm-60cm-2","12":"pa_innenlager-shimano-sm-bb71-41b-86mm-pressfit-2","13":"pa_jahr-2026-fr","14":"pa_kassette-shimano-ultegra-cs-r8101-11-34t-2","15":"pa_kette-shimano-cn-m8100-2","16":"pa_kurbelgarnitur-shimano-ultegra-fc-r8100-hollowtech-ii-52x36t-4iiii-precision-3-powermeter-dual-side-2","17":"pa_laufradsatz-newmen-streem-a-49-a-54-carbon-21-24-spokes-12x100mm-12x142mm-tubeless-ready-2","18":"pa_lenker-vorbaueinheit-icr-aero-cockpit-system-integrated-cable-routing-aero-spacer-system-garmin-wahoo-mount-interface-2","19":"pa_lenkerband-acid-bartape-rc-2-5-2","20":"pa_rahmen-litening-c68x-aero-monocoque-advanced-twin-mold-technology-aero-optimized-tubes-full-internal-cable-routing-flat-mount-disc-2","21":"pa_reifen-conti-grand-prix-5000-s-tr-kevlar-28-622-tubeless-ready-2","22":"pa_sattel-acid-nuance-slt-carbon-2","23":"pa_sattelklemme-cube-full-integrated-aero-clamp-2","24":"pa_sattelstuetze-litening-c68x-aero-comfort-flex-2","25":"pa_schalt-bremsgriffeinheit-shimano-ultegra-di2-st-r8170-2","26":"pa_schaltwerk-shimano-ultegra-di2-rd-r8150-dgs-12-speed-2","27":"pa_steuersatz-acros-top-integrated-1-1-8-bottom-integrated-1-1-4-2","28":"pa_typ-road-2","29":"pa_umwerfer-shimano-ultegra-di2-fd-r8150-f-2","30":"pa_unterkategorie-road-race-fr","32":"first","33":"instock","34":"purchasable","35":"product-type-simple"},"_links":{"self":[{"href":"https:\/\/www.sago-bikes.com\/fr\/wp-json\/wp\/v2\/product\/240459","targetHints":{"allow":["GET"]}}],"collection":[{"href":"https:\/\/www.sago-bikes.com\/fr\/wp-json\/wp\/v2\/product"}],"about":[{"href":"https:\/\/www.sago-bikes.com\/fr\/wp-json\/wp\/v2\/types\/product"}],"replies":[{"embeddable":true,"href":"https:\/\/www.sago-bikes.com\/fr\/wp-json\/wp\/v2\/comments?post=240459"}],"wp:featuredmedia":[{"embeddable":true,"href":"https:\/\/www.sago-bikes.com\/fr\/wp-json\/wp\/v2\/media\/239984"}],"wp:attachment":[{"href":"https:\/\/www.sago-bikes.com\/fr\/wp-json\/wp\/v2\/media?parent=240459"}],"wp:term":[{"taxonomy":"product_cat","embeddable":true,"href":"https:\/\/www.sago-bikes.com\/fr\/wp-json\/wp\/v2\/product_cat?post=240459"},{"taxonomy":"product_tag","embeddable":true,"href":"https:\/\/www.sago-bikes.com\/fr\/wp-json\/wp\/v2\/product_tag?post=240459"}],"curies":[{"name":"wp","href":"https:\/\/api.w.org\/{rel}","templated":true}]}}