{"id":240462,"date":"2025-10-01T17:05:16","date_gmt":"2025-10-01T15:05:16","guid":{"rendered":"https:\/\/www.sago-bikes.com\/product\/cube-nuroad-pro-peangrey-2\/"},"modified":"2025-10-01T17:06:48","modified_gmt":"2025-10-01T15:06:48","slug":"cube-nuroad-pro-peangrey","status":"publish","type":"product","link":"https:\/\/www.sago-bikes.com\/fr\/product\/cube-nuroad-pro-peangrey\/","title":{"rendered":"Cube Nuroad Pro pea\u00b4n\u00b4grey"},"content":{"rendered":"<p>Le Nuroad Pro va vous poser une question : quelle est votre prochaine destination ? Avec son imposant d\u00e9battement pour des pneus Schwalbe larges et adh\u00e9rents, il a potentiel pour aller l\u00e0 o\u00f9 les autres v\u00e9los ne se sont jamais aventur\u00e9s. La transmission Cues 1&#215;11 de Shimano \u00e0 changement de vitesse rapide met \u00e0 votre port\u00e9e le bon rapport pour n&rsquo;importe quelle route. Ses puissants freins \u00e0 disque hydrauliques Shimano vous garantissent une capacit\u00e9 de freinage tout \u00e0 fait exceptionnelle. Enfin, sa fourche en carbone, des plus confortables, lui permet de r\u00e9duire les vibrations afin que vous puissiez rouler plus longtemps en b\u00e9n\u00e9ficiant d\u0092un maximum de confort. Avec son garde-boue, son porte-bagages et sa b\u00e9quille, vous \u00eates pr\u00eat \u00e0 l\u0092exploration sur deux roues&#8230; o\u00f9 que vous alliez.<\/p>\n","protected":false},"excerpt":{"rendered":"<p>NUROAD<\/p>\n","protected":false},"featured_media":240020,"comment_status":"open","ping_status":"open","template":"","meta":{"_et_pb_use_builder":"","_et_pb_old_content":"","_et_gb_content_width":""},"product_cat":[68],"product_tag":[],"class_list":{"0":"post-240462","1":"product","2":"type-product","3":"status-publish","4":"has-post-thumbnail","6":"product_cat-velos","7":"pa_bremse-shimano-cues-br-u6030-hydr-disc-brake-flat-mount-180-180-2","8":"pa_farbe-peangrey-2","9":"pa_gabel-cube-nuroad-flat-mount-disc-full-carbon-1-1-8-1-1-4-tapered-fender-lowrider-mounts-12x100mm-2","10":"pa_gewicht-108-kg-2","11":"pa_groessen-size-split-27-5-xxs-28-xs-s-m-l-xl-2","12":"pa_innenlager-shimano-bb-rs500pb-pressfit-2","13":"pa_jahr-2026-fr","14":"pa_kassette-shimano-cues-cs-lg400-11-50t-2","15":"pa_kette-kmc-xglide-2","16":"pa_kurbelgarnitur-shimano-cues-fc-u6030-1-40t-2","17":"pa_laufradsatz-acid-pro-gr-2-5-disc-28-28-spokes-12x100mm-12x142mm-tubeless-ready-2","18":"pa_lenker-cube-gravel-race-bar-2","19":"pa_lenkerband-acid-bartape-cc-3-0-2","20":"pa_rahmen-aluminium-6061-t6-superlite-gravel-comfort-geometry-flat-mount-disc-fender-rack-option-12x142mm-axh-2","21":"pa_reifen-schwalbe-g-one-allround-kevlar-40-622-2","22":"pa_sattel-acid-venec-lite-2","23":"pa_sattelstuetze-cube-performance-post-27-2mm-2","24":"pa_schalt-bremsgriffeinheit-shimano-cues-st-u6030-2","25":"pa_schaltwerk-shimano-cues-rd-u6000-gs-2","26":"pa_steuersatz-vp-z-t-top-zero-stack-1-1-8-od-44mm-bottom-integrated-1-1-4-2","27":"pa_typ-road-2","28":"pa_unterkategorie-gravel-2","29":"pa_vorbau-cube-performance-stem-slx-fpi-link-31-8mm-2","31":"first","32":"instock","33":"purchasable","34":"product-type-simple"},"_links":{"self":[{"href":"https:\/\/www.sago-bikes.com\/fr\/wp-json\/wp\/v2\/product\/240462","targetHints":{"allow":["GET"]}}],"collection":[{"href":"https:\/\/www.sago-bikes.com\/fr\/wp-json\/wp\/v2\/product"}],"about":[{"href":"https:\/\/www.sago-bikes.com\/fr\/wp-json\/wp\/v2\/types\/product"}],"replies":[{"embeddable":true,"href":"https:\/\/www.sago-bikes.com\/fr\/wp-json\/wp\/v2\/comments?post=240462"}],"wp:featuredmedia":[{"embeddable":true,"href":"https:\/\/www.sago-bikes.com\/fr\/wp-json\/wp\/v2\/media\/240020"}],"wp:attachment":[{"href":"https:\/\/www.sago-bikes.com\/fr\/wp-json\/wp\/v2\/media?parent=240462"}],"wp:term":[{"taxonomy":"product_cat","embeddable":true,"href":"https:\/\/www.sago-bikes.com\/fr\/wp-json\/wp\/v2\/product_cat?post=240462"},{"taxonomy":"product_tag","embeddable":true,"href":"https:\/\/www.sago-bikes.com\/fr\/wp-json\/wp\/v2\/product_tag?post=240462"}],"curies":[{"name":"wp","href":"https:\/\/api.w.org\/{rel}","templated":true}]}}