{"id":240463,"date":"2025-10-01T17:05:16","date_gmt":"2025-10-01T15:05:16","guid":{"rendered":"https:\/\/www.sago-bikes.com\/product\/cube-nuroad-pro-fe-whalenreflex-2\/"},"modified":"2025-10-01T17:06:48","modified_gmt":"2025-10-01T15:06:48","slug":"cube-nuroad-pro-fe-whalenreflex","status":"publish","type":"product","link":"https:\/\/www.sago-bikes.com\/fr\/product\/cube-nuroad-pro-fe-whalenreflex\/","title":{"rendered":"Cube Nuroad Pro FE whale\u00b4n\u00b4reflex"},"content":{"rendered":"<p>Pour le Nuroad Pro FE, nous avons conserv\u00e9 les atouts reconnus de notre Nuroad Pro (stabilit\u00e9 de pilotage, design robuste, polyvalence tout-terrain) et l&rsquo;avons \u00e9quip\u00e9 de toute une s\u00e9rie d&rsquo;accessoires pour le transformer rapidement en v\u00e9lo de randonn\u00e9e ou \u00e0 usage quotidien. Il poss\u00e8de donc un porte-bagages tr\u00e8s solide, des garde-boue int\u00e9graux et un syst\u00e8me d\u0092\u00e9clairage. Les pneus Schwalbe G-One Comp de 40 mm et la fourche enti\u00e8rement en carbone facilitent la t\u00e2che sur les routes accident\u00e9es, la transmission Cues 1&#215;11 vitesses profonde et fluide de Shimano vous maintiennent en mouvement et les robustes freins \u00e0 disque hydrauliques vous offrent une puissance de freinage par tous les temps. C&rsquo;est l\u0092ensemble complet pour partir en exploration ou faire la navette.<\/p>\n","protected":false},"excerpt":{"rendered":"<p>NUROAD<\/p>\n","protected":false},"featured_media":240032,"comment_status":"open","ping_status":"open","template":"","meta":{"_et_pb_use_builder":"","_et_pb_old_content":"","_et_gb_content_width":""},"product_cat":[68],"product_tag":[],"class_list":{"0":"post-240463","1":"product","2":"type-product","3":"status-publish","4":"has-post-thumbnail","6":"product_cat-velos","7":"pa_bremse-shimano-cues-br-u6030-hydr-disc-brake-flat-mount-180-180-2","8":"pa_farbe-whalenreflex-2","9":"pa_gabel-cube-nuroad-flat-mount-disc-full-carbon-1-1-8-1-1-4-tapered-fender-lowrider-mounts-12x100mm-2","10":"pa_gepaecktraeger-acid-gravel-2","11":"pa_gewicht-126-kg-2","12":"pa_glocke-acid-alpha-2","13":"pa_groessen-xs-s-m-l-xl-2","14":"pa_innenlager-shimano-bb-rs500pb-pressfit-2","15":"pa_jahr-2026-fr","16":"pa_kassette-shimano-cues-cs-lg400-11-50t-2","17":"pa_kette-kmc-xglide-2","18":"pa_kurbelgarnitur-shimano-cues-fc-u6030-1-40t-2","19":"pa_laufradsatz-acid-pro-gr-2-5-disc-28-28-spokes-12x100mm-12x142mm-tubeless-ready-shutter-pd-7-07-front-dynamo-2","20":"pa_lenker-cube-gravel-race-bar-2","21":"pa_lenkerband-acid-bartape-cc-3-0-2","22":"pa_rahmen-aluminium-6061-t6-superlite-gravel-comfort-geometry-flat-mount-disc-fender-rack-option-12x142mm-axh-2","23":"pa_rahmenbeschreibung-pour-creer-le-nuroad-fe-nous-nous-sommes-inspires-de-nos-modeles-de-cyclo-cross-et-de-course-et-avons-ajoute-au-melange-un-peu-dadn-de-vtt-il-presente-un-debattement-suffisant-pour-de-lar","24":"pa_reifen-schwalbe-g-one-comp-activel-40-622-2","25":"pa_ruecklicht-acid-mudguard-rear-light-pro-d-6v-ac-2","26":"pa_sattel-acid-venec-lite-2","27":"pa_sattelstuetze-cube-performance-post-27-2mm-2","28":"pa_schalt-bremsgriffeinheit-shimano-cues-st-u6030-2","29":"pa_schaltwerk-shimano-cues-rd-u6000-gs-2","30":"pa_scheinwerfer-acid-pro-d-50-cmpt-2","31":"pa_schutzblech-acid-50-bb-mount-2","32":"pa_staender-acid-fm-pure-kickstand-2","33":"pa_steuersatz-vp-z-t-top-zero-stack-1-1-8-od-44mm-bottom-integrated-1-1-4-2","34":"pa_typ-road-2","35":"pa_unterkategorie-gravel-2","36":"pa_vorbau-cube-performance-stem-slx-fpi-link-31-8mm-2","38":"first","39":"instock","40":"purchasable","41":"product-type-simple"},"_links":{"self":[{"href":"https:\/\/www.sago-bikes.com\/fr\/wp-json\/wp\/v2\/product\/240463","targetHints":{"allow":["GET"]}}],"collection":[{"href":"https:\/\/www.sago-bikes.com\/fr\/wp-json\/wp\/v2\/product"}],"about":[{"href":"https:\/\/www.sago-bikes.com\/fr\/wp-json\/wp\/v2\/types\/product"}],"replies":[{"embeddable":true,"href":"https:\/\/www.sago-bikes.com\/fr\/wp-json\/wp\/v2\/comments?post=240463"}],"wp:featuredmedia":[{"embeddable":true,"href":"https:\/\/www.sago-bikes.com\/fr\/wp-json\/wp\/v2\/media\/240032"}],"wp:attachment":[{"href":"https:\/\/www.sago-bikes.com\/fr\/wp-json\/wp\/v2\/media?parent=240463"}],"wp:term":[{"taxonomy":"product_cat","embeddable":true,"href":"https:\/\/www.sago-bikes.com\/fr\/wp-json\/wp\/v2\/product_cat?post=240463"},{"taxonomy":"product_tag","embeddable":true,"href":"https:\/\/www.sago-bikes.com\/fr\/wp-json\/wp\/v2\/product_tag?post=240463"}],"curies":[{"name":"wp","href":"https:\/\/api.w.org\/{rel}","templated":true}]}}