{"id":240464,"date":"2025-10-01T17:05:16","date_gmt":"2025-10-01T15:05:16","guid":{"rendered":"https:\/\/www.sago-bikes.com\/product\/cube-nuroad-race-royalgreennblack-2\/"},"modified":"2025-10-01T17:06:48","modified_gmt":"2025-10-01T15:06:48","slug":"cube-nuroad-race-royalgreennblack","status":"publish","type":"product","link":"https:\/\/www.sago-bikes.com\/fr\/product\/cube-nuroad-race-royalgreennblack\/","title":{"rendered":"Cube Nuroad Race royalgreen\u00b4n\u00b4black"},"content":{"rendered":"<p>Sous les lignes \u00e9pur\u00e9es et organiques du cadre et de la fourche en carbone du Nuroad Race se cache un v\u00e9lo aux intentions s\u00e9rieuses. Les vitesses Shimano GRX 2&#215;12 offrent une vaste gamme de rapports pour d\u00e9valer les collines avec la durabilit\u00e9 fiable d&rsquo;un \u00e9quipement construit sp\u00e9cifiquement pour l&rsquo;utilisation sur le gravier. Les freins \u00e0 disques hydrauliques et les pneus Schwalbe G-One R 45 mm mont\u00e9s sur les roues Newmen Performance Gravel 25 offrent une excellente adh\u00e9rence et un bon contr\u00f4le par tous les temps. De plus, gr\u00e2ce \u00e0 une vaste gamme de points de fixation sur le cadre et la fourche pour des accessoires tels que les garde-boue et les porte-bagages, il est aussi adaptable que robuste.<\/p>\n","protected":false},"excerpt":{"rendered":"<p>NUROAD<\/p>\n","protected":false},"featured_media":240044,"comment_status":"open","ping_status":"open","template":"","meta":{"_et_pb_use_builder":"","_et_pb_old_content":"","_et_gb_content_width":""},"product_cat":[68],"product_tag":[],"class_list":{"0":"post-240464","1":"product","2":"type-product","3":"status-publish","4":"has-post-thumbnail","6":"product_cat-velos","7":"pa_bremse-shimano-grx-st-rx610-br-rx410-hydr-disc-brake-flat-mount-160-160-2","8":"pa_farbe-royalgreennblack-2","9":"pa_gabel-cube-c62-technology-1-1-8-1-1-2-tapered-integrated-cable-routing-flat-mount-disc-fender-lowrider-mounts-internal-light-cable-option-12x100mm-2","10":"pa_gewicht-105-kg-2","11":"pa_groessen-xs-s-m-l-xl-xxl-2","12":"pa_innenlager-shimano-bb-rs500pb-pressfit-2","13":"pa_jahr-2026-fr","14":"pa_kassette-shimano-105-cs-hg710-11-36t-2","15":"pa_kette-shimano-cn-m6100-2","16":"pa_kurbelgarnitur-shimano-grx-fc-rx820-48x31t-2","17":"pa_laufradsatz-newmen-performance-x-r-25-28-28-spokes-12x100mm-12x142mm-tubeless-ready-2","18":"pa_lenker-cube-gravel-race-bar-2","19":"pa_lenkerband-acid-bartape-cc-3-0-2","20":"pa_rahmen-aluminium-6061-t6-superlite-internal-cable-routing-integrated-seat-post-clamp-flat-mount-disc-fender-rack-option-12x142mm-udh-2","21":"pa_rahmenbeschreibung-la-forme-rencontre-la-fonction-et-la-perfection-dans-le-cadre-du-nuroad-fabrique-en-aluminium-haute-performance-avec-un-grand-souci-du-detail-il-allie-lesthetique-organique-dun-velo-de-course","22":"pa_reifen-schwalbe-g-one-r-kevlar-tlr-45-622-2","23":"pa_sattel-acid-nuance-lite-2","24":"pa_sattelstuetze-cube-performance-post-27-2mm-2","25":"pa_schalt-bremsgriffeinheit-shimano-grx-st-rx610-2","26":"pa_schaltwerk-shimano-grx-rd-rx820-direct-mount-12-speed-2","27":"pa_steuersatz-acros-top-integrated-1-1-2-w-integrated-cable-routing-bottom-integrated-1-1-4-2","28":"pa_typ-road-2","29":"pa_umwerfer-shimano-grx-fd-rx820-f-2","30":"pa_unterkategorie-gravel-2","31":"pa_vorbau-cube-cis-stem-w-cable-routing-fpi-link-2","33":"first","34":"instock","35":"purchasable","36":"product-type-simple"},"_links":{"self":[{"href":"https:\/\/www.sago-bikes.com\/fr\/wp-json\/wp\/v2\/product\/240464","targetHints":{"allow":["GET"]}}],"collection":[{"href":"https:\/\/www.sago-bikes.com\/fr\/wp-json\/wp\/v2\/product"}],"about":[{"href":"https:\/\/www.sago-bikes.com\/fr\/wp-json\/wp\/v2\/types\/product"}],"replies":[{"embeddable":true,"href":"https:\/\/www.sago-bikes.com\/fr\/wp-json\/wp\/v2\/comments?post=240464"}],"wp:featuredmedia":[{"embeddable":true,"href":"https:\/\/www.sago-bikes.com\/fr\/wp-json\/wp\/v2\/media\/240044"}],"wp:attachment":[{"href":"https:\/\/www.sago-bikes.com\/fr\/wp-json\/wp\/v2\/media?parent=240464"}],"wp:term":[{"taxonomy":"product_cat","embeddable":true,"href":"https:\/\/www.sago-bikes.com\/fr\/wp-json\/wp\/v2\/product_cat?post=240464"},{"taxonomy":"product_tag","embeddable":true,"href":"https:\/\/www.sago-bikes.com\/fr\/wp-json\/wp\/v2\/product_tag?post=240464"}],"curies":[{"name":"wp","href":"https:\/\/api.w.org\/{rel}","templated":true}]}}