{"id":240468,"date":"2025-10-01T17:05:27","date_gmt":"2025-10-01T15:05:27","guid":{"rendered":"https:\/\/www.sago-bikes.com\/product\/cube-nuroad-c62-one-aloegreennblack-2\/"},"modified":"2025-10-01T17:06:52","modified_gmt":"2025-10-01T15:06:52","slug":"cube-nuroad-c62-one-aloegreennblack","status":"publish","type":"product","link":"https:\/\/www.sago-bikes.com\/fr\/product\/cube-nuroad-c62-one-aloegreennblack\/","title":{"rendered":"Cube Nuroad C:62 ONE aloegreen\u00b4n\u00b4black"},"content":{"rendered":"<p>La simplicit\u00e9 est id\u00e9ale pour un v\u00e9lo de campagne, mais \u00e7a ne veut pas forc\u00e9ment dire que vous deviez faire des compromis. Le cadre et la fourche enti\u00e8rement en carbone du Nuroad C:62 ONE, l\u00e9gers, \u00e9l\u00e9gants, fonctionnels et \u00e9quip\u00e9s de points de fixation pour les garde-boue et les porte-bagages, ne sont qu&rsquo;un d\u00e9but. Nous avons mont\u00e9 une paire de roues sp\u00e9ciales gravier Newmen Performance Gravel 25 chauss\u00e9es de pneus Schwalbe de 45 mm G-One R Pro tyres pour une meilleure combinaison de poids, d&rsquo;adh\u00e9rence et de durabilit\u00e9. Nous avons ensuite ajout\u00e9 des freins \u00e0 disque hydrauliques Shimano GRX, pour un excellent contr\u00f4le par tous les temps. Notre finition : l&rsquo;excellence fonctionnelle de la transmission GRX 1&#215;12 vitesses de Shimano, pour une vaste gamme de rapports litt\u00e9ralement \u00e0 port\u00e9e de main. Il est pr\u00eat pour l\u0092exploration.<\/p>\n","protected":false},"excerpt":{"rendered":"<p>NUROAD C:62<\/p>\n","protected":false},"featured_media":240092,"comment_status":"open","ping_status":"open","template":"","meta":{"_et_pb_use_builder":"","_et_pb_old_content":"","_et_gb_content_width":""},"product_cat":[68],"product_tag":[],"class_list":{"0":"post-240468","1":"product","2":"type-product","3":"status-publish","4":"has-post-thumbnail","6":"product_cat-velos","7":"pa_bremse-shimano-grx-st-rx610-br-rx410-hydr-disc-brake-flat-mount-160-160-2","8":"pa_farbe-aloegreennblack-2","9":"pa_gabel-cube-c62-technology-1-1-8-1-1-2-tapered-integrated-cable-routing-flat-mount-disc-fender-lowrider-mounts-internal-light-cable-option-12x100mm-2","10":"pa_gewicht-94-kg-2","11":"pa_groessen-xs-s-m-l-xl-2","12":"pa_innenlager-shimano-sm-bb71-41b-86mm-pressfit-2","13":"pa_jahr-2026-fr","14":"pa_kassette-shimano-deore-cs-m6100-10-51t-2","15":"pa_kette-shimano-cn-m6100-2","16":"pa_kurbelgarnitur-shimano-grx-fc-rx610-40t-2","17":"pa_laufradsatz-newmen-performance-x-r-25-28-28-spokes-12x100mm-12x142mm-tubeless-ready-2","18":"pa_lenker-newmen-advanced-gravel-bar-318-carbon-31-8mm-2","19":"pa_lenkerband-acid-bartape-cc-3-0-2","20":"pa_rahmen-c62-advanced-twin-mold-technology-internal-cable-routing-integrated-seat-post-clamp-flat-mount-disc-fender-rack-kickstand-option-12x142mm-udh-2","21":"pa_rahmenbeschreibung-le-cadre-nuroad-c62-reprend-tout-ce-que-nous-savons-sur-les-cadres-en-carbone-et-le-reconditionne-dans-un-format-parfait-pour-la-course-de-gravel-le-cadre-est-suffisamment-degage-pour-accueillir","22":"pa_reifen-schwalbe-g-one-r-pro-tlr-45-622-2","23":"pa_sattel-acid-nuance-pro-2","24":"pa_sattelstuetze-newmen-advanced-carbon-27-2mm-2","25":"pa_schalt-bremsgriffeinheit-shimano-grx-st-rx610-2","26":"pa_schaltwerk-shimano-grx-rd-rx822-sgs-12-speed-2","27":"pa_steuersatz-acros-top-integrated-1-1-2-w-integrated-cable-routing-bottom-integrated-1-1-2-2","28":"pa_typ-road-2","29":"pa_unterkategorie-gravel-2","30":"pa_vorbau-cube-cis-stem-w-cable-routing-fpi-link-2","32":"first","33":"instock","34":"purchasable","35":"product-type-simple"},"_links":{"self":[{"href":"https:\/\/www.sago-bikes.com\/fr\/wp-json\/wp\/v2\/product\/240468","targetHints":{"allow":["GET"]}}],"collection":[{"href":"https:\/\/www.sago-bikes.com\/fr\/wp-json\/wp\/v2\/product"}],"about":[{"href":"https:\/\/www.sago-bikes.com\/fr\/wp-json\/wp\/v2\/types\/product"}],"replies":[{"embeddable":true,"href":"https:\/\/www.sago-bikes.com\/fr\/wp-json\/wp\/v2\/comments?post=240468"}],"wp:featuredmedia":[{"embeddable":true,"href":"https:\/\/www.sago-bikes.com\/fr\/wp-json\/wp\/v2\/media\/240092"}],"wp:attachment":[{"href":"https:\/\/www.sago-bikes.com\/fr\/wp-json\/wp\/v2\/media?parent=240468"}],"wp:term":[{"taxonomy":"product_cat","embeddable":true,"href":"https:\/\/www.sago-bikes.com\/fr\/wp-json\/wp\/v2\/product_cat?post=240468"},{"taxonomy":"product_tag","embeddable":true,"href":"https:\/\/www.sago-bikes.com\/fr\/wp-json\/wp\/v2\/product_tag?post=240468"}],"curies":[{"name":"wp","href":"https:\/\/api.w.org\/{rel}","templated":true}]}}