{"id":240469,"date":"2025-10-01T17:05:27","date_gmt":"2025-10-01T15:05:27","guid":{"rendered":"https:\/\/www.sago-bikes.com\/product\/cube-nuroad-c62-pro-vulcannprism-2\/"},"modified":"2025-10-01T17:06:53","modified_gmt":"2025-10-01T15:06:53","slug":"cube-nuroad-c62-pro-vulcannprism","status":"publish","type":"product","link":"https:\/\/www.sago-bikes.com\/fr\/product\/cube-nuroad-c62-pro-vulcannprism\/","title":{"rendered":"Cube Nuroad C:62 Pro vulcan\u00b4n\u00b4prism"},"content":{"rendered":"<p>Le Nuroad C:62 Pro combine le confort et la l\u00e9g\u00e8ret\u00e9 d\u0092un cadre carbone taill\u00e9 pour le gravier avec groupe Shimano GRX 2&#215;12 vitesses sp\u00e9cial gravier, il a tout ce dont vous avez besoin pour \u00e9largir vos horizons cyclistes avec une vaste gamme d&rsquo;engrenages rapproch\u00e9s. Les roues Newmen Advanced G.34 Carbon sont id\u00e9ales pour accueillir une paire de pneus Schwalbe G-One R Pro de 45 mm, avec de l&rsquo;espace pour 50 mm si n\u00e9cessaire. Ajoutez \u00e0 cela la puissance de freins \u00e0 disque hydrauliques \u00e0 2 pistons Shimano GRX, le confort d\u0092une fourche tout en carbone C:62\u00ae, et vous n\u0092avez plus aucune excuse. Quelle sera votre prochaine destination ce weekend?<\/p>\n","protected":false},"excerpt":{"rendered":"<p>NUROAD C:62<\/p>\n","protected":false},"featured_media":240104,"comment_status":"open","ping_status":"open","template":"","meta":{"_et_pb_use_builder":"","_et_pb_old_content":"","_et_gb_content_width":""},"product_cat":[68],"product_tag":[],"class_list":{"0":"post-240469","1":"product","2":"type-product","3":"status-publish","4":"has-post-thumbnail","6":"product_cat-velos","7":"pa_bremse-shimano-grx-br-rx820-hydr-disc-brake-flat-mount-160-160-2","8":"pa_farbe-vulcannprism-2","9":"pa_gabel-cube-c62-technology-1-1-8-1-1-2-tapered-integrated-cable-routing-flat-mount-disc-fender-lowrider-mounts-internal-light-cable-option-12x100mm-2","10":"pa_gewicht-87-kg-2","11":"pa_groessen-xs-s-m-l-xl-2","12":"pa_innenlager-shimano-sm-bb71-41b-86mm-pressfit-2","13":"pa_jahr-2026-fr","14":"pa_kassette-shimano-105-cs-hg710-11-36t-2","15":"pa_kette-shimano-cn-m7100-2","16":"pa_kurbelgarnitur-shimano-grx-fc-rx820-48x31t-2","17":"pa_laufradsatz-newmen-advanced-g-34-21-21-spokes-12x100mm-12x142mm-tubeless-ready-2","18":"pa_lenker-newmen-advanced-gravel-bar-318-carbon-31-8mm-2","19":"pa_lenkerband-acid-bartape-cc-3-0-2","20":"pa_rahmen-c62-advanced-twin-mold-technology-internal-cable-routing-integrated-seat-post-clamp-flat-mount-disc-fender-rack-kickstand-option-12x142mm-udh-2","21":"pa_rahmenbeschreibung-le-cadre-nuroad-c62-reprend-tout-ce-que-nous-savons-sur-les-cadres-en-carbone-et-le-reconditionne-dans-un-format-parfait-pour-la-course-de-gravel-le-cadre-est-suffisamment-degage-pour-accueillir","22":"pa_reifen-schwalbe-g-one-r-pro-tlr-45-622-2","23":"pa_sattel-acid-nuance-pro-2","24":"pa_sattelstuetze-newmen-advanced-carbon-27-2mm-2","25":"pa_schalt-bremsgriffeinheit-shimano-grx-st-rx820-2","26":"pa_schaltwerk-shimano-grx-rd-rx820-12-speed-2","27":"pa_steuersatz-acros-top-integrated-1-1-2-w-integrated-cable-routing-bottom-integrated-1-1-4-2","28":"pa_typ-road-2","29":"pa_umwerfer-shimano-grx-fd-rx820-f-2","30":"pa_unterkategorie-gravel-2","31":"pa_vorbau-cube-cis-stem-w-cable-routing-fpi-link-2","33":"first","34":"instock","35":"purchasable","36":"product-type-simple"},"_links":{"self":[{"href":"https:\/\/www.sago-bikes.com\/fr\/wp-json\/wp\/v2\/product\/240469","targetHints":{"allow":["GET"]}}],"collection":[{"href":"https:\/\/www.sago-bikes.com\/fr\/wp-json\/wp\/v2\/product"}],"about":[{"href":"https:\/\/www.sago-bikes.com\/fr\/wp-json\/wp\/v2\/types\/product"}],"replies":[{"embeddable":true,"href":"https:\/\/www.sago-bikes.com\/fr\/wp-json\/wp\/v2\/comments?post=240469"}],"wp:featuredmedia":[{"embeddable":true,"href":"https:\/\/www.sago-bikes.com\/fr\/wp-json\/wp\/v2\/media\/240104"}],"wp:attachment":[{"href":"https:\/\/www.sago-bikes.com\/fr\/wp-json\/wp\/v2\/media?parent=240469"}],"wp:term":[{"taxonomy":"product_cat","embeddable":true,"href":"https:\/\/www.sago-bikes.com\/fr\/wp-json\/wp\/v2\/product_cat?post=240469"},{"taxonomy":"product_tag","embeddable":true,"href":"https:\/\/www.sago-bikes.com\/fr\/wp-json\/wp\/v2\/product_tag?post=240469"}],"curies":[{"name":"wp","href":"https:\/\/api.w.org\/{rel}","templated":true}]}}