{"id":240471,"date":"2025-10-01T17:05:27","date_gmt":"2025-10-01T15:05:27","guid":{"rendered":"https:\/\/www.sago-bikes.com\/product\/cube-nuroad-c62-ex-oldgreynprism-2\/"},"modified":"2025-10-01T17:06:54","modified_gmt":"2025-10-01T15:06:54","slug":"cube-nuroad-c62-ex-oldgreynprism","status":"publish","type":"product","link":"https:\/\/www.sago-bikes.com\/fr\/product\/cube-nuroad-c62-ex-oldgreynprism\/","title":{"rendered":"Cube Nuroad C:62 EX oldgrey\u00b4n\u00b4prism"},"content":{"rendered":"<p>Sortez des sentiers battus, le Nuroad C:62 n\u0092attend que vous. Construit autour d&rsquo;un cadre en carbone C:62\u00ae et d&rsquo;une fourche C:62\u00ae assortie qui allient robustesse, confort et maniabilit\u00e9, nous avons commenc\u00e9 avec les vitesses GRX Di2 1&#215;12 de Shimano et la manivelle GRX pour une gamme de vitesses in\u00e9gal\u00e9e et des changements de rapport \u00e9lectroniques ultra-pr\u00e9cis. Ses freins \u00e0 disque hydrauliques GRX correspondant se combinent \u00e0 des pneus Continental Terra Trail de 45 mm sur des roues Newmen Advanced G.34 pour vous garantir un contr\u00f4le de tous les instants. Enfin, gr\u00e2ce \u00e0 un d\u00e9battement permettant l\u0092\u00e9quipement de garde-boue optionnels et de porte-bagages \u00e0 l\u0092avant et \u00e0 l\u0092arri\u00e8re, vous \u00eates par\u00e9 pour des aventures en mode gravier.<\/p>\n","protected":false},"excerpt":{"rendered":"<p>NUROAD C:62<\/p>\n","protected":false},"featured_media":240126,"comment_status":"open","ping_status":"open","template":"","meta":{"_et_pb_use_builder":"","_et_pb_old_content":"","_et_gb_content_width":""},"product_cat":[68],"product_tag":[],"class_list":{"0":"post-240471","1":"product","2":"type-product","3":"status-publish","4":"has-post-thumbnail","6":"product_cat-velos","7":"pa_bremse-shimano-grx-br-rx820-hydr-disc-brake-flat-mount-160-160-2","8":"pa_farbe-oldgreynprism-2","9":"pa_gabel-cube-c62-technology-1-1-8-1-1-2-tapered-integrated-cable-routing-flat-mount-disc-fender-lowrider-mounts-internal-light-cable-option-12x100mm-2","10":"pa_gewicht-85-kg-2","11":"pa_groessen-xs-s-m-l-xl-2","12":"pa_innenlager-shimano-sm-bb71-41b-86mm-pressfit-2","13":"pa_jahr-2026-fr","14":"pa_kassette-shimano-slx-cs-m7100-10-51t-2","15":"pa_kette-shimano-cn-m7100-2","16":"pa_kurbelgarnitur-shimano-grx-fc-rx820-1-hollowtech-ii-40t-2","17":"pa_laufradsatz-newmen-advanced-g-34-21-21-spokes-12x100mm-12x142mm-tubeless-ready-2","18":"pa_lenker-newmen-advanced-gravel-bar-318-carbon-31-8mm-2","19":"pa_lenkerband-acid-bartape-cc-3-0-2","20":"pa_rahmen-c62-advanced-twin-mold-technology-internal-cable-routing-integrated-seat-post-clamp-flat-mount-disc-fender-rack-kickstand-option-12x142mm-udh-2","21":"pa_rahmenbeschreibung-le-cadre-nuroad-c62-reprend-tout-ce-que-nous-savons-sur-les-cadres-en-carbone-et-le-reconditionne-dans-un-format-parfait-pour-la-course-de-gravel-le-cadre-est-suffisamment-degage-pour-accueillir","22":"pa_reifen-conti-terra-trail-shield-wall-45-622-2","23":"pa_sattel-acid-nuance-pro-2","24":"pa_sattelstuetze-newmen-advanced-carbon-27-2mm-2","25":"pa_schalt-bremsgriffeinheit-shimano-grx-di2-st-rx825-2","26":"pa_schaltwerk-shimano-grx-di2-rd-rx827-sgs-12-speed-2","27":"pa_steuersatz-acros-top-integrated-1-1-2-w-integrated-cable-routing-bottom-integrated-1-1-4-2","28":"pa_typ-road-2","29":"pa_unterkategorie-gravel-2","30":"pa_vorbau-cube-cis-stem-w-cable-routing-fpi-link-2","32":"first","33":"instock","34":"purchasable","35":"product-type-simple"},"_links":{"self":[{"href":"https:\/\/www.sago-bikes.com\/fr\/wp-json\/wp\/v2\/product\/240471","targetHints":{"allow":["GET"]}}],"collection":[{"href":"https:\/\/www.sago-bikes.com\/fr\/wp-json\/wp\/v2\/product"}],"about":[{"href":"https:\/\/www.sago-bikes.com\/fr\/wp-json\/wp\/v2\/types\/product"}],"replies":[{"embeddable":true,"href":"https:\/\/www.sago-bikes.com\/fr\/wp-json\/wp\/v2\/comments?post=240471"}],"wp:featuredmedia":[{"embeddable":true,"href":"https:\/\/www.sago-bikes.com\/fr\/wp-json\/wp\/v2\/media\/240126"}],"wp:attachment":[{"href":"https:\/\/www.sago-bikes.com\/fr\/wp-json\/wp\/v2\/media?parent=240471"}],"wp:term":[{"taxonomy":"product_cat","embeddable":true,"href":"https:\/\/www.sago-bikes.com\/fr\/wp-json\/wp\/v2\/product_cat?post=240471"},{"taxonomy":"product_tag","embeddable":true,"href":"https:\/\/www.sago-bikes.com\/fr\/wp-json\/wp\/v2\/product_tag?post=240471"}],"curies":[{"name":"wp","href":"https:\/\/api.w.org\/{rel}","templated":true}]}}