{"id":240474,"date":"2025-10-01T17:05:27","date_gmt":"2025-10-01T15:05:27","guid":{"rendered":"https:\/\/www.sago-bikes.com\/product\/cube-nuroad-c62-slx-reedbeigenchrome-2\/"},"modified":"2025-10-01T17:07:01","modified_gmt":"2025-10-01T15:07:01","slug":"cube-nuroad-c62-slx-reedbeigenchrome","status":"publish","type":"product","link":"https:\/\/www.sago-bikes.com\/fr\/product\/cube-nuroad-c62-slx-reedbeigenchrome\/","title":{"rendered":"Cube Nuroad C:62 SLX reedbeige\u00b4n\u00b4chrome"},"content":{"rendered":"<p>Le cadre et la fourche en carbone C:62\u00ae du Nuroad C:62 SLX pr\u00e9sentent des d\u00e9tails de conception CUBE exceptionnels, mais vous avez probablement d\u00e9j\u00e0 remarqu\u00e9 les roues Zipp 303 XPLR S&#8230; alors parlons-en. Sp\u00e9cifiques au gravel et avec une jante profonde con\u00e7ue pour fournir un avantage a\u00e9rodynamique mesurable \u00e0 des vitesses de course typiques, nous les avons chauss\u00e9es de pneus Schwalbe G-One RX Pro de 45 mm \u00e0 roulement rapide et avons ajout\u00e9 des freins \u00e0 disque hydrauliques Force AXS de Sram. Le d\u00e9raillage robuste et fiable est assur\u00e9 par la transmission GX Eagle 1&#215;12 de Sram, et le p\u00e9dalier Sram Force avec capteur de puissance int\u00e9gr\u00e9 vous permet de garder un \u009cil sur vos performances. C\u0092est parti&#8230;<\/p>\n","protected":false},"excerpt":{"rendered":"<p>NUROAD C:62<\/p>\n","protected":false},"featured_media":240168,"comment_status":"open","ping_status":"open","template":"","meta":{"_et_pb_use_builder":"","_et_pb_old_content":"","_et_gb_content_width":""},"product_cat":[68],"product_tag":[],"class_list":{"0":"post-240474","1":"product","2":"type-product","3":"status-publish","4":"has-post-thumbnail","6":"product_cat-velos","7":"pa_bremse-sram-force-axs-e1-hydr-disc-brake-flat-mount-160-160-2","8":"pa_farbe-reedbeigenchrome-2","9":"pa_gabel-cube-c62-technology-1-1-8-1-1-2-tapered-integrated-cable-routing-flat-mount-disc-fender-lowrider-mounts-internal-light-cable-option-12x100mm-2","10":"pa_gewicht-86-kg-2","11":"pa_groessen-xs-s-m-l-xl-2","12":"pa_innenlager-sram-dub-road-wide-pressfit-2","13":"pa_jahr-2026-fr","14":"pa_kassette-sram-xs-1295-10-52t-2","15":"pa_kette-sram-x0-eagle-transmission-2","16":"pa_kurbelgarnitur-sram-force-xplr-e1-powermeter-spindle-dub-40t-2","17":"pa_laufradsatz-zipp-303-xplr-s-24-24-spokes-12x100mm-12x142mm-tubeless-ready-2","18":"pa_lenker-newmen-advanced-gravel-bar-318-carbon-31-8mm-2","19":"pa_lenkerband-acid-bartape-cc-3-0-2","20":"pa_rahmen-c62-advanced-twin-mold-technology-internal-cable-routing-integrated-seat-post-clamp-flat-mount-disc-fender-rack-kickstand-option-12x142mm-udh-2","21":"pa_reifen-schwalbe-g-one-rx-pro-tlr-45-622-2","22":"pa_sattel-acid-nuance-slt-x-carbon-2","23":"pa_sattelstuetze-newmen-advanced-carbon-27-2mm-2","24":"pa_schalt-bremsgriffeinheit-sram-force-axs-e1-2","25":"pa_schaltwerk-sram-gx-eagle-axs-transmission-12-speed-2","26":"pa_steuersatz-acros-top-integrated-1-1-2-w-integrated-cable-routing-bottom-integrated-1-1-4-2","27":"pa_typ-road-2","28":"pa_unterkategorie-gravel-2","29":"pa_vorbau-cube-cis-stem-w-cable-routing-fpi-link-2","31":"first","32":"instock","33":"purchasable","34":"product-type-simple"},"_links":{"self":[{"href":"https:\/\/www.sago-bikes.com\/fr\/wp-json\/wp\/v2\/product\/240474","targetHints":{"allow":["GET"]}}],"collection":[{"href":"https:\/\/www.sago-bikes.com\/fr\/wp-json\/wp\/v2\/product"}],"about":[{"href":"https:\/\/www.sago-bikes.com\/fr\/wp-json\/wp\/v2\/types\/product"}],"replies":[{"embeddable":true,"href":"https:\/\/www.sago-bikes.com\/fr\/wp-json\/wp\/v2\/comments?post=240474"}],"wp:featuredmedia":[{"embeddable":true,"href":"https:\/\/www.sago-bikes.com\/fr\/wp-json\/wp\/v2\/media\/240168"}],"wp:attachment":[{"href":"https:\/\/www.sago-bikes.com\/fr\/wp-json\/wp\/v2\/media?parent=240474"}],"wp:term":[{"taxonomy":"product_cat","embeddable":true,"href":"https:\/\/www.sago-bikes.com\/fr\/wp-json\/wp\/v2\/product_cat?post=240474"},{"taxonomy":"product_tag","embeddable":true,"href":"https:\/\/www.sago-bikes.com\/fr\/wp-json\/wp\/v2\/product_tag?post=240474"}],"curies":[{"name":"wp","href":"https:\/\/api.w.org\/{rel}","templated":true}]}}