{"id":240476,"date":"2025-10-01T17:05:27","date_gmt":"2025-10-01T15:05:27","guid":{"rendered":"https:\/\/www.sago-bikes.com\/product\/cube-numove-120-walk-seagreenngreen-2\/"},"modified":"2025-10-01T17:07:11","modified_gmt":"2025-10-01T15:07:11","slug":"cube-numove-120-walk-seagreenngreen","status":"publish","type":"product","link":"https:\/\/www.sago-bikes.com\/fr\/product\/cube-numove-120-walk-seagreenngreen\/","title":{"rendered":"Cube Numove 120 walk seagreen\u00b4n\u00b4green"},"content":{"rendered":"<p>L&rsquo;\u00e9l\u00e9gante simplicit\u00e9 du Numove 120 Walk dissimule la r\u00e9flexion qu&rsquo;il a suscit\u00e9e. Le cadre en magn\u00e9sium est exceptionnellement l\u00e9ger et pr\u00e9sente des surfaces incurv\u00e9es pour une exp\u00e9rience de conduite la plus s\u00fbre possible, m\u00eame lors des in\u00e9vitables chutes. La selle, le guidon et les poign\u00e9es sont soigneusement dimensionn\u00e9s pour les petits corps et les petites mains. Et, bien entendu, il a pass\u00e9 avec succ\u00e8s tous nos tests de s\u00e9curit\u00e9 internes rigoureux. Que l\u0092amusement commence !<\/p>\n","protected":false},"excerpt":{"rendered":"<p>NUMOVE 120<\/p>\n","protected":false},"featured_media":240192,"comment_status":"open","ping_status":"open","template":"","meta":{"_et_pb_use_builder":"","_et_pb_old_content":"","_et_gb_content_width":""},"product_cat":[68],"product_tag":[],"class_list":{"0":"post-240476","1":"product","2":"type-product","3":"status-publish","4":"has-post-thumbnail","6":"product_cat-velos","7":"pa_farbe-seagreenngreen-2","8":"pa_gabel-aluminium-fork-2","9":"pa_gewicht-34-kg-2","10":"pa_griffe-cube-2","11":"pa_jahr-2026-fr","12":"pa_laufradsatz-aluminium-lite-3","13":"pa_lenker-aluminium-lite-340mm-oe-22-2mm-2","14":"pa_rahmen-magnesium-one-piece-technology-2","15":"pa_rahmenbeschreibung-le-numove-120-walk-a-un-atout-dans-sa-manche-un-cadre-en-magnesium-exceptionnellement-leger-et-resistant-cest-le-materiau-ideal-pour-un-tout-premier-velo-nous-avons-faconne-le-cadre-ave","16":"pa_reifen-cube-12-x-1-75-2","17":"pa_sattel-cube-kid-2","18":"pa_sattelstuetze-cube-kid-3","19":"pa_typ-kids-2","20":"pa_unterkategorie-120-2","21":"pa_vorbau-aluminium-lite-65mm-2","23":"first","24":"instock","25":"purchasable","26":"product-type-simple"},"_links":{"self":[{"href":"https:\/\/www.sago-bikes.com\/fr\/wp-json\/wp\/v2\/product\/240476","targetHints":{"allow":["GET"]}}],"collection":[{"href":"https:\/\/www.sago-bikes.com\/fr\/wp-json\/wp\/v2\/product"}],"about":[{"href":"https:\/\/www.sago-bikes.com\/fr\/wp-json\/wp\/v2\/types\/product"}],"replies":[{"embeddable":true,"href":"https:\/\/www.sago-bikes.com\/fr\/wp-json\/wp\/v2\/comments?post=240476"}],"wp:featuredmedia":[{"embeddable":true,"href":"https:\/\/www.sago-bikes.com\/fr\/wp-json\/wp\/v2\/media\/240192"}],"wp:attachment":[{"href":"https:\/\/www.sago-bikes.com\/fr\/wp-json\/wp\/v2\/media?parent=240476"}],"wp:term":[{"taxonomy":"product_cat","embeddable":true,"href":"https:\/\/www.sago-bikes.com\/fr\/wp-json\/wp\/v2\/product_cat?post=240476"},{"taxonomy":"product_tag","embeddable":true,"href":"https:\/\/www.sago-bikes.com\/fr\/wp-json\/wp\/v2\/product_tag?post=240476"}],"curies":[{"name":"wp","href":"https:\/\/api.w.org\/{rel}","templated":true}]}}