{"id":240480,"date":"2025-10-01T17:05:27","date_gmt":"2025-10-01T15:05:27","guid":{"rendered":"https:\/\/www.sago-bikes.com\/product\/cube-kathmandu-hybrid-one11-hpc-pro-800-hazebluenblue-3\/"},"modified":"2025-10-01T17:07:17","modified_gmt":"2025-10-01T15:07:17","slug":"cube-kathmandu-hybrid-one11-hpc-pro-800-hazebluenblue","status":"publish","type":"product","link":"https:\/\/www.sago-bikes.com\/fr\/product\/cube-kathmandu-hybrid-one11-hpc-pro-800-hazebluenblue\/","title":{"rendered":"Cube Kathmandu Hybrid ONE11 HPC Pro 800 hazeblue\u00b4n\u00b4blue"},"content":{"rendered":"<p>Le Kathmandu Hybrid ONE11 HPC Pro apporte la technologie de la suspension int\u00e9grale \u00e0 un v\u00e9lo de randonn\u00e9e aliment\u00e9 par Bosch, ce qui signifie plus de confort et une meilleure adh\u00e9rence, m\u00eame sur les routes accident\u00e9es ou non pav\u00e9es. La fourche suspendue pneumatique Suntour XCR34X et l&rsquo;amortisseur arri\u00e8re Suntour Edge 2CR offrent jusqu&rsquo;\u00e0 100 mm de d\u00e9battement pour absorber les vibrations et les bosses. Il y a bien s\u00fbr un porte-bagage \u00e0 l\u0092arri\u00e8re IC 3.0 pour tout ce que vous emportez avec vous. Les vitesses Shimano Cues 1&#215;11, fiables et faciles \u00e0 utiliser, sont associ\u00e9es \u00e0 la puissante transmission CX de Bosch et \u00e0 la batterie 800 Wh pour vous emmener \u00e0 destination, avec des pneus Schwalbe Marathon Efficiency 55 mm accrocheurs et durables. Une potence r\u00e9glable et une tige de selle t\u00e9lescopique ajoutent au confort. Et ses puissants freins \u00e0 disque hydrauliques Shimano vous assurent un contr\u00f4le total de tous les instants.<\/p>\n","protected":false},"excerpt":{"rendered":"<p>KATHMANDU HYBRID ONE11 HPC<\/p>\n","protected":false},"featured_media":240238,"comment_status":"open","ping_status":"open","template":"","meta":{"_et_pb_use_builder":"","_et_pb_old_content":"","_et_gb_content_width":""},"product_cat":[69],"product_tag":[],"class_list":{"0":"post-240480","1":"product","2":"type-product","3":"status-publish","4":"has-post-thumbnail","6":"product_cat-velos-electriques","7":"pa_batterie-bosch-powertube-800-2","8":"pa_bremse-shimano-br-mt420-hydr-disc-brake-203-203-2","9":"pa_daempfer-sr-suntour-edgex-2cr-165x45mm-trunnion-mount-2","10":"pa_farbe-hazebluenblue-2","11":"pa_gabel-sr-suntour-xcr34x-air-tapered-15x110mm-100mm-2","12":"pa_gepaecktraeger-acid-integrated-carrier-3-0-cube-adapter-compatible-2","13":"pa_gewicht-269-kg-2","14":"pa_glocke-reich-cycle-bells-ringsound-2","15":"pa_griffe-acid-travel-comfort-2","16":"pa_groessen-classic-50cm-54cm-58cm-62cm-2","17":"pa_jahr-2026-fr","18":"pa_kassette-shimano-cues-cs-lg400-11-50t-2","19":"pa_kurbelgarnitur-acid-mtb-hybrid-pro-40t-2","20":"pa_ladegeraet-bosch-2a-2","21":"pa_laufradsatz-acid-pro-25-32-32-spokes-15x110mm-12x148mm-tubeless-ready-2","22":"pa_lenker-cube-comfort-trail-bar-hd-700mm-2","23":"pa_motor-bosch-drive-unit-performance-line-cx-max-100nm-bdu38-2","24":"pa_pedale-acid-pp-trekking-2","25":"pa_rahmen-c62-monocoque-advanced-twin-mold-technology-aluminium-6061-t6-rear-triangle-efficient-trail-control-fsp-4-link-efficient-comfort-geometry-boost-148-udh-full-integrated-battery-adv-2","26":"pa_rahmenbeschreibung-le-kathmandu-hybrid-one11-hpc-de-cube-combine-tout-ce-que-nous-savons-sur-les-velos-a-suspension-integrale-et-les-velos-de-randonnee-robustes-dans-un-seul-cadre-il-represente-une-nouvelle-race","27":"pa_reifen-schwalbe-marathon-efficiency-perfl-55-622-2","28":"pa_remote-bosch-purion-200-with-integrated-display-2","29":"pa_ruecklicht-acid-mudguard-rear-light-pro-e-12v-dc-2","30":"pa_sattel-acid-sequence-180-2","31":"pa_sattelstuetze-cube-dropper-post-handlebar-lever-internal-cable-routing-31-6mm-2","32":"pa_schalthebel-shimano-cues-sl-u6000-rapidfire-plus-2","33":"pa_schaltwerk-shimano-cues-rd-u6000-gs-2","34":"pa_scheinwerfer-acid-front-light-pro-e-60-x-connect-12v-dc-2","35":"pa_schutzblech-acid-65-60-integrated-carrier-3-0-sic-2-0-2","36":"pa_staender-acid-fm-pure-kickstand-2","37":"pa_steuersatz-acros-azf-1035-icr-integrated-cable-routing-top-zero-stack-1-1-2-zs-56mm-bottom-zero-stack-1-1-2-zs-56mm-hic-2","38":"pa_typ-city-tour-2","39":"pa_unterkategorie-offroad-fr","40":"pa_vorbau-cube-comfort-stem-pro-31-8mm-adjustable-2","42":"first","43":"instock","44":"purchasable","45":"product-type-simple"},"_links":{"self":[{"href":"https:\/\/www.sago-bikes.com\/fr\/wp-json\/wp\/v2\/product\/240480","targetHints":{"allow":["GET"]}}],"collection":[{"href":"https:\/\/www.sago-bikes.com\/fr\/wp-json\/wp\/v2\/product"}],"about":[{"href":"https:\/\/www.sago-bikes.com\/fr\/wp-json\/wp\/v2\/types\/product"}],"replies":[{"embeddable":true,"href":"https:\/\/www.sago-bikes.com\/fr\/wp-json\/wp\/v2\/comments?post=240480"}],"wp:featuredmedia":[{"embeddable":true,"href":"https:\/\/www.sago-bikes.com\/fr\/wp-json\/wp\/v2\/media\/240238"}],"wp:attachment":[{"href":"https:\/\/www.sago-bikes.com\/fr\/wp-json\/wp\/v2\/media?parent=240480"}],"wp:term":[{"taxonomy":"product_cat","embeddable":true,"href":"https:\/\/www.sago-bikes.com\/fr\/wp-json\/wp\/v2\/product_cat?post=240480"},{"taxonomy":"product_tag","embeddable":true,"href":"https:\/\/www.sago-bikes.com\/fr\/wp-json\/wp\/v2\/product_tag?post=240480"}],"curies":[{"name":"wp","href":"https:\/\/api.w.org\/{rel}","templated":true}]}}